{"id":19394,"date":"2025-08-29T10:11:13","date_gmt":"2025-08-29T09:11:13","guid":{"rendered":"https:\/\/lomestar.de\/textildruck\/?post_type=product&#038;p=19394"},"modified":"2025-08-29T10:33:34","modified_gmt":"2025-08-29T09:33:34","slug":"influence-hoodie","status":"publish","type":"product","link":"https:\/\/lomestar.de\/textildruck\/textilien\/influence-hoodie\/","title":{"rendered":"Influence Hoodie"},"content":{"rendered":"","protected":false},"excerpt":{"rendered":"<ul>\n<li>Gender Neutral<\/li>\n<li>Angeraute Fleece-Innenseite<\/li>\n<li>Mit Seitenn\u00e4hten<\/li>\n<li>Strapazierf\u00e4higer Stoff, der sich robust und fest anf\u00fchlt<\/li>\n<li>Die abfallende Schulterpartie und der Oversized-Look sorgen f\u00fcr eine legere Passform<\/li>\n<li>Gef\u00fctterte Kapuze mit Abn\u00e4hern ohne Kordelz\u00fcge<\/li>\n<li>Hochwertige B\u00fcndchen und hochwertiger Saum in 1&#215;1-Ripp<\/li>\n<li>K\u00e4ngurutasche<\/li>\n<\/ul>\n","protected":false},"featured_media":19416,"template":"","meta":{"site-sidebar-layout":"default","site-content-layout":"","ast-site-content-layout":"default","site-content-style":"default","site-sidebar-style":"default","ast-global-header-display":"","ast-banner-title-visibility":"","ast-main-header-display":"","ast-hfb-above-header-display":"","ast-hfb-below-header-display":"","ast-hfb-mobile-header-display":"","site-post-title":"","ast-breadcrumbs-content":"","ast-featured-img":"","footer-sml-layout":"","ast-disable-related-posts":"","theme-transparent-header-meta":"default","adv-header-id-meta":"","stick-header-meta":"default","header-above-stick-meta":"","header-main-stick-meta":"","header-below-stick-meta":"","astra-migrate-meta-layouts":"set","ast-page-background-enabled":"default","ast-page-background-meta":{"desktop":{"background-color":"","background-image":"","background-repeat":"repeat","background-position":"center center","background-size":"auto","background-attachment":"scroll","background-type":"","background-media":"","overlay-type":"","overlay-color":"","overlay-opacity":"","overlay-gradient":""},"tablet":{"background-color":"","background-image":"","background-repeat":"repeat","background-position":"center center","background-size":"auto","background-attachment":"scroll","background-type":"","background-media":"","overlay-type":"","overlay-color":"","overlay-opacity":"","overlay-gradient":""},"mobile":{"background-color":"","background-image":"","background-repeat":"repeat","background-position":"center center","background-size":"auto","background-attachment":"scroll","background-type":"","background-media":"","overlay-type":"","overlay-color":"","overlay-opacity":"","overlay-gradient":""}},"ast-content-background-meta":{"desktop":{"background-color":"var(--ast-global-color-5)","background-image":"","background-repeat":"repeat","background-position":"center center","background-size":"auto","background-attachment":"scroll","background-type":"","background-media":"","overlay-type":"","overlay-color":"","overlay-opacity":"","overlay-gradient":""},"tablet":{"background-color":"var(--ast-global-color-5)","background-image":"","background-repeat":"repeat","background-position":"center center","background-size":"auto","background-attachment":"scroll","background-type":"","background-media":"","overlay-type":"","overlay-color":"","overlay-opacity":"","overlay-gradient":""},"mobile":{"background-color":"var(--ast-global-color-5)","background-image":"","background-repeat":"repeat","background-position":"center center","background-size":"auto","background-attachment":"scroll","background-type":"","background-media":"","overlay-type":"","overlay-color":"","overlay-opacity":"","overlay-gradient":""}}},"pwb-brand":[1025],"product_brand":[],"product_cat":[27],"product_tag":[123,596,127,1447],"class_list":{"0":"post-19394","1":"product","2":"type-product","3":"status-publish","4":"has-post-thumbnail","6":"pwb-brand-bc-collection","7":"product_cat-hoodies","8":"product_tag-kapuze","9":"product_tag-polyester","10":"product_tag-pullover","11":"product_tag-recycelt","12":"desktop-align-center","13":"tablet-align-center","14":"mobile-align-center","15":"ast-product-gallery-layout-horizontal","16":"ast-product-single-variable","17":"ast-product-tabs-layout-horizontal","18":"ast-qv-on-image","20":"first","21":"instock","22":"shipping-taxable","23":"purchasable","24":"product-type-variable"},"brands":[{"id":1025,"name":"B&amp;C Collection","slug":"bc-collection"}],"_links":{"self":[{"href":"https:\/\/lomestar.de\/textildruck\/wp-json\/wp\/v2\/product\/19394","targetHints":{"allow":["GET"]}}],"collection":[{"href":"https:\/\/lomestar.de\/textildruck\/wp-json\/wp\/v2\/product"}],"about":[{"href":"https:\/\/lomestar.de\/textildruck\/wp-json\/wp\/v2\/types\/product"}],"wp:featuredmedia":[{"embeddable":true,"href":"https:\/\/lomestar.de\/textildruck\/wp-json\/wp\/v2\/media\/19416"}],"wp:attachment":[{"href":"https:\/\/lomestar.de\/textildruck\/wp-json\/wp\/v2\/media?parent=19394"}],"wp:term":[{"taxonomy":"pwb-brand","embeddable":true,"href":"https:\/\/lomestar.de\/textildruck\/wp-json\/wp\/v2\/pwb-brand?post=19394"},{"taxonomy":"product_brand","embeddable":true,"href":"https:\/\/lomestar.de\/textildruck\/wp-json\/wp\/v2\/product_brand?post=19394"},{"taxonomy":"product_cat","embeddable":true,"href":"https:\/\/lomestar.de\/textildruck\/wp-json\/wp\/v2\/product_cat?post=19394"},{"taxonomy":"product_tag","embeddable":true,"href":"https:\/\/lomestar.de\/textildruck\/wp-json\/wp\/v2\/product_tag?post=19394"}],"curies":[{"name":"wp","href":"https:\/\/api.w.org\/{rel}","templated":true}]}}