{"id":13271,"date":"2021-08-04T08:59:18","date_gmt":"2021-08-04T07:59:18","guid":{"rendered":"https:\/\/lomestar.de\/textildruck\/?post_type=product&#038;p=13271"},"modified":"2025-07-17T10:11:57","modified_gmt":"2025-07-17T09:11:57","slug":"casual-polycotton-polo-kids","status":"publish","type":"product","link":"https:\/\/lomestar.de\/textildruck\/textilien\/casual-polycotton-polo-kids\/","title":{"rendered":"Casual Polycotton Polo Kids"},"content":{"rendered":"","protected":false},"excerpt":{"rendered":"<ul>\n<li>Ringgesponnene Baumwolle<\/li>\n<li>Einzigartige Doppelgarn-Konstruktion<\/li>\n<li>Seitenschlitze f\u00fcr hohe Bequemlichkeit<\/li>\n<li>Nackenband<\/li>\n<li>Verst\u00e4rkte Schulternaht<\/li>\n<li>Ersatzknopf in der Seitennaht<\/li>\n<li>Doppelnaht am Bund<\/li>\n<li>2-Knopfleiste mit farblich abgestimmten Kn\u00f6pfen<\/li>\n<li>Gerade \u00c4rmel mit Sto\u00dfkantenverst\u00e4rkung (Zweinadeltechnik)<\/li>\n<li>Feiner Piqu\u00e9stoff f\u00fcr hervorragende Veredelung<\/li>\n<\/ul>\n","protected":false},"featured_media":18447,"template":"","meta":{"site-sidebar-layout":"default","site-content-layout":"default","ast-site-content-layout":"default","site-content-style":"default","site-sidebar-style":"default","ast-global-header-display":"","ast-banner-title-visibility":"","ast-main-header-display":"","ast-hfb-above-header-display":"","ast-hfb-below-header-display":"","ast-hfb-mobile-header-display":"","site-post-title":"","ast-breadcrumbs-content":"","ast-featured-img":"","footer-sml-layout":"","ast-disable-related-posts":"","theme-transparent-header-meta":"default","adv-header-id-meta":"","stick-header-meta":"default","header-above-stick-meta":"","header-main-stick-meta":"","header-below-stick-meta":"","astra-migrate-meta-layouts":"set","ast-page-background-enabled":"default","ast-page-background-meta":{"desktop":{"background-color":"","background-image":"","background-repeat":"repeat","background-position":"center center","background-size":"auto","background-attachment":"scroll","background-type":"","background-media":"","overlay-type":"","overlay-color":"","overlay-opacity":"","overlay-gradient":""},"tablet":{"background-color":"","background-image":"","background-repeat":"repeat","background-position":"center center","background-size":"auto","background-attachment":"scroll","background-type":"","background-media":"","overlay-type":"","overlay-color":"","overlay-opacity":"","overlay-gradient":""},"mobile":{"background-color":"","background-image":"","background-repeat":"repeat","background-position":"center center","background-size":"auto","background-attachment":"scroll","background-type":"","background-media":"","overlay-type":"","overlay-color":"","overlay-opacity":"","overlay-gradient":""}},"ast-content-background-meta":{"desktop":{"background-color":"var(--ast-global-color-5)","background-image":"","background-repeat":"repeat","background-position":"center center","background-size":"auto","background-attachment":"scroll","background-type":"","background-media":"","overlay-type":"","overlay-color":"","overlay-opacity":"","overlay-gradient":""},"tablet":{"background-color":"var(--ast-global-color-5)","background-image":"","background-repeat":"repeat","background-position":"center center","background-size":"auto","background-attachment":"scroll","background-type":"","background-media":"","overlay-type":"","overlay-color":"","overlay-opacity":"","overlay-gradient":""},"mobile":{"background-color":"var(--ast-global-color-5)","background-image":"","background-repeat":"repeat","background-position":"center center","background-size":"auto","background-attachment":"scroll","background-type":"","background-media":"","overlay-type":"","overlay-color":"","overlay-opacity":"","overlay-gradient":""}}},"pwb-brand":[33],"product_brand":[],"product_cat":[81],"product_tag":[31,1149],"class_list":{"0":"post-13271","1":"product","2":"type-product","3":"status-publish","4":"has-post-thumbnail","6":"pwb-brand-russell","7":"product_cat-polo-shirts","8":"product_tag-kinder","9":"product_tag-polo","10":"desktop-align-center","11":"tablet-align-center","12":"mobile-align-center","13":"ast-product-gallery-layout-horizontal","14":"ast-product-single-variable","15":"ast-product-tabs-layout-horizontal","16":"ast-qv-on-image","18":"first","19":"instock","20":"shipping-taxable","21":"purchasable","22":"product-type-variable"},"brands":[{"id":33,"name":"Russell","slug":"russell"}],"_links":{"self":[{"href":"https:\/\/lomestar.de\/textildruck\/wp-json\/wp\/v2\/product\/13271","targetHints":{"allow":["GET"]}}],"collection":[{"href":"https:\/\/lomestar.de\/textildruck\/wp-json\/wp\/v2\/product"}],"about":[{"href":"https:\/\/lomestar.de\/textildruck\/wp-json\/wp\/v2\/types\/product"}],"wp:featuredmedia":[{"embeddable":true,"href":"https:\/\/lomestar.de\/textildruck\/wp-json\/wp\/v2\/media\/18447"}],"wp:attachment":[{"href":"https:\/\/lomestar.de\/textildruck\/wp-json\/wp\/v2\/media?parent=13271"}],"wp:term":[{"taxonomy":"pwb-brand","embeddable":true,"href":"https:\/\/lomestar.de\/textildruck\/wp-json\/wp\/v2\/pwb-brand?post=13271"},{"taxonomy":"product_brand","embeddable":true,"href":"https:\/\/lomestar.de\/textildruck\/wp-json\/wp\/v2\/product_brand?post=13271"},{"taxonomy":"product_cat","embeddable":true,"href":"https:\/\/lomestar.de\/textildruck\/wp-json\/wp\/v2\/product_cat?post=13271"},{"taxonomy":"product_tag","embeddable":true,"href":"https:\/\/lomestar.de\/textildruck\/wp-json\/wp\/v2\/product_tag?post=13271"}],"curies":[{"name":"wp","href":"https:\/\/api.w.org\/{rel}","templated":true}]}}