{"id":3246,"date":"2020-02-04T15:51:56","date_gmt":"2020-02-04T14:51:56","guid":{"rendered":"https:\/\/app-web-ls-wp.azurewebsites.net\/textildruck\/?page_id=3246"},"modified":"2023-04-20T10:23:57","modified_gmt":"2023-04-20T09:23:57","slug":"siebdruck","status":"publish","type":"page","link":"https:\/\/lomestar.de\/textildruck\/siebdruck\/","title":{"rendered":"Siebdruck"},"content":{"rendered":"\t\t<div data-elementor-type=\"wp-page\" data-elementor-id=\"3246\" class=\"elementor elementor-3246\" data-elementor-post-type=\"page\">\n\t\t\t\t\t\t<section class=\"elementor-section elementor-top-section elementor-element elementor-element-6461ef1 elementor-section-boxed elementor-section-height-default elementor-section-height-default\" data-id=\"6461ef1\" data-element_type=\"section\" data-e-type=\"section\">\n\t\t\t\t\t\t<div class=\"elementor-container elementor-column-gap-default\">\n\t\t\t\t\t<div class=\"elementor-column elementor-col-100 elementor-top-column elementor-element elementor-element-f134829\" data-id=\"f134829\" data-element_type=\"column\" data-e-type=\"column\">\n\t\t\t<div class=\"elementor-widget-wrap elementor-element-populated\">\n\t\t\t\t\t\t<div class=\"elementor-element elementor-element-71c56b2 elementor-widget elementor-widget-heading\" data-id=\"71c56b2\" data-element_type=\"widget\" data-e-type=\"widget\" data-widget_type=\"heading.default\">\n\t\t\t\t<div class=\"elementor-widget-container\">\n\t\t\t\t\t<h2 class=\"elementor-heading-title elementor-size-default\">Das Siebdruckverfahren<\/h2>\t\t\t\t<\/div>\n\t\t\t\t<\/div>\n\t\t\t\t<section class=\"elementor-section elementor-inner-section elementor-element elementor-element-69ce5df elementor-section-boxed elementor-section-height-default elementor-section-height-default\" data-id=\"69ce5df\" data-element_type=\"section\" data-e-type=\"section\">\n\t\t\t\t\t\t<div class=\"elementor-container elementor-column-gap-default\">\n\t\t\t\t\t<div class=\"elementor-column elementor-col-50 elementor-inner-column elementor-element elementor-element-d21aa29\" data-id=\"d21aa29\" data-element_type=\"column\" data-e-type=\"column\">\n\t\t\t<div class=\"elementor-widget-wrap elementor-element-populated\">\n\t\t\t\t\t\t<div class=\"elementor-element elementor-element-d92dff3 elementor-widget elementor-widget-text-editor\" data-id=\"d92dff3\" data-element_type=\"widget\" data-e-type=\"widget\" data-widget_type=\"text-editor.default\">\n\t\t\t\t<div class=\"elementor-widget-container\">\n\t\t\t\t\t\t\t\t\t<p>Der Siebdruck ist ein sehr hochwertiges Druckverfahren, welches bunte Motive detailgetreu wiedergibt. Er zeichnet sich durch seine hohe Waschbest\u00e4ndigkeit und Farbbrillanz aus, da es sich um einen Direktdruck handelt. Das hei\u00dft, es wird direkt auf das <strong><a href=\"https:\/\/lomestar.de\/textildruck\/textilien\/\">Textil<\/a><\/strong> gedruckt, ohne den Gebrauch von Transfermaterialien. Weltweit ist der gr\u00f6\u00dfte Teil der Shirts mit Siebdruck veredelt.<\/p><p>Je mehr <strong><a href=\"https:\/\/lomestar.de\/textildruck\/druckfarben\/\">Druckfarben<\/a><\/strong> gew\u00fcnscht sind, desto kostenintensiver wird der Druck. Der Druck wird jedoch g\u00fcnstiger, je mehr Textilien ben\u00f6tigt werden. Planen Sie also eine gro\u00dfe Menge Textilien zu bedrucken, ist der Siebdruck das g\u00fcnstigste und geeignetste Druckverfahren.<\/p>\t\t\t\t\t\t\t\t<\/div>\n\t\t\t\t<\/div>\n\t\t\t\t\t<\/div>\n\t\t<\/div>\n\t\t\t\t<div class=\"elementor-column elementor-col-50 elementor-inner-column elementor-element elementor-element-3509511\" data-id=\"3509511\" data-element_type=\"column\" data-e-type=\"column\">\n\t\t\t<div class=\"elementor-widget-wrap elementor-element-populated\">\n\t\t\t\t\t\t<div class=\"elementor-element elementor-element-d1a1a6f elementor-widget elementor-widget-image\" data-id=\"d1a1a6f\" data-element_type=\"widget\" data-e-type=\"widget\" data-widget_type=\"image.default\">\n\t\t\t\t<div class=\"elementor-widget-container\">\n\t\t\t\t\t\t\t\t\t\t\t\t\t\t\t<img fetchpriority=\"high\" decoding=\"async\" width=\"1024\" height=\"760\" src=\"https:\/\/lomestar.de\/textildruck\/wp-content\/uploads\/sites\/5\/2020\/05\/Siebdruck_Musterhof.jpg\" class=\"attachment-large size-large wp-image-10744\" alt=\"\" srcset=\"https:\/\/lomestar.de\/textildruck\/wp-content\/uploads\/sites\/5\/2020\/05\/Siebdruck_Musterhof.jpg 1024w, https:\/\/lomestar.de\/textildruck\/wp-content\/uploads\/sites\/5\/2020\/05\/Siebdruck_Musterhof-300x223.jpg 300w, https:\/\/lomestar.de\/textildruck\/wp-content\/uploads\/sites\/5\/2020\/05\/Siebdruck_Musterhof-768x570.jpg 768w, https:\/\/lomestar.de\/textildruck\/wp-content\/uploads\/sites\/5\/2020\/05\/Siebdruck_Musterhof-600x445.jpg 600w\" sizes=\"(max-width: 1024px) 100vw, 1024px\" \/>\t\t\t\t\t\t\t\t\t\t\t\t\t\t\t<\/div>\n\t\t\t\t<\/div>\n\t\t\t\t\t<\/div>\n\t\t<\/div>\n\t\t\t\t\t<\/div>\n\t\t<\/section>\n\t\t\t\t<div class=\"elementor-element elementor-element-3367c67 elementor-hidden-mobile elementor-widget elementor-widget-heading\" data-id=\"3367c67\" data-element_type=\"widget\" data-e-type=\"widget\" data-widget_type=\"heading.default\">\n\t\t\t\t<div class=\"elementor-widget-container\">\n\t\t\t\t\t<h3 class=\"elementor-heading-title elementor-size-default\">So funktioniert der Siebdruck<\/h3>\t\t\t\t<\/div>\n\t\t\t\t<\/div>\n\t\t\t\t<div class=\"elementor-element elementor-element-97656ee elementor-hidden-mobile elementor-widget elementor-widget-text-editor\" data-id=\"97656ee\" data-element_type=\"widget\" data-e-type=\"widget\" data-widget_type=\"text-editor.default\">\n\t\t\t\t<div class=\"elementor-widget-container\">\n\t\t\t\t\t\t\t\t\t<p>Beim Siebdruckverfahren wird die Farbe mittels einer Gummirakel durch ein Sieb direkt auf das Textil gedruckt. Pro Farbe wird jeweils ein feinmaschiges Sieb beschichtet und in einen Rahmen gespannt. Dabei bleiben die zu bedruckenden Stellen offen und der Rest wird mit einer Schablone abgedeckt, sodass keine Farbe durchkommt. Bei dunklen Textilien ist ein ein wei\u00dfer Vordruck n\u00f6tig, damit die Deckkraft und Farbbrillanz gew\u00e4hrleistet werden kann.<\/p><p>Sobald die Textilien bedruckt wurden, kommen sie in einen Trockenkanal, in dem sich ein Trockofen befindet. Nachdem die Farbe getrocknet ist, sind die Textilien bereit an Sie versendet zu werden.<\/p><p>F\u00fcr den Siebdruck verwendet man Pigment- und Plastisolfarben, die sehr langlebig und haltbar sind. Wir empfehlen trotzdem, die bedruckte W\u00e4sche nicht hei\u00dfer als 40\u00b0C zu waschen, um die Haltbarkeit zu gew\u00e4hrleisten.<\/p>\t\t\t\t\t\t\t\t<\/div>\n\t\t\t\t<\/div>\n\t\t\t\t<div class=\"elementor-element elementor-element-0dfe5d4 elementor-widget elementor-widget-heading\" data-id=\"0dfe5d4\" data-element_type=\"widget\" data-e-type=\"widget\" data-widget_type=\"heading.default\">\n\t\t\t\t<div class=\"elementor-widget-container\">\n\t\t\t\t\t<h3 class=\"elementor-heading-title elementor-size-default\">Siebdruckpreise<\/h3>\t\t\t\t<\/div>\n\t\t\t\t<\/div>\n\t\t\t\t<div class=\"elementor-element elementor-element-c5de5f6 elementor-widget elementor-widget-image\" data-id=\"c5de5f6\" data-element_type=\"widget\" data-e-type=\"widget\" data-widget_type=\"image.default\">\n\t\t\t\t<div class=\"elementor-widget-container\">\n\t\t\t\t\t\t\t\t\t\t\t\t\t\t\t<img decoding=\"async\" width=\"921\" height=\"185\" src=\"https:\/\/lomestar.de\/textildruck\/wp-content\/uploads\/sites\/5\/2023\/04\/SiebdruckpreislisteNeuTD.png\" class=\"attachment-large size-large wp-image-15295\" alt=\"\" srcset=\"https:\/\/lomestar.de\/textildruck\/wp-content\/uploads\/sites\/5\/2023\/04\/SiebdruckpreislisteNeuTD.png 921w, https:\/\/lomestar.de\/textildruck\/wp-content\/uploads\/sites\/5\/2023\/04\/SiebdruckpreislisteNeuTD-300x60.png 300w, https:\/\/lomestar.de\/textildruck\/wp-content\/uploads\/sites\/5\/2023\/04\/SiebdruckpreislisteNeuTD-768x154.png 768w, https:\/\/lomestar.de\/textildruck\/wp-content\/uploads\/sites\/5\/2023\/04\/SiebdruckpreislisteNeuTD-600x121.png 600w\" sizes=\"(max-width: 921px) 100vw, 921px\" \/>\t\t\t\t\t\t\t\t\t\t\t\t\t\t\t<\/div>\n\t\t\t\t<\/div>\n\t\t\t\t<div class=\"elementor-element elementor-element-a97093b elementor-widget elementor-widget-text-editor\" data-id=\"a97093b\" data-element_type=\"widget\" data-e-type=\"widget\" data-widget_type=\"text-editor.default\">\n\t\t\t\t<div class=\"elementor-widget-container\">\n\t\t\t\t\t\t\t\t\t<p style=\"font-size: 16px; font-style: normal; font-weight: 400;\">Bei allen angegebenen Preisen handelt es sich um St\u00fcckpreise inkl. 19% MwSt.<\/p><p><span style=\"font-size: 16px;\">Die genannten Preise dienen zur Orientierung. F\u00fcr Wiederbesteller und somit Premiumkunden ermitteln wir exklusive Festpreise, mit denen Sie bei uns immer kalkuierbare Preise bezahlen. So haben auch Nachbestellungen mit geringeren St\u00fcckzahlen den gleichen Preis wie gro\u00dfe Bestellmengen.<\/span><\/p><p><span style=\"font-size: 16px;\">Die Einrichtungskosten fallen pro Farbe und Motiv, unabh\u00e4ngig von der St\u00fcckzahl, nur einmalig an. Diese enthalten die Erstellung der Filme und die Einrichtung der Siebe. Einrichtungskosten pro Farbe und Motiv: 40,- \u20ac<\/span><\/p>\t\t\t\t\t\t\t\t<\/div>\n\t\t\t\t<\/div>\n\t\t\t\t<div class=\"elementor-element elementor-element-cd438a3 elementor-align-center elementor-widget elementor-widget-button\" data-id=\"cd438a3\" data-element_type=\"widget\" data-e-type=\"widget\" data-widget_type=\"button.default\">\n\t\t\t\t<div class=\"elementor-widget-container\">\n\t\t\t\t\t\t\t\t\t<div class=\"elementor-button-wrapper\">\n\t\t\t\t\t<a class=\"elementor-button elementor-button-link elementor-size-xs\" href=\"https:\/\/lomestar.de\/textildruck\/angebot-anfordern\">\n\t\t\t\t\t\t<span class=\"elementor-button-content-wrapper\">\n\t\t\t\t\t\t\t\t\t<span class=\"elementor-button-text\">Angebot kostenfrei anfordern<\/span>\n\t\t\t\t\t<\/span>\n\t\t\t\t\t<\/a>\n\t\t\t\t<\/div>\n\t\t\t\t\t\t\t\t<\/div>\n\t\t\t\t<\/div>\n\t\t\t\t\t<\/div>\n\t\t<\/div>\n\t\t\t\t\t<\/div>\n\t\t<\/section>\n\t\t\t\t<\/div>\n\t\t","protected":false},"excerpt":{"rendered":"<p>Das Siebdruckverfahren Der Siebdruck ist ein sehr hochwertiges Druckverfahren, welches bunte Motive detailgetreu wiedergibt. Er zeichnet sich durch seine hohe Waschbest\u00e4ndigkeit und Farbbrillanz aus, da es sich um einen Direktdruck handelt. Das hei\u00dft, es wird direkt auf das Textil gedruckt, ohne den Gebrauch von Transfermaterialien. Weltweit ist der gr\u00f6\u00dfte Teil der Shirts mit Siebdruck veredelt. [&hellip;]<\/p>\n","protected":false},"author":3,"featured_media":0,"parent":0,"menu_order":0,"comment_status":"closed","ping_status":"closed","template":"","meta":{"site-sidebar-layout":"no-sidebar","site-content-layout":"page-builder","ast-site-content-layout":"default","site-content-style":"default","site-sidebar-style":"default","ast-global-header-display":"","ast-banner-title-visibility":"","ast-main-header-display":"","ast-hfb-above-header-display":"","ast-hfb-below-header-display":"","ast-hfb-mobile-header-display":"","site-post-title":"disabled","ast-breadcrumbs-content":"","ast-featured-img":"disabled","footer-sml-layout":"","ast-disable-related-posts":"","theme-transparent-header-meta":"default","adv-header-id-meta":"","stick-header-meta":"default","header-above-stick-meta":"","header-main-stick-meta":"","header-below-stick-meta":"","astra-migrate-meta-layouts":"default","ast-page-background-enabled":"default","ast-page-background-meta":{"desktop":{"background-color":"","background-image":"","background-repeat":"repeat","background-position":"center center","background-size":"auto","background-attachment":"scroll","background-type":"","background-media":"","overlay-type":"","overlay-color":"","overlay-opacity":"","overlay-gradient":""},"tablet":{"background-color":"","background-image":"","background-repeat":"repeat","background-position":"center center","background-size":"auto","background-attachment":"scroll","background-type":"","background-media":"","overlay-type":"","overlay-color":"","overlay-opacity":"","overlay-gradient":""},"mobile":{"background-color":"","background-image":"","background-repeat":"repeat","background-position":"center center","background-size":"auto","background-attachment":"scroll","background-type":"","background-media":"","overlay-type":"","overlay-color":"","overlay-opacity":"","overlay-gradient":""}},"ast-content-background-meta":{"desktop":{"background-color":"var(--ast-global-color-5)","background-image":"","background-repeat":"repeat","background-position":"center center","background-size":"auto","background-attachment":"scroll","background-type":"","background-media":"","overlay-type":"","overlay-color":"","overlay-opacity":"","overlay-gradient":""},"tablet":{"background-color":"var(--ast-global-color-5)","background-image":"","background-repeat":"repeat","background-position":"center center","background-size":"auto","background-attachment":"scroll","background-type":"","background-media":"","overlay-type":"","overlay-color":"","overlay-opacity":"","overlay-gradient":""},"mobile":{"background-color":"var(--ast-global-color-5)","background-image":"","background-repeat":"repeat","background-position":"center center","background-size":"auto","background-attachment":"scroll","background-type":"","background-media":"","overlay-type":"","overlay-color":"","overlay-opacity":"","overlay-gradient":""}},"footnotes":""},"folder":[],"class_list":["post-3246","page","type-page","status-publish","hentry"],"_links":{"self":[{"href":"https:\/\/lomestar.de\/textildruck\/wp-json\/wp\/v2\/pages\/3246","targetHints":{"allow":["GET"]}}],"collection":[{"href":"https:\/\/lomestar.de\/textildruck\/wp-json\/wp\/v2\/pages"}],"about":[{"href":"https:\/\/lomestar.de\/textildruck\/wp-json\/wp\/v2\/types\/page"}],"author":[{"embeddable":true,"href":"https:\/\/lomestar.de\/textildruck\/wp-json\/wp\/v2\/users\/3"}],"replies":[{"embeddable":true,"href":"https:\/\/lomestar.de\/textildruck\/wp-json\/wp\/v2\/comments?post=3246"}],"version-history":[{"count":0,"href":"https:\/\/lomestar.de\/textildruck\/wp-json\/wp\/v2\/pages\/3246\/revisions"}],"wp:attachment":[{"href":"https:\/\/lomestar.de\/textildruck\/wp-json\/wp\/v2\/media?parent=3246"}],"wp:term":[{"taxonomy":"folder","embeddable":true,"href":"https:\/\/lomestar.de\/textildruck\/wp-json\/wp\/v2\/folder?post=3246"}],"curies":[{"name":"wp","href":"https:\/\/api.w.org\/{rel}","templated":true}]}}