{"id":3210,"date":"2020-02-04T15:06:53","date_gmt":"2020-02-04T14:06:53","guid":{"rendered":"https:\/\/app-web-ls-wp.azurewebsites.net\/textildruck\/?page_id=3210"},"modified":"2023-04-20T10:12:52","modified_gmt":"2023-04-20T09:12:52","slug":"kleidung-fuer-jeden-anlass","status":"publish","type":"page","link":"https:\/\/lomestar.de\/textildruck\/kleidung-fuer-jeden-anlass\/","title":{"rendered":"Kleidung f\u00fcr jeden Anlass"},"content":{"rendered":"\t\t<div data-elementor-type=\"wp-page\" data-elementor-id=\"3210\" class=\"elementor elementor-3210\" data-elementor-post-type=\"page\">\n\t\t\t\t\t\t<section class=\"elementor-section elementor-top-section elementor-element elementor-element-e02d650 elementor-section-boxed elementor-section-height-default elementor-section-height-default\" data-id=\"e02d650\" data-element_type=\"section\" data-e-type=\"section\">\n\t\t\t\t\t\t<div class=\"elementor-container elementor-column-gap-default\">\n\t\t\t\t\t<div class=\"elementor-column elementor-col-100 elementor-top-column elementor-element elementor-element-a1733d3\" data-id=\"a1733d3\" data-element_type=\"column\" data-e-type=\"column\">\n\t\t\t<div class=\"elementor-widget-wrap elementor-element-populated\">\n\t\t\t\t\t\t<div class=\"elementor-element elementor-element-e6a8e54 elementor-widget elementor-widget-heading\" data-id=\"e6a8e54\" data-element_type=\"widget\" data-e-type=\"widget\" data-widget_type=\"heading.default\">\n\t\t\t\t<div class=\"elementor-widget-container\">\n\t\t\t\t\t<h2 class=\"elementor-heading-title elementor-size-default\">Pr\u00e4sentieren Sie Ihre Gruppe in einem einheitlichen Look. <\/h2>\t\t\t\t<\/div>\n\t\t\t\t<\/div>\n\t\t\t\t<div class=\"elementor-element elementor-element-b5e669e elementor-widget elementor-widget-text-editor\" data-id=\"b5e669e\" data-element_type=\"widget\" data-e-type=\"widget\" data-widget_type=\"text-editor.default\">\n\t\t\t\t<div class=\"elementor-widget-container\">\n\t\t\t\t\t\t\t\t\t<p>LOMESTAR ist der perfekte Partner f\u00fcr individuell veredelte Textilien egal f\u00fcr welchen Anlass. Wir veredeln <strong><a href=\"https:\/\/lomestar.de\/textildruck\/textilien\">Textilien<\/a><\/strong> f\u00fcr Kunden aus verschiedenen Branchen und f\u00fcr diverse Anl\u00e4sse ab einer <b>Bestellmenge von 25 Textilien:<\/b><\/p>\t\t\t\t\t\t\t\t<\/div>\n\t\t\t\t<\/div>\n\t\t\t\t<section class=\"elementor-section elementor-inner-section elementor-element elementor-element-3039552 elementor-section-boxed elementor-section-height-default elementor-section-height-default\" data-id=\"3039552\" data-element_type=\"section\" data-e-type=\"section\">\n\t\t\t\t\t\t<div class=\"elementor-container elementor-column-gap-default\">\n\t\t\t\t\t<div class=\"elementor-column elementor-col-50 elementor-inner-column elementor-element elementor-element-3d64f8f\" data-id=\"3d64f8f\" data-element_type=\"column\" data-e-type=\"column\">\n\t\t\t<div class=\"elementor-widget-wrap elementor-element-populated\">\n\t\t\t\t\t\t<div class=\"elementor-element elementor-element-777b16a elementor-widget elementor-widget-heading\" data-id=\"777b16a\" data-element_type=\"widget\" data-e-type=\"widget\" data-widget_type=\"heading.default\">\n\t\t\t\t<div class=\"elementor-widget-container\">\n\t\t\t\t\t<h3 class=\"elementor-heading-title elementor-size-default\">Vereinskleidung<\/h3>\t\t\t\t<\/div>\n\t\t\t\t<\/div>\n\t\t\t\t<div class=\"elementor-element elementor-element-d2b95c2 elementor-widget elementor-widget-text-editor\" data-id=\"d2b95c2\" data-element_type=\"widget\" data-e-type=\"widget\" data-widget_type=\"text-editor.default\">\n\t\t\t\t<div class=\"elementor-widget-container\">\n\t\t\t\t\t\t\t\t\t<p>Fu\u00dfballvereine, Reitvereine, Angelvereine, Musikvereine, Kegelvereine, Gesangsvereine, Ch\u00f6re, Sch\u00fctzenvereine, Sportvereine, Turnvereine, Wandervereine und viele weitere. Ebenfalls zu unseren Kunden geh\u00f6ren Mitglieder der Feuerwehr.<\/p>\t\t\t\t\t\t\t\t<\/div>\n\t\t\t\t<\/div>\n\t\t\t\t\t<\/div>\n\t\t<\/div>\n\t\t\t\t<div class=\"elementor-column elementor-col-50 elementor-inner-column elementor-element elementor-element-3b4e7e6\" data-id=\"3b4e7e6\" data-element_type=\"column\" data-e-type=\"column\">\n\t\t\t<div class=\"elementor-widget-wrap elementor-element-populated\">\n\t\t\t\t\t\t<div class=\"elementor-element elementor-element-45a5375 elementor-widget elementor-widget-heading\" data-id=\"45a5375\" data-element_type=\"widget\" data-e-type=\"widget\" data-widget_type=\"heading.default\">\n\t\t\t\t<div class=\"elementor-widget-container\">\n\t\t\t\t\t<h3 class=\"elementor-heading-title elementor-size-default\">Teamkleidung<\/h3>\t\t\t\t<\/div>\n\t\t\t\t<\/div>\n\t\t\t\t<div class=\"elementor-element elementor-element-c1cdcb5 elementor-widget elementor-widget-text-editor\" data-id=\"c1cdcb5\" data-element_type=\"widget\" data-e-type=\"widget\" data-widget_type=\"text-editor.default\">\n\t\t\t\t<div class=\"elementor-widget-container\">\n\t\t\t\t\t\t\t\t\t<p>Kunden aus verschiedenen anderen Gruppen und Teams sind zum Beispiel Dartclubs, Skiclubs, Fanclubs, Bikerclubs, Kirchengruppen, Freizeitgruppen, Clans usw.<\/p>\t\t\t\t\t\t\t\t<\/div>\n\t\t\t\t<\/div>\n\t\t\t\t\t<\/div>\n\t\t<\/div>\n\t\t\t\t\t<\/div>\n\t\t<\/section>\n\t\t\t\t<section class=\"elementor-section elementor-inner-section elementor-element elementor-element-a9c3a03 elementor-section-boxed elementor-section-height-default elementor-section-height-default\" data-id=\"a9c3a03\" data-element_type=\"section\" data-e-type=\"section\">\n\t\t\t\t\t\t<div class=\"elementor-container elementor-column-gap-default\">\n\t\t\t\t\t<div class=\"elementor-column elementor-col-50 elementor-inner-column elementor-element elementor-element-a90af28\" data-id=\"a90af28\" data-element_type=\"column\" data-e-type=\"column\">\n\t\t\t<div class=\"elementor-widget-wrap elementor-element-populated\">\n\t\t\t\t\t\t<div class=\"elementor-element elementor-element-39a3447 elementor-widget elementor-widget-heading\" data-id=\"39a3447\" data-element_type=\"widget\" data-e-type=\"widget\" data-widget_type=\"heading.default\">\n\t\t\t\t<div class=\"elementor-widget-container\">\n\t\t\t\t\t<h3 class=\"elementor-heading-title elementor-size-default\">Sportbekleidung und Trikots\n<\/h3>\t\t\t\t<\/div>\n\t\t\t\t<\/div>\n\t\t\t\t<div class=\"elementor-element elementor-element-b305a64 elementor-widget elementor-widget-text-editor\" data-id=\"b305a64\" data-element_type=\"widget\" data-e-type=\"widget\" data-widget_type=\"text-editor.default\">\n\t\t\t\t<div class=\"elementor-widget-container\">\n\t\t\t\t\t\t\t\t\t<p>Mit unseren <strong><a href=\"https:\/\/lomestar.de\/textildruck\/textilien\/?pwb-brand-filter=just-cool-awdis\">Sporttextilien<\/a><\/strong> bleiben Sie immer cool. Unsere speziell ausgew\u00e4hlten Shirts, Tops, Polos und Longsleeves mit Just Cool Neoteric\u2122 haben eine bessere Feuchtigkeitsaufnahme und einen sportlichen Schnitt. Wir bedrucken auch verschiedene Trikots f\u00fcr alle m\u00f6glichen Sportvereine.\u00a0<\/p>\t\t\t\t\t\t\t\t<\/div>\n\t\t\t\t<\/div>\n\t\t\t\t\t<\/div>\n\t\t<\/div>\n\t\t\t\t<div class=\"elementor-column elementor-col-50 elementor-inner-column elementor-element elementor-element-38a30f6\" data-id=\"38a30f6\" data-element_type=\"column\" data-e-type=\"column\">\n\t\t\t<div class=\"elementor-widget-wrap elementor-element-populated\">\n\t\t\t\t\t\t<div class=\"elementor-element elementor-element-a3abc25 elementor-widget elementor-widget-heading\" data-id=\"a3abc25\" data-element_type=\"widget\" data-e-type=\"widget\" data-widget_type=\"heading.default\">\n\t\t\t\t<div class=\"elementor-widget-container\">\n\t\t\t\t\t<h3 class=\"elementor-heading-title elementor-size-default\">Arbeitskleidung<\/h3>\t\t\t\t<\/div>\n\t\t\t\t<\/div>\n\t\t\t\t<div class=\"elementor-element elementor-element-a523d87 elementor-widget elementor-widget-text-editor\" data-id=\"a523d87\" data-element_type=\"widget\" data-e-type=\"widget\" data-widget_type=\"text-editor.default\">\n\t\t\t\t<div class=\"elementor-widget-container\">\n\t\t\t\t\t\t\t\t\t<p>Im Bereich\u00a0Arbeitskleidung bzw. Workwear\u00a0haben wir eine gro\u00dfe Auswahl an verschiedenen\u00a0Textilien\u00a0f\u00fcr alle m\u00f6glichen Branchen. Au\u00dferdem bieten wir nicht nur an, Ihre Textilien zu veredeln, sondern bedrucken auch Taschen, Schl\u00fcsselb\u00e4nder\/Lanyards und weitere Accessoires als passende Werbemittel f\u00fcr Ihre treuen Kunden.<\/p>\t\t\t\t\t\t\t\t<\/div>\n\t\t\t\t<\/div>\n\t\t\t\t\t<\/div>\n\t\t<\/div>\n\t\t\t\t\t<\/div>\n\t\t<\/section>\n\t\t\t\t<section class=\"elementor-section elementor-inner-section elementor-element elementor-element-85db901 elementor-section-boxed elementor-section-height-default elementor-section-height-default\" data-id=\"85db901\" data-element_type=\"section\" data-e-type=\"section\">\n\t\t\t\t\t\t<div class=\"elementor-container elementor-column-gap-default\">\n\t\t\t\t\t<div class=\"elementor-column elementor-col-100 elementor-inner-column elementor-element elementor-element-7a31fc3\" data-id=\"7a31fc3\" data-element_type=\"column\" data-e-type=\"column\">\n\t\t\t<div class=\"elementor-widget-wrap elementor-element-populated\">\n\t\t\t\t\t\t<div class=\"elementor-element elementor-element-af3d78a elementor-widget elementor-widget-heading\" data-id=\"af3d78a\" data-element_type=\"widget\" data-e-type=\"widget\" data-widget_type=\"heading.default\">\n\t\t\t\t<div class=\"elementor-widget-container\">\n\t\t\t\t\t<h3 class=\"elementor-heading-title elementor-size-default\">verschiedene Events<\/h3>\t\t\t\t<\/div>\n\t\t\t\t<\/div>\n\t\t\t\t<div class=\"elementor-element elementor-element-5434250 elementor-widget elementor-widget-text-editor\" data-id=\"5434250\" data-element_type=\"widget\" data-e-type=\"widget\" data-widget_type=\"text-editor.default\">\n\t\t\t\t<div class=\"elementor-widget-container\">\n\t\t\t\t\t\t\t\t\t<p>Ob f\u00fcr das Jubil\u00e4um, den anstehenden Auftritt, Junggesellenabschiede, Festivals oder andere Anl\u00e4sse &#8211; keine W\u00fcnsche bleiben offen!<\/p>\t\t\t\t\t\t\t\t<\/div>\n\t\t\t\t<\/div>\n\t\t\t\t\t<\/div>\n\t\t<\/div>\n\t\t\t\t\t<\/div>\n\t\t<\/section>\n\t\t\t\t<div class=\"elementor-element elementor-element-b7f06fc elementor-widget elementor-widget-image\" data-id=\"b7f06fc\" data-element_type=\"widget\" data-e-type=\"widget\" data-widget_type=\"image.default\">\n\t\t\t\t<div class=\"elementor-widget-container\">\n\t\t\t\t\t\t\t\t\t\t\t\t\t\t\t<img fetchpriority=\"high\" decoding=\"async\" width=\"1000\" height=\"612\" src=\"https:\/\/lomestar.de\/textildruck\/wp-content\/uploads\/sites\/5\/2020\/02\/collage.png\" class=\"attachment-large size-large wp-image-3212\" alt=\"Collage\" srcset=\"https:\/\/lomestar.de\/textildruck\/wp-content\/uploads\/sites\/5\/2020\/02\/collage.png 1000w, https:\/\/lomestar.de\/textildruck\/wp-content\/uploads\/sites\/5\/2020\/02\/collage-300x184.png 300w, https:\/\/lomestar.de\/textildruck\/wp-content\/uploads\/sites\/5\/2020\/02\/collage-768x470.png 768w, https:\/\/lomestar.de\/textildruck\/wp-content\/uploads\/sites\/5\/2020\/02\/collage-600x367.png 600w\" sizes=\"(max-width: 1000px) 100vw, 1000px\" \/>\t\t\t\t\t\t\t\t\t\t\t\t\t\t\t<\/div>\n\t\t\t\t<\/div>\n\t\t\t\t<div class=\"elementor-element elementor-element-ba463c1 elementor-widget elementor-widget-text-editor\" data-id=\"ba463c1\" data-element_type=\"widget\" data-e-type=\"widget\" data-widget_type=\"text-editor.default\">\n\t\t\t\t<div class=\"elementor-widget-container\">\n\t\t\t\t\t\t\t\t\t<p>Sprechen Sie uns einfach an und wir erstellen Ihren W\u00fcnschen entsprechend ein <strong><a href=\"https:\/\/lomestar.de\/textildruck\/angebot-anfordern\/\">individuelles Angebot<\/a><\/strong>.<\/p>\t\t\t\t\t\t\t\t<\/div>\n\t\t\t\t<\/div>\n\t\t\t\t\t<\/div>\n\t\t<\/div>\n\t\t\t\t\t<\/div>\n\t\t<\/section>\n\t\t\t\t<\/div>\n\t\t","protected":false},"excerpt":{"rendered":"<p>Pr\u00e4sentieren Sie Ihre Gruppe in einem einheitlichen Look. LOMESTAR ist der perfekte Partner f\u00fcr individuell veredelte Textilien egal f\u00fcr welchen Anlass. Wir veredeln Textilien f\u00fcr Kunden aus verschiedenen Branchen und f\u00fcr diverse Anl\u00e4sse ab einer Bestellmenge von 25 Textilien: Vereinskleidung Fu\u00dfballvereine, Reitvereine, Angelvereine, Musikvereine, Kegelvereine, Gesangsvereine, Ch\u00f6re, Sch\u00fctzenvereine, Sportvereine, Turnvereine, Wandervereine und viele weitere. Ebenfalls [&hellip;]<\/p>\n","protected":false},"author":3,"featured_media":0,"parent":0,"menu_order":0,"comment_status":"closed","ping_status":"closed","template":"","meta":{"site-sidebar-layout":"no-sidebar","site-content-layout":"page-builder","ast-site-content-layout":"default","site-content-style":"default","site-sidebar-style":"default","ast-global-header-display":"","ast-banner-title-visibility":"","ast-main-header-display":"","ast-hfb-above-header-display":"","ast-hfb-below-header-display":"","ast-hfb-mobile-header-display":"","site-post-title":"disabled","ast-breadcrumbs-content":"","ast-featured-img":"disabled","footer-sml-layout":"","ast-disable-related-posts":"","theme-transparent-header-meta":"default","adv-header-id-meta":"","stick-header-meta":"default","header-above-stick-meta":"","header-main-stick-meta":"","header-below-stick-meta":"","astra-migrate-meta-layouts":"default","ast-page-background-enabled":"default","ast-page-background-meta":{"desktop":{"background-color":"","background-image":"","background-repeat":"repeat","background-position":"center center","background-size":"auto","background-attachment":"scroll","background-type":"","background-media":"","overlay-type":"","overlay-color":"","overlay-opacity":"","overlay-gradient":""},"tablet":{"background-color":"","background-image":"","background-repeat":"repeat","background-position":"center center","background-size":"auto","background-attachment":"scroll","background-type":"","background-media":"","overlay-type":"","overlay-color":"","overlay-opacity":"","overlay-gradient":""},"mobile":{"background-color":"","background-image":"","background-repeat":"repeat","background-position":"center center","background-size":"auto","background-attachment":"scroll","background-type":"","background-media":"","overlay-type":"","overlay-color":"","overlay-opacity":"","overlay-gradient":""}},"ast-content-background-meta":{"desktop":{"background-color":"var(--ast-global-color-5)","background-image":"","background-repeat":"repeat","background-position":"center center","background-size":"auto","background-attachment":"scroll","background-type":"","background-media":"","overlay-type":"","overlay-color":"","overlay-opacity":"","overlay-gradient":""},"tablet":{"background-color":"var(--ast-global-color-5)","background-image":"","background-repeat":"repeat","background-position":"center center","background-size":"auto","background-attachment":"scroll","background-type":"","background-media":"","overlay-type":"","overlay-color":"","overlay-opacity":"","overlay-gradient":""},"mobile":{"background-color":"var(--ast-global-color-5)","background-image":"","background-repeat":"repeat","background-position":"center center","background-size":"auto","background-attachment":"scroll","background-type":"","background-media":"","overlay-type":"","overlay-color":"","overlay-opacity":"","overlay-gradient":""}},"footnotes":""},"folder":[],"class_list":["post-3210","page","type-page","status-publish","hentry"],"_links":{"self":[{"href":"https:\/\/lomestar.de\/textildruck\/wp-json\/wp\/v2\/pages\/3210","targetHints":{"allow":["GET"]}}],"collection":[{"href":"https:\/\/lomestar.de\/textildruck\/wp-json\/wp\/v2\/pages"}],"about":[{"href":"https:\/\/lomestar.de\/textildruck\/wp-json\/wp\/v2\/types\/page"}],"author":[{"embeddable":true,"href":"https:\/\/lomestar.de\/textildruck\/wp-json\/wp\/v2\/users\/3"}],"replies":[{"embeddable":true,"href":"https:\/\/lomestar.de\/textildruck\/wp-json\/wp\/v2\/comments?post=3210"}],"version-history":[{"count":0,"href":"https:\/\/lomestar.de\/textildruck\/wp-json\/wp\/v2\/pages\/3210\/revisions"}],"wp:attachment":[{"href":"https:\/\/lomestar.de\/textildruck\/wp-json\/wp\/v2\/media?parent=3210"}],"wp:term":[{"taxonomy":"folder","embeddable":true,"href":"https:\/\/lomestar.de\/textildruck\/wp-json\/wp\/v2\/folder?post=3210"}],"curies":[{"name":"wp","href":"https:\/\/api.w.org\/{rel}","templated":true}]}}