{"id":3206,"date":"2020-02-04T15:00:11","date_gmt":"2020-02-04T14:00:11","guid":{"rendered":"https:\/\/app-web-ls-wp.azurewebsites.net\/textildruck\/?page_id=3206"},"modified":"2024-08-08T12:13:16","modified_gmt":"2024-08-08T11:13:16","slug":"nachbestellungen","status":"publish","type":"page","link":"https:\/\/lomestar.de\/textildruck\/nachbestellungen\/","title":{"rendered":"Nachbestellungen"},"content":{"rendered":"\t\t<div data-elementor-type=\"wp-page\" data-elementor-id=\"3206\" class=\"elementor elementor-3206\" data-elementor-post-type=\"page\">\n\t\t\t\t\t\t<section class=\"elementor-section elementor-top-section elementor-element elementor-element-502a08f elementor-section-boxed elementor-section-height-default elementor-section-height-default\" data-id=\"502a08f\" data-element_type=\"section\" data-e-type=\"section\">\n\t\t\t\t\t\t<div class=\"elementor-container elementor-column-gap-default\">\n\t\t\t\t\t<div class=\"elementor-column elementor-col-100 elementor-top-column elementor-element elementor-element-7a0a319\" data-id=\"7a0a319\" data-element_type=\"column\" data-e-type=\"column\">\n\t\t\t<div class=\"elementor-widget-wrap elementor-element-populated\">\n\t\t\t\t\t\t<section class=\"elementor-section elementor-inner-section elementor-element elementor-element-514312e elementor-section-boxed elementor-section-height-default elementor-section-height-default\" data-id=\"514312e\" data-element_type=\"section\" data-e-type=\"section\">\n\t\t\t\t\t\t<div class=\"elementor-container elementor-column-gap-default\">\n\t\t\t\t\t<div class=\"elementor-column elementor-col-50 elementor-inner-column elementor-element elementor-element-b104a5c\" data-id=\"b104a5c\" data-element_type=\"column\" data-e-type=\"column\">\n\t\t\t<div class=\"elementor-widget-wrap elementor-element-populated\">\n\t\t\t\t\t\t<div class=\"elementor-element elementor-element-088e1ca elementor-widget elementor-widget-image\" data-id=\"088e1ca\" data-element_type=\"widget\" data-e-type=\"widget\" data-widget_type=\"image.default\">\n\t\t\t\t<div class=\"elementor-widget-container\">\n\t\t\t\t\t\t\t\t\t\t\t\t\t\t\t<img fetchpriority=\"high\" decoding=\"async\" width=\"897\" height=\"600\" src=\"https:\/\/lomestar.de\/textildruck\/wp-content\/uploads\/sites\/5\/2020\/05\/Kids.jpg\" class=\"attachment-large size-large wp-image-10772\" alt=\"\" srcset=\"https:\/\/lomestar.de\/textildruck\/wp-content\/uploads\/sites\/5\/2020\/05\/Kids.jpg 897w, https:\/\/lomestar.de\/textildruck\/wp-content\/uploads\/sites\/5\/2020\/05\/Kids-300x201.jpg 300w, https:\/\/lomestar.de\/textildruck\/wp-content\/uploads\/sites\/5\/2020\/05\/Kids-768x514.jpg 768w, https:\/\/lomestar.de\/textildruck\/wp-content\/uploads\/sites\/5\/2020\/05\/Kids-600x401.jpg 600w\" sizes=\"(max-width: 897px) 100vw, 897px\" \/>\t\t\t\t\t\t\t\t\t\t\t\t\t\t\t<\/div>\n\t\t\t\t<\/div>\n\t\t\t\t<div class=\"elementor-element elementor-element-4c687de elementor-widget elementor-widget-spacer\" data-id=\"4c687de\" data-element_type=\"widget\" data-e-type=\"widget\" data-widget_type=\"spacer.default\">\n\t\t\t\t<div class=\"elementor-widget-container\">\n\t\t\t\t\t\t\t<div class=\"elementor-spacer\">\n\t\t\t<div class=\"elementor-spacer-inner\"><\/div>\n\t\t<\/div>\n\t\t\t\t\t\t<\/div>\n\t\t\t\t<\/div>\n\t\t\t\t<div class=\"elementor-element elementor-element-cdd4e71 elementor-widget elementor-widget-heading\" data-id=\"cdd4e71\" data-element_type=\"widget\" data-e-type=\"widget\" data-widget_type=\"heading.default\">\n\t\t\t\t<div class=\"elementor-widget-container\">\n\t\t\t\t\t<h3 class=\"elementor-heading-title elementor-size-default\">Erweiterung der Kollektion<\/h3>\t\t\t\t<\/div>\n\t\t\t\t<\/div>\n\t\t\t\t<div class=\"elementor-element elementor-element-785617d elementor-widget elementor-widget-text-editor\" data-id=\"785617d\" data-element_type=\"widget\" data-e-type=\"widget\" data-widget_type=\"text-editor.default\">\n\t\t\t\t<div class=\"elementor-widget-container\">\n\t\t\t\t\t\t\t\t\t<p>Auch noch nicht bestellte <a href=\"https:\/\/lomestar.de\/textildruck\/textilien\"><strong>Textilien<\/strong><\/a> zur Erweiterung der bestehenden Kollektion werden h\u00e4ufig gew\u00fcnscht. Wir bieten f\u00fcr jede Jahreszeit und f\u00fcr jeden Anlass verschiedene Textilien &#8211; z. B. Shirts und Kappen f\u00fcr den Sommer, Hoodies und M\u00fctzen f\u00fcr den Winter, Jogginghosen f\u00fcr sportliche Aktivit\u00e4ten oder Polo-Shirts f\u00fcr offizielle Anl\u00e4sse.<\/p>\t\t\t\t\t\t\t\t<\/div>\n\t\t\t\t<\/div>\n\t\t\t\t\t<\/div>\n\t\t<\/div>\n\t\t\t\t<div class=\"elementor-column elementor-col-50 elementor-inner-column elementor-element elementor-element-0455c07\" data-id=\"0455c07\" data-element_type=\"column\" data-e-type=\"column\">\n\t\t\t<div class=\"elementor-widget-wrap elementor-element-populated\">\n\t\t\t\t\t\t<div class=\"elementor-element elementor-element-d30698c elementor-widget elementor-widget-heading\" data-id=\"d30698c\" data-element_type=\"widget\" data-e-type=\"widget\" data-widget_type=\"heading.default\">\n\t\t\t\t<div class=\"elementor-widget-container\">\n\t\t\t\t\t<h3 class=\"elementor-heading-title elementor-size-default\">Neue Mitarbeiter \/ Gruppenmitglieder<\/h3>\t\t\t\t<\/div>\n\t\t\t\t<\/div>\n\t\t\t\t<div class=\"elementor-element elementor-element-20dc771 elementor-widget elementor-widget-text-editor\" data-id=\"20dc771\" data-element_type=\"widget\" data-e-type=\"widget\" data-widget_type=\"text-editor.default\">\n\t\t\t\t<div class=\"elementor-widget-container\">\n\t\t\t\t\t\t\t\t\t<p>In regelm\u00e4\u00dfigen Abst\u00e4nden kommen neue Mitarbeiter oder Gruppenmitglieder dazu. Die bestehende Kollektion kann ab 25 Artikeln mit gleichem <strong><a href=\"https:\/\/lomestar.de\/textildruck\/siebdruck\/\">Druck<\/a> <\/strong>nachgedruckt werden.<\/p>\t\t\t\t\t\t\t\t<\/div>\n\t\t\t\t<\/div>\n\t\t\t\t<div class=\"elementor-element elementor-element-d6bb084 elementor-widget elementor-widget-heading\" data-id=\"d6bb084\" data-element_type=\"widget\" data-e-type=\"widget\" data-widget_type=\"heading.default\">\n\t\t\t\t<div class=\"elementor-widget-container\">\n\t\t\t\t\t<h3 class=\"elementor-heading-title elementor-size-default\">Ablauf der Nachbestellungen<\/h3>\t\t\t\t<\/div>\n\t\t\t\t<\/div>\n\t\t\t\t<div class=\"elementor-element elementor-element-d58bc04 elementor-widget elementor-widget-text-editor\" data-id=\"d58bc04\" data-element_type=\"widget\" data-e-type=\"widget\" data-widget_type=\"text-editor.default\">\n\t\t\t\t<div class=\"elementor-widget-container\">\n\t\t\t\t\t\t\t\t\t<p>Am einfachsten ist es, wenn f\u00fcr Nachbestellungen bestimmte Zeitr\u00e4ume festgelegt werden, in denen Bestellungen innerhalb der Gruppe entgegengenommen werden &#8211; zum Beispiel zweimal im Jahr. Da wir alle Kundendaten (bestellte Textilien, Motive etc.) hinterlegt haben, ben\u00f6tigen wir bei Nachbestellungen nur die gew\u00fcnschten Mengen, Gr\u00f6\u00dfen und Farben. Alle <strong>kostenfreien Extras<\/strong> sind auch bei Nachbestellungen m\u00f6glich. Gedruckt wird wie immer erst nach hundertprozentiger Zufriedenheit.<\/p>\t\t\t\t\t\t\t\t<\/div>\n\t\t\t\t<\/div>\n\t\t\t\t\t<\/div>\n\t\t<\/div>\n\t\t\t\t\t<\/div>\n\t\t<\/section>\n\t\t\t\t\t<\/div>\n\t\t<\/div>\n\t\t\t\t\t<\/div>\n\t\t<\/section>\n\t\t\t\t<\/div>\n\t\t","protected":false},"excerpt":{"rendered":"<p>Erweiterung der Kollektion Auch noch nicht bestellte Textilien zur Erweiterung der bestehenden Kollektion werden h\u00e4ufig gew\u00fcnscht. Wir bieten f\u00fcr jede Jahreszeit und f\u00fcr jeden Anlass verschiedene Textilien &#8211; z. B. Shirts und Kappen f\u00fcr den Sommer, Hoodies und M\u00fctzen f\u00fcr den Winter, Jogginghosen f\u00fcr sportliche Aktivit\u00e4ten oder Polo-Shirts f\u00fcr offizielle Anl\u00e4sse. Neue Mitarbeiter \/ Gruppenmitglieder [&hellip;]<\/p>\n","protected":false},"author":3,"featured_media":0,"parent":0,"menu_order":0,"comment_status":"closed","ping_status":"closed","template":"","meta":{"site-sidebar-layout":"no-sidebar","site-content-layout":"page-builder","ast-site-content-layout":"default","site-content-style":"default","site-sidebar-style":"default","ast-global-header-display":"","ast-banner-title-visibility":"","ast-main-header-display":"","ast-hfb-above-header-display":"","ast-hfb-below-header-display":"","ast-hfb-mobile-header-display":"","site-post-title":"disabled","ast-breadcrumbs-content":"","ast-featured-img":"disabled","footer-sml-layout":"","ast-disable-related-posts":"","theme-transparent-header-meta":"default","adv-header-id-meta":"","stick-header-meta":"default","header-above-stick-meta":"","header-main-stick-meta":"","header-below-stick-meta":"","astra-migrate-meta-layouts":"default","ast-page-background-enabled":"default","ast-page-background-meta":{"desktop":{"background-color":"","background-image":"","background-repeat":"repeat","background-position":"center center","background-size":"auto","background-attachment":"scroll","background-type":"","background-media":"","overlay-type":"","overlay-color":"","overlay-opacity":"","overlay-gradient":""},"tablet":{"background-color":"","background-image":"","background-repeat":"repeat","background-position":"center center","background-size":"auto","background-attachment":"scroll","background-type":"","background-media":"","overlay-type":"","overlay-color":"","overlay-opacity":"","overlay-gradient":""},"mobile":{"background-color":"","background-image":"","background-repeat":"repeat","background-position":"center center","background-size":"auto","background-attachment":"scroll","background-type":"","background-media":"","overlay-type":"","overlay-color":"","overlay-opacity":"","overlay-gradient":""}},"ast-content-background-meta":{"desktop":{"background-color":"var(--ast-global-color-5)","background-image":"","background-repeat":"repeat","background-position":"center center","background-size":"auto","background-attachment":"scroll","background-type":"","background-media":"","overlay-type":"","overlay-color":"","overlay-opacity":"","overlay-gradient":""},"tablet":{"background-color":"var(--ast-global-color-5)","background-image":"","background-repeat":"repeat","background-position":"center center","background-size":"auto","background-attachment":"scroll","background-type":"","background-media":"","overlay-type":"","overlay-color":"","overlay-opacity":"","overlay-gradient":""},"mobile":{"background-color":"var(--ast-global-color-5)","background-image":"","background-repeat":"repeat","background-position":"center center","background-size":"auto","background-attachment":"scroll","background-type":"","background-media":"","overlay-type":"","overlay-color":"","overlay-opacity":"","overlay-gradient":""}},"footnotes":""},"folder":[],"class_list":["post-3206","page","type-page","status-publish","hentry"],"_links":{"self":[{"href":"https:\/\/lomestar.de\/textildruck\/wp-json\/wp\/v2\/pages\/3206","targetHints":{"allow":["GET"]}}],"collection":[{"href":"https:\/\/lomestar.de\/textildruck\/wp-json\/wp\/v2\/pages"}],"about":[{"href":"https:\/\/lomestar.de\/textildruck\/wp-json\/wp\/v2\/types\/page"}],"author":[{"embeddable":true,"href":"https:\/\/lomestar.de\/textildruck\/wp-json\/wp\/v2\/users\/3"}],"replies":[{"embeddable":true,"href":"https:\/\/lomestar.de\/textildruck\/wp-json\/wp\/v2\/comments?post=3206"}],"version-history":[{"count":0,"href":"https:\/\/lomestar.de\/textildruck\/wp-json\/wp\/v2\/pages\/3206\/revisions"}],"wp:attachment":[{"href":"https:\/\/lomestar.de\/textildruck\/wp-json\/wp\/v2\/media?parent=3206"}],"wp:term":[{"taxonomy":"folder","embeddable":true,"href":"https:\/\/lomestar.de\/textildruck\/wp-json\/wp\/v2\/folder?post=3206"}],"curies":[{"name":"wp","href":"https:\/\/api.w.org\/{rel}","templated":true}]}}