{"id":3181,"date":"2020-02-04T14:32:08","date_gmt":"2020-02-04T13:32:08","guid":{"rendered":"https:\/\/app-web-ls-wp.azurewebsites.net\/textildruck\/?page_id=3181"},"modified":"2026-04-08T08:51:07","modified_gmt":"2026-04-08T07:51:07","slug":"darum-lomestar","status":"publish","type":"page","link":"https:\/\/lomestar.de\/textildruck\/darum-lomestar\/","title":{"rendered":"Darum LOMESTAR"},"content":{"rendered":"\t\t<div data-elementor-type=\"wp-page\" data-elementor-id=\"3181\" class=\"elementor elementor-3181\" data-elementor-post-type=\"page\">\n\t\t\t\t\t\t<section class=\"elementor-section elementor-top-section elementor-element elementor-element-0237994 elementor-section-boxed elementor-section-height-default elementor-section-height-default\" data-id=\"0237994\" data-element_type=\"section\" data-e-type=\"section\">\n\t\t\t\t\t\t<div class=\"elementor-container elementor-column-gap-default\">\n\t\t\t\t\t<div class=\"elementor-column elementor-col-100 elementor-top-column elementor-element elementor-element-565c165\" data-id=\"565c165\" data-element_type=\"column\" data-e-type=\"column\">\n\t\t\t<div class=\"elementor-widget-wrap elementor-element-populated\">\n\t\t\t\t\t\t<section class=\"elementor-section elementor-inner-section elementor-element elementor-element-bf3769d elementor-section-boxed elementor-section-height-default elementor-section-height-default\" data-id=\"bf3769d\" data-element_type=\"section\" data-e-type=\"section\">\n\t\t\t\t\t\t<div class=\"elementor-container elementor-column-gap-default\">\n\t\t\t\t\t<div class=\"elementor-column elementor-col-100 elementor-inner-column elementor-element elementor-element-b8f398a\" data-id=\"b8f398a\" data-element_type=\"column\" data-e-type=\"column\">\n\t\t\t<div class=\"elementor-widget-wrap elementor-element-populated\">\n\t\t\t\t\t\t<div class=\"elementor-element elementor-element-4b1b533 elementor-widget elementor-widget-text-editor\" data-id=\"4b1b533\" data-element_type=\"widget\" data-e-type=\"widget\" data-widget_type=\"text-editor.default\">\n\t\t\t\t<div class=\"elementor-widget-container\">\n\t\t\t\t\t\t\t\t\t<p>Immer mehr Kunden entscheiden sich f\u00fcr Textilveredelung bei LOMESTAR und das nicht ohne Grund: Als <strong>unabh\u00e4ngiger Textilveredler<\/strong>, haben wir die M\u00f6glichkeit Ihnen die bestm\u00f6gliche Beratung zukommen zu lassen und haben Zugriff auf \u00fcber 100.000 verschiedene <strong><a href=\"https:\/\/lomestar.de\/textildruck\/textilien\">Textilien<\/a><\/strong> unterschiedlicher namhafter Hersteller. So finden wir f\u00fcr Ihren Anlass garantiert genau das Richtige.<\/p><p>Wir stehen unseren Kunden von der ersten Idee bis zum fertig veredelten Textil zur Seite und unterst\u00fctzen den Organisator bei folgenden Aufgaben:<\/p><ul><li>Welche <strong>Textilien<\/strong> sollen mit welchem Druck angeboten werden<\/li><li>Welche <strong>Informationen<\/strong> ben\u00f6tigen wir f\u00fcr die Bearbeitung?<\/li><li>Wie stellen sich die <strong>Preise<\/strong> zusammen?<\/li><li>Wie kann die <strong>Organisation<\/strong> m\u00f6glichst einfach gestaltet werden<\/li><\/ul><p><span style=\"font-size: 16px; font-style: normal; font-weight: 400; color: #000000;\">Unsere freundlichen Mitarbeiter sind f\u00fcr Sie da! Kurze\u00a0<\/span><span style=\"font-size: 16px; font-style: normal; color: #000000;\">R<\/span><span style=\"font-size: 16px; font-style: normal; font-weight: 400; color: #000000;\">eaktionszeiten, Erreichbarkeit und Termintreue sind f\u00fcr uns selbstverst\u00e4ndlich. Wir sorgen\u00a0<\/span><span style=\"font-size: 16px; font-style: normal; font-weight: 400; color: #000000;\">f\u00fcr eine einfache und bequeme Bestellung.\u00a0<\/span><span style=\"font-size: 16px;\">Einfach unter <\/span><strong style=\"font-size: 16px;\">06056\/9177814<\/strong><span style=\"font-size: 16px;\"> anrufen. Gerne erstellen wir neben einer umfassenden Beratung auch gleich eine kostenfreie Preis\u00fcbersicht.<\/span><\/p><p>Wir wissen aus vielen Projekten, was f\u00fcr eine gute und schnelle Umsetzung hilfreich ist. Deshalb bieten wir unseren Kunden viele verschiedene Extras, die den Bestellablauf so einfach wie nur m\u00f6glich machen. Sobald Sie sich f\u00fcr Texitilien entschieden haben, k\u00f6nnen wir Ihnen gerne dementsprechend Qualit\u00e4tsmuster bzw. <strong><a href=\"https:\/\/lomestar.de\/textildruck\/anprobetextilien\">Anprobemuster<\/a><\/strong> zusenden. So haben Sie die M\u00f6glichkeit sich nicht nur von der Qualit\u00e4t zu \u00fcberzeugen, sondern k\u00f6nnen diese auch zur Gr\u00f6\u00dfenermittlung nutzen.<\/p><p><span style=\"background-image: initial; background-position: initial; background-size: initial; background-attachment: initial;\">Unsere\u00a0<\/span>Textilien<span style=\"background-image: initial; background-position: initial; background-size: initial; background-attachment: initial;\">\u00a0stammen von namhaften Herstellern und werden von uns mehrfach qualit\u00e4tsgesichert.<\/span><\/p><div>F\u00fcr die Veredelung nutzen wir hochwertige <strong><a href=\"https:\/\/lomestar.de\/textildruck\/veredelungsverfahren\">Veredelungsverfahren<\/a><\/strong><span style=\"background-image: initial; background-position: initial; background-size: initial; background-attachment: initial;\"> sowie<\/span><span style=\"background-image: initial; background-position: initial; background-size: initial; background-attachment: initial;\">\u00a0<\/span><a href=\"https:\/\/lomestar.de\/textildruck\/stick\"><strong>Stickverfahren<\/strong><\/a><span style=\"background-image: initial; background-position: initial; background-size: initial; background-attachment: initial;\">. Daher bieten wir unseren Kunden\u00a0<\/span>Textilien<span style=\"background-image: initial; background-position: initial; background-size: initial; background-attachment: initial;\">, die \u00fcber einen langen Zeitraum getragen werden k\u00f6nnen und auch nach mehrmaligem Waschen wie neu aussehen.<\/span><\/div><p style=\"font-size: 16px; font-style: normal; font-weight: 400;\">Die Zufriedenheit unserer Kunden hat bei uns h\u00f6chste Priorit\u00e4t, was unser st\u00e4ndiger Kundenzuwachs beweist. Und trotzdem arbeiten wir immer daran, unsere Leistungen zur einfachen Organisation Ihrer individuell veredelten Kollektion st\u00e4ndig zu verbessern. \u00dcberzeugen Sie sich selbst!<\/p><p style=\"font-size: 16px; font-style: normal; font-weight: 400;\">Wir freuen uns auf Sie.<\/p><p style=\"font-size: 16px; font-style: normal; font-weight: 400;\"><span style=\"font-size: 16px; font-style: normal; font-weight: 400;\">Euer Team LOMESTAR<\/span><\/p>\t\t\t\t\t\t\t\t<\/div>\n\t\t\t\t<\/div>\n\t\t\t\t<div class=\"elementor-element elementor-element-17c3180 elementor-widget elementor-widget-image\" data-id=\"17c3180\" data-element_type=\"widget\" data-e-type=\"widget\" data-widget_type=\"image.default\">\n\t\t\t\t<div class=\"elementor-widget-container\">\n\t\t\t\t\t\t\t\t\t\t\t\t\t\t\t<img fetchpriority=\"high\" decoding=\"async\" width=\"900\" height=\"600\" src=\"https:\/\/lomestar.de\/textildruck\/wp-content\/uploads\/sites\/5\/2020\/05\/Brainstorming_LOMESTAR.png\" class=\"attachment-large size-large wp-image-10612\" alt=\"\" srcset=\"https:\/\/lomestar.de\/textildruck\/wp-content\/uploads\/sites\/5\/2020\/05\/Brainstorming_LOMESTAR.png 900w, https:\/\/lomestar.de\/textildruck\/wp-content\/uploads\/sites\/5\/2020\/05\/Brainstorming_LOMESTAR-300x200.png 300w, https:\/\/lomestar.de\/textildruck\/wp-content\/uploads\/sites\/5\/2020\/05\/Brainstorming_LOMESTAR-768x512.png 768w, https:\/\/lomestar.de\/textildruck\/wp-content\/uploads\/sites\/5\/2020\/05\/Brainstorming_LOMESTAR-600x400.png 600w\" sizes=\"(max-width: 900px) 100vw, 900px\" \/>\t\t\t\t\t\t\t\t\t\t\t\t\t\t\t<\/div>\n\t\t\t\t<\/div>\n\t\t\t\t<div class=\"elementor-element elementor-element-3093ff1 elementor-widget elementor-widget-text-editor\" data-id=\"3093ff1\" data-element_type=\"widget\" data-e-type=\"widget\" data-widget_type=\"text-editor.default\">\n\t\t\t\t<div class=\"elementor-widget-container\">\n\t\t\t\t\t\t\t\t\t<p>Wir drucken f\u00fcr Firmen, Schulen, Vereine und jegliche anderen Gruppen.<\/p>\t\t\t\t\t\t\t\t<\/div>\n\t\t\t\t<\/div>\n\t\t\t\t\t<\/div>\n\t\t<\/div>\n\t\t\t\t\t<\/div>\n\t\t<\/section>\n\t\t\t\t\t<\/div>\n\t\t<\/div>\n\t\t\t\t\t<\/div>\n\t\t<\/section>\n\t\t\t\t<\/div>\n\t\t","protected":false},"excerpt":{"rendered":"<p>Immer mehr Kunden entscheiden sich f\u00fcr Textilveredelung bei LOMESTAR und das nicht ohne Grund: Als unabh\u00e4ngiger Textilveredler, haben wir die M\u00f6glichkeit Ihnen die bestm\u00f6gliche Beratung zukommen zu lassen und haben Zugriff auf \u00fcber 100.000 verschiedene Textilien unterschiedlicher namhafter Hersteller. So finden wir f\u00fcr Ihren Anlass garantiert genau das Richtige. Wir stehen unseren Kunden von der [&hellip;]<\/p>\n","protected":false},"author":3,"featured_media":0,"parent":0,"menu_order":0,"comment_status":"closed","ping_status":"closed","template":"","meta":{"site-sidebar-layout":"no-sidebar","site-content-layout":"page-builder","ast-site-content-layout":"full-width-container","site-content-style":"unboxed","site-sidebar-style":"unboxed","ast-global-header-display":"","ast-banner-title-visibility":"","ast-main-header-display":"","ast-hfb-above-header-display":"","ast-hfb-below-header-display":"","ast-hfb-mobile-header-display":"","site-post-title":"","ast-breadcrumbs-content":"","ast-featured-img":"disabled","footer-sml-layout":"","ast-disable-related-posts":"","theme-transparent-header-meta":"default","adv-header-id-meta":"","stick-header-meta":"default","header-above-stick-meta":"","header-main-stick-meta":"","header-below-stick-meta":"","astra-migrate-meta-layouts":"set","ast-page-background-enabled":"default","ast-page-background-meta":{"desktop":{"background-color":"","background-image":"","background-repeat":"repeat","background-position":"center center","background-size":"auto","background-attachment":"scroll","background-type":"","background-media":"","overlay-type":"","overlay-color":"","overlay-opacity":"","overlay-gradient":""},"tablet":{"background-color":"","background-image":"","background-repeat":"repeat","background-position":"center center","background-size":"auto","background-attachment":"scroll","background-type":"","background-media":"","overlay-type":"","overlay-color":"","overlay-opacity":"","overlay-gradient":""},"mobile":{"background-color":"","background-image":"","background-repeat":"repeat","background-position":"center center","background-size":"auto","background-attachment":"scroll","background-type":"","background-media":"","overlay-type":"","overlay-color":"","overlay-opacity":"","overlay-gradient":""}},"ast-content-background-meta":{"desktop":{"background-color":"var(--ast-global-color-5)","background-image":"","background-repeat":"repeat","background-position":"center center","background-size":"auto","background-attachment":"scroll","background-type":"","background-media":"","overlay-type":"","overlay-color":"","overlay-opacity":"","overlay-gradient":""},"tablet":{"background-color":"var(--ast-global-color-5)","background-image":"","background-repeat":"repeat","background-position":"center center","background-size":"auto","background-attachment":"scroll","background-type":"","background-media":"","overlay-type":"","overlay-color":"","overlay-opacity":"","overlay-gradient":""},"mobile":{"background-color":"var(--ast-global-color-5)","background-image":"","background-repeat":"repeat","background-position":"center center","background-size":"auto","background-attachment":"scroll","background-type":"","background-media":"","overlay-type":"","overlay-color":"","overlay-opacity":"","overlay-gradient":""}},"footnotes":""},"folder":[],"class_list":["post-3181","page","type-page","status-publish","hentry"],"_links":{"self":[{"href":"https:\/\/lomestar.de\/textildruck\/wp-json\/wp\/v2\/pages\/3181","targetHints":{"allow":["GET"]}}],"collection":[{"href":"https:\/\/lomestar.de\/textildruck\/wp-json\/wp\/v2\/pages"}],"about":[{"href":"https:\/\/lomestar.de\/textildruck\/wp-json\/wp\/v2\/types\/page"}],"author":[{"embeddable":true,"href":"https:\/\/lomestar.de\/textildruck\/wp-json\/wp\/v2\/users\/3"}],"replies":[{"embeddable":true,"href":"https:\/\/lomestar.de\/textildruck\/wp-json\/wp\/v2\/comments?post=3181"}],"version-history":[{"count":7,"href":"https:\/\/lomestar.de\/textildruck\/wp-json\/wp\/v2\/pages\/3181\/revisions"}],"predecessor-version":[{"id":19883,"href":"https:\/\/lomestar.de\/textildruck\/wp-json\/wp\/v2\/pages\/3181\/revisions\/19883"}],"wp:attachment":[{"href":"https:\/\/lomestar.de\/textildruck\/wp-json\/wp\/v2\/media?parent=3181"}],"wp:term":[{"taxonomy":"folder","embeddable":true,"href":"https:\/\/lomestar.de\/textildruck\/wp-json\/wp\/v2\/folder?post=3181"}],"curies":[{"name":"wp","href":"https:\/\/api.w.org\/{rel}","templated":true}]}}