{"id":5816,"date":"2020-04-15T14:13:36","date_gmt":"2020-06-16T12:11:44","guid":{"rendered":"https:\/\/staging.lomestar.de\/schulkleidung\/textilien\/import-placeholder-for-35-3010\/"},"modified":"2024-01-17T10:53:33","modified_gmt":"2024-01-17T09:53:33","slug":"casual-heavy-50-50-hoodie-kids","status":"publish","type":"product","link":"https:\/\/lomestar.de\/schulkleidung\/textilien\/casual-heavy-50-50-hoodie-kids\/","title":{"rendered":"Casual Heavy 50\/50 Hoodie Kids"},"content":{"rendered":"","protected":false},"excerpt":{"rendered":"<ul>\n<li>Gek\u00e4mmte, ringgesponnene Baumwolle<\/li>\n<li>Schultern, \u00c4rmel und Bund in zeitgem\u00e4\u00dfem Schnitt<\/li>\n<li>Gerader Schnitt<\/li>\n<li>Doppellagige Kapuze<\/li>\n<li>Nackenband in Fischgr\u00e4toptik<\/li>\n<li>K\u00e4ngurutasche mit Bar-Tack Riegeln<\/li>\n<\/ul>\n","protected":false},"featured_media":17700,"comment_status":"closed","ping_status":"closed","template":"","meta":{"site-sidebar-layout":"default","site-content-layout":"default","ast-site-content-layout":"default","site-content-style":"default","site-sidebar-style":"default","ast-global-header-display":"","ast-banner-title-visibility":"","ast-main-header-display":"","ast-hfb-above-header-display":"","ast-hfb-below-header-display":"","ast-hfb-mobile-header-display":"","site-post-title":"","ast-breadcrumbs-content":"","ast-featured-img":"","footer-sml-layout":"","ast-disable-related-posts":"","theme-transparent-header-meta":"default","adv-header-id-meta":"","stick-header-meta":"default","header-above-stick-meta":"","header-main-stick-meta":"","header-below-stick-meta":"","astra-migrate-meta-layouts":"default","ast-page-background-enabled":"default","ast-page-background-meta":{"desktop":{"background-color":"","background-image":"","background-repeat":"repeat","background-position":"center center","background-size":"auto","background-attachment":"scroll","background-type":"","background-media":"","overlay-type":"","overlay-color":"","overlay-opacity":"","overlay-gradient":""},"tablet":{"background-color":"","background-image":"","background-repeat":"repeat","background-position":"center center","background-size":"auto","background-attachment":"scroll","background-type":"","background-media":"","overlay-type":"","overlay-color":"","overlay-opacity":"","overlay-gradient":""},"mobile":{"background-color":"","background-image":"","background-repeat":"repeat","background-position":"center center","background-size":"auto","background-attachment":"scroll","background-type":"","background-media":"","overlay-type":"","overlay-color":"","overlay-opacity":"","overlay-gradient":""}},"ast-content-background-meta":{"desktop":{"background-color":"var(--ast-global-color-5)","background-image":"","background-repeat":"repeat","background-position":"center center","background-size":"auto","background-attachment":"scroll","background-type":"","background-media":"","overlay-type":"","overlay-color":"","overlay-opacity":"","overlay-gradient":""},"tablet":{"background-color":"var(--ast-global-color-5)","background-image":"","background-repeat":"repeat","background-position":"center center","background-size":"auto","background-attachment":"scroll","background-type":"","background-media":"","overlay-type":"","overlay-color":"","overlay-opacity":"","overlay-gradient":""},"mobile":{"background-color":"var(--ast-global-color-5)","background-image":"","background-repeat":"repeat","background-position":"center center","background-size":"auto","background-attachment":"scroll","background-type":"","background-media":"","overlay-type":"","overlay-color":"","overlay-opacity":"","overlay-gradient":""}}},"pwb-brand":[251],"product_brand":[],"product_cat":[228],"product_tag":[229,223,231],"class_list":{"0":"post-5816","1":"product","2":"type-product","3":"status-publish","4":"has-post-thumbnail","6":"pwb-brand-russell","7":"product_cat-hoodies","8":"product_tag-kapuze","9":"product_tag-kinder","10":"product_tag-pullover","11":"desktop-align-center","12":"tablet-align-center","13":"mobile-align-center","14":"ast-product-gallery-layout-horizontal","15":"ast-product-single-variable","16":"ast-product-tabs-layout-horizontal","17":"ast-qv-on-image","19":"first","20":"instock","21":"shipping-taxable","22":"purchasable","23":"product-type-variable"},"brands":[{"id":251,"name":"Russell","slug":"russell"}],"_links":{"self":[{"href":"https:\/\/lomestar.de\/schulkleidung\/wp-json\/wp\/v2\/product\/5816","targetHints":{"allow":["GET"]}}],"collection":[{"href":"https:\/\/lomestar.de\/schulkleidung\/wp-json\/wp\/v2\/product"}],"about":[{"href":"https:\/\/lomestar.de\/schulkleidung\/wp-json\/wp\/v2\/types\/product"}],"replies":[{"embeddable":true,"href":"https:\/\/lomestar.de\/schulkleidung\/wp-json\/wp\/v2\/comments?post=5816"}],"wp:featuredmedia":[{"embeddable":true,"href":"https:\/\/lomestar.de\/schulkleidung\/wp-json\/wp\/v2\/media\/17700"}],"wp:attachment":[{"href":"https:\/\/lomestar.de\/schulkleidung\/wp-json\/wp\/v2\/media?parent=5816"}],"wp:term":[{"taxonomy":"pwb-brand","embeddable":true,"href":"https:\/\/lomestar.de\/schulkleidung\/wp-json\/wp\/v2\/pwb-brand?post=5816"},{"taxonomy":"product_brand","embeddable":true,"href":"https:\/\/lomestar.de\/schulkleidung\/wp-json\/wp\/v2\/product_brand?post=5816"},{"taxonomy":"product_cat","embeddable":true,"href":"https:\/\/lomestar.de\/schulkleidung\/wp-json\/wp\/v2\/product_cat?post=5816"},{"taxonomy":"product_tag","embeddable":true,"href":"https:\/\/lomestar.de\/schulkleidung\/wp-json\/wp\/v2\/product_tag?post=5816"}],"curies":[{"name":"wp","href":"https:\/\/api.w.org\/{rel}","templated":true}]}}