{"id":4293,"date":"2020-04-28T10:00:43","date_gmt":"2020-04-28T09:00:43","guid":{"rendered":"https:\/\/app-web-ls-wp.azurewebsites.net\/schulkleidung\/?page_id=4293"},"modified":"2023-01-05T09:04:33","modified_gmt":"2023-01-05T08:04:33","slug":"online-shop","status":"publish","type":"page","link":"https:\/\/lomestar.de\/schulkleidung\/online-shop\/","title":{"rendered":"Online-Shop"},"content":{"rendered":"\t\t<div data-elementor-type=\"wp-page\" data-elementor-id=\"4293\" class=\"elementor elementor-4293\" data-elementor-post-type=\"page\">\n\t\t\t\t\t\t<section class=\"elementor-section elementor-top-section elementor-element elementor-element-83e99df elementor-section-boxed elementor-section-height-default elementor-section-height-default\" data-id=\"83e99df\" data-element_type=\"section\" data-e-type=\"section\">\n\t\t\t\t\t\t<div class=\"elementor-container elementor-column-gap-default\">\n\t\t\t\t\t<div class=\"elementor-column elementor-col-100 elementor-top-column elementor-element elementor-element-db6909c\" data-id=\"db6909c\" data-element_type=\"column\" data-e-type=\"column\">\n\t\t\t<div class=\"elementor-widget-wrap elementor-element-populated\">\n\t\t\t\t\t\t<section class=\"elementor-section elementor-inner-section elementor-element elementor-element-5712b41 elementor-section-boxed elementor-section-height-default elementor-section-height-default\" data-id=\"5712b41\" data-element_type=\"section\" data-e-type=\"section\">\n\t\t\t\t\t\t<div class=\"elementor-container elementor-column-gap-default\">\n\t\t\t\t\t<div class=\"elementor-column elementor-col-100 elementor-inner-column elementor-element elementor-element-60827dd\" data-id=\"60827dd\" data-element_type=\"column\" data-e-type=\"column\">\n\t\t\t<div class=\"elementor-widget-wrap elementor-element-populated\">\n\t\t\t\t\t\t<div class=\"elementor-element elementor-element-44899c5 elementor-widget elementor-widget-heading\" data-id=\"44899c5\" data-element_type=\"widget\" data-e-type=\"widget\" data-widget_type=\"heading.default\">\n\t\t\t\t<div class=\"elementor-widget-container\">\n\t\t\t\t\t<h2 class=\"elementor-heading-title elementor-size-default\">Euer eigener Online-Shop<\/h2>\t\t\t\t<\/div>\n\t\t\t\t<\/div>\n\t\t\t\t<div class=\"elementor-element elementor-element-6a43aa4 elementor-widget elementor-widget-heading\" data-id=\"6a43aa4\" data-element_type=\"widget\" data-e-type=\"widget\" data-widget_type=\"heading.default\">\n\t\t\t\t<div class=\"elementor-widget-container\">\n\t\t\t\t\t<h3 class=\"elementor-heading-title elementor-size-default\">zum einfachen Bestellen eurer Schulkleidung<\/h3>\t\t\t\t<\/div>\n\t\t\t\t<\/div>\n\t\t\t\t<div class=\"elementor-element elementor-element-1ab0338 elementor-widget elementor-widget-image\" data-id=\"1ab0338\" data-element_type=\"widget\" data-e-type=\"widget\" data-widget_type=\"image.default\">\n\t\t\t\t<div class=\"elementor-widget-container\">\n\t\t\t\t\t\t\t\t\t\t\t\t\t\t\t<img fetchpriority=\"high\" decoding=\"async\" width=\"1024\" height=\"657\" src=\"https:\/\/lomestar.de\/schulkleidung\/wp-content\/uploads\/sites\/2\/2023\/01\/AdobeStock_348799886-1024x657.jpg\" class=\"attachment-large size-large wp-image-15985\" alt=\"\" srcset=\"https:\/\/lomestar.de\/schulkleidung\/wp-content\/uploads\/sites\/2\/2023\/01\/AdobeStock_348799886-1024x657.jpg 1024w, https:\/\/lomestar.de\/schulkleidung\/wp-content\/uploads\/sites\/2\/2023\/01\/AdobeStock_348799886-300x192.jpg 300w, https:\/\/lomestar.de\/schulkleidung\/wp-content\/uploads\/sites\/2\/2023\/01\/AdobeStock_348799886-768x493.jpg 768w, https:\/\/lomestar.de\/schulkleidung\/wp-content\/uploads\/sites\/2\/2023\/01\/AdobeStock_348799886-1536x985.jpg 1536w, https:\/\/lomestar.de\/schulkleidung\/wp-content\/uploads\/sites\/2\/2023\/01\/AdobeStock_348799886-2048x1313.jpg 2048w, https:\/\/lomestar.de\/schulkleidung\/wp-content\/uploads\/sites\/2\/2023\/01\/AdobeStock_348799886-400x257.jpg 400w\" sizes=\"(max-width: 1024px) 100vw, 1024px\" \/>\t\t\t\t\t\t\t\t\t\t\t\t\t\t\t<\/div>\n\t\t\t\t<\/div>\n\t\t\t\t<div class=\"elementor-element elementor-element-bf60cb2 elementor-hidden-mobile elementor-widget elementor-widget-text-editor\" data-id=\"bf60cb2\" data-element_type=\"widget\" data-e-type=\"widget\" data-widget_type=\"text-editor.default\">\n\t\t\t\t<div class=\"elementor-widget-container\">\n\t\t\t\t\t\t\t\t\t<div><p>Ihr m\u00f6chtet eure neue und coole Schulkleidungskollektion online pr\u00e4sentieren und bestellen lassen?<br \/><span style=\"font-size: 16px;\">Super, denn damit seid ihr voll im Trend! Ein riesiger Vorteil ist hier f\u00fcr euch, dass eure Kollektion st\u00e4ndig schnell erweitert und aktuellen Trends angepasst werden kann.<\/span><\/p><p><strong><a href=\"https:\/\/lomestar.de\/schulkleidung\/textilien\">Hier<\/a><\/strong> findet ihr eine kleine Auswahl unserer aktuell beliebtesten Schulkleidungstextilen. Durch unsere Lieferantenunabh\u00e4ngigkeit sind individuelle W\u00fcnsche nat\u00fcrlich ebenfalls m\u00f6glich. Gemeinsam finden wir das perfekte Outfit f\u00fcr euch!<\/p><p>Seid kreativ und startet euer eigenes <strong><a href=\"https:\/\/lomestar.de\/schulkleidung\/blog\/2022\/01\/21\/onlineshop\/\">Schulkleidungsprojekt<\/a><\/strong>. Wir lassen eure individuellen W\u00fcnsche Realit\u00e4t werden!<\/p><\/div>\t\t\t\t\t\t\t\t<\/div>\n\t\t\t\t<\/div>\n\t\t\t\t<div class=\"elementor-element elementor-element-dfaa996 elementor-icon-list--layout-traditional elementor-list-item-link-full_width elementor-widget elementor-widget-icon-list\" data-id=\"dfaa996\" data-element_type=\"widget\" data-e-type=\"widget\" data-widget_type=\"icon-list.default\">\n\t\t\t\t<div class=\"elementor-widget-container\">\n\t\t\t\t\t\t\t<ul class=\"elementor-icon-list-items\">\n\t\t\t\t\t\t\t<li class=\"elementor-icon-list-item\">\n\t\t\t\t\t\t\t\t\t\t\t<span class=\"elementor-icon-list-icon\">\n\t\t\t\t\t\t\t<i aria-hidden=\"true\" class=\"fas fa-star\"><\/i>\t\t\t\t\t\t<\/span>\n\t\t\t\t\t\t\t\t\t\t<span class=\"elementor-icon-list-text\">kostenfreie Einrichtung eures individuellen Online-Shops<\/span>\n\t\t\t\t\t\t\t\t\t<\/li>\n\t\t\t\t\t\t\t\t<li class=\"elementor-icon-list-item\">\n\t\t\t\t\t\t\t\t\t\t\t<span class=\"elementor-icon-list-icon\">\n\t\t\t\t\t\t\t<i aria-hidden=\"true\" class=\"fas fa-star\"><\/i>\t\t\t\t\t\t<\/span>\n\t\t\t\t\t\t\t\t\t\t<span class=\"elementor-icon-list-text\">kein Login der einzelnen Besteller n\u00f6tig<\/span>\n\t\t\t\t\t\t\t\t\t<\/li>\n\t\t\t\t\t\t\t\t<li class=\"elementor-icon-list-item\">\n\t\t\t\t\t\t\t\t\t\t\t<span class=\"elementor-icon-list-icon\">\n\t\t\t\t\t\t\t<i aria-hidden=\"true\" class=\"fas fa-star\"><\/i>\t\t\t\t\t\t<\/span>\n\t\t\t\t\t\t\t\t\t\t<span class=\"elementor-icon-list-text\">Bestelleinsicht f\u00fcr den Organisator<\/span>\n\t\t\t\t\t\t\t\t\t<\/li>\n\t\t\t\t\t\t\t\t<li class=\"elementor-icon-list-item\">\n\t\t\t\t\t\t\t\t\t\t\t<span class=\"elementor-icon-list-icon\">\n\t\t\t\t\t\t\t<i aria-hidden=\"true\" class=\"fas fa-star\"><\/i>\t\t\t\t\t\t<\/span>\n\t\t\t\t\t\t\t\t\t\t<span class=\"elementor-icon-list-text\">Verkaufspreise k\u00f6nnen von euch bestimmt werden<\/span>\n\t\t\t\t\t\t\t\t\t<\/li>\n\t\t\t\t\t\t\t\t<li class=\"elementor-icon-list-item\">\n\t\t\t\t\t\t\t\t\t\t\t<span class=\"elementor-icon-list-icon\">\n\t\t\t\t\t\t\t<i aria-hidden=\"true\" class=\"fas fa-star\"><\/i>\t\t\t\t\t\t<\/span>\n\t\t\t\t\t\t\t\t\t\t<span class=\"elementor-icon-list-text\">zus\u00e4tzliche Erstellung &amp; Lieferung von Werbeplakaten<\/span>\n\t\t\t\t\t\t\t\t\t<\/li>\n\t\t\t\t\t\t\t\t<li class=\"elementor-icon-list-item\">\n\t\t\t\t\t\t\t\t\t\t\t<span class=\"elementor-icon-list-icon\">\n\t\t\t\t\t\t\t<i aria-hidden=\"true\" class=\"fas fa-star\"><\/i>\t\t\t\t\t\t<\/span>\n\t\t\t\t\t\t\t\t\t\t<span class=\"elementor-icon-list-text\">Ma\u00dftabellen f\u00fcr kontaktlose Bestellung<\/span>\n\t\t\t\t\t\t\t\t\t<\/li>\n\t\t\t\t\t\t\t\t<li class=\"elementor-icon-list-item\">\n\t\t\t\t\t\t\t\t\t\t\t<span class=\"elementor-icon-list-icon\">\n\t\t\t\t\t\t\t<i aria-hidden=\"true\" class=\"fas fa-star\"><\/i>\t\t\t\t\t\t<\/span>\n\t\t\t\t\t\t\t\t\t\t<span class=\"elementor-icon-list-text\">ihr spart Papier und das Zusammentragen der get\u00e4tigten Bestellungen<\/span>\n\t\t\t\t\t\t\t\t\t<\/li>\n\t\t\t\t\t\t<\/ul>\n\t\t\t\t\t\t<\/div>\n\t\t\t\t<\/div>\n\t\t\t\t\t<\/div>\n\t\t<\/div>\n\t\t\t\t\t<\/div>\n\t\t<\/section>\n\t\t\t\t\t<\/div>\n\t\t<\/div>\n\t\t\t\t\t<\/div>\n\t\t<\/section>\n\t\t\t\t<section class=\"elementor-section elementor-top-section elementor-element elementor-element-e41a749 elementor-section-boxed elementor-section-height-default elementor-section-height-default\" data-id=\"e41a749\" data-element_type=\"section\" data-e-type=\"section\">\n\t\t\t\t\t\t<div class=\"elementor-container elementor-column-gap-default\">\n\t\t\t\t\t<div class=\"elementor-column elementor-col-100 elementor-top-column elementor-element elementor-element-4f5dda0\" data-id=\"4f5dda0\" data-element_type=\"column\" data-e-type=\"column\">\n\t\t\t<div class=\"elementor-widget-wrap elementor-element-populated\">\n\t\t\t\t\t\t<div class=\"elementor-element elementor-element-46538bd elementor-widget elementor-widget-spacer\" data-id=\"46538bd\" data-element_type=\"widget\" data-e-type=\"widget\" data-widget_type=\"spacer.default\">\n\t\t\t\t<div class=\"elementor-widget-container\">\n\t\t\t\t\t\t\t<div class=\"elementor-spacer\">\n\t\t\t<div class=\"elementor-spacer-inner\"><\/div>\n\t\t<\/div>\n\t\t\t\t\t\t<\/div>\n\t\t\t\t<\/div>\n\t\t\t\t<section class=\"elementor-section elementor-inner-section elementor-element elementor-element-1988442 elementor-section-boxed elementor-section-height-default elementor-section-height-default\" data-id=\"1988442\" data-element_type=\"section\" data-e-type=\"section\">\n\t\t\t\t\t\t<div class=\"elementor-container elementor-column-gap-default\">\n\t\t\t\t\t<div class=\"elementor-column elementor-col-100 elementor-inner-column elementor-element elementor-element-cc4d0d2\" data-id=\"cc4d0d2\" data-element_type=\"column\" data-e-type=\"column\">\n\t\t\t<div class=\"elementor-widget-wrap elementor-element-populated\">\n\t\t\t\t\t\t<div class=\"elementor-element elementor-element-351b8bc elementor-widget elementor-widget-text-editor\" data-id=\"351b8bc\" data-element_type=\"widget\" data-e-type=\"widget\" data-widget_type=\"text-editor.default\">\n\t\t\t\t<div class=\"elementor-widget-container\">\n\t\t\t\t\t\t\t\t\t<p><strong><a href=\"https:\/\/lomestar.de\/schulkleidung\/logo-gestaltungsservice\/\">Logo-Gestaltungsservice,<\/a> <a href=\"https:\/\/lomestar.de\/schulkleidung\/anprobemuster\/\">Anprobemuster, <\/a><a href=\"https:\/\/lomestar.de\/schulkleidung\/werbung\/\">Werbemittel<\/a> <\/strong>und eine kompetente<a href=\"https:\/\/lomestar.de\/schulkleidung\/beratung\/\"><strong> Beratung<\/strong><\/a>\u00a0geh\u00f6ren au\u00dferdem zu unseren <strong>Serviceleistungen.<\/strong><\/p>\t\t\t\t\t\t\t\t<\/div>\n\t\t\t\t<\/div>\n\t\t\t\t\t<\/div>\n\t\t<\/div>\n\t\t\t\t\t<\/div>\n\t\t<\/section>\n\t\t\t\t\t<\/div>\n\t\t<\/div>\n\t\t\t\t\t<\/div>\n\t\t<\/section>\n\t\t\t\t<\/div>\n\t\t","protected":false},"excerpt":{"rendered":"<p>Euer eigener Online-Shop zum einfachen Bestellen eurer Schulkleidung Ihr m\u00f6chtet eure neue und coole Schulkleidungskollektion online pr\u00e4sentieren und bestellen lassen?Super, denn damit seid ihr voll im Trend! Ein riesiger Vorteil ist hier f\u00fcr euch, dass eure Kollektion st\u00e4ndig schnell erweitert und aktuellen Trends angepasst werden kann. Hier findet ihr eine kleine Auswahl unserer aktuell beliebtesten [&hellip;]<\/p>\n","protected":false},"author":3,"featured_media":0,"parent":0,"menu_order":0,"comment_status":"closed","ping_status":"closed","template":"","meta":{"site-sidebar-layout":"no-sidebar","site-content-layout":"page-builder","ast-site-content-layout":"default","site-content-style":"default","site-sidebar-style":"default","ast-global-header-display":"","ast-banner-title-visibility":"","ast-main-header-display":"","ast-hfb-above-header-display":"","ast-hfb-below-header-display":"","ast-hfb-mobile-header-display":"","site-post-title":"disabled","ast-breadcrumbs-content":"","ast-featured-img":"disabled","footer-sml-layout":"","ast-disable-related-posts":"","theme-transparent-header-meta":"default","adv-header-id-meta":"","stick-header-meta":"default","header-above-stick-meta":"","header-main-stick-meta":"","header-below-stick-meta":"","astra-migrate-meta-layouts":"default","ast-page-background-enabled":"default","ast-page-background-meta":{"desktop":{"background-color":"","background-image":"","background-repeat":"repeat","background-position":"center center","background-size":"auto","background-attachment":"scroll","background-type":"","background-media":"","overlay-type":"","overlay-color":"","overlay-opacity":"","overlay-gradient":""},"tablet":{"background-color":"","background-image":"","background-repeat":"repeat","background-position":"center center","background-size":"auto","background-attachment":"scroll","background-type":"","background-media":"","overlay-type":"","overlay-color":"","overlay-opacity":"","overlay-gradient":""},"mobile":{"background-color":"","background-image":"","background-repeat":"repeat","background-position":"center center","background-size":"auto","background-attachment":"scroll","background-type":"","background-media":"","overlay-type":"","overlay-color":"","overlay-opacity":"","overlay-gradient":""}},"ast-content-background-meta":{"desktop":{"background-color":"var(--ast-global-color-5)","background-image":"","background-repeat":"repeat","background-position":"center center","background-size":"auto","background-attachment":"scroll","background-type":"","background-media":"","overlay-type":"","overlay-color":"","overlay-opacity":"","overlay-gradient":""},"tablet":{"background-color":"var(--ast-global-color-5)","background-image":"","background-repeat":"repeat","background-position":"center center","background-size":"auto","background-attachment":"scroll","background-type":"","background-media":"","overlay-type":"","overlay-color":"","overlay-opacity":"","overlay-gradient":""},"mobile":{"background-color":"var(--ast-global-color-5)","background-image":"","background-repeat":"repeat","background-position":"center center","background-size":"auto","background-attachment":"scroll","background-type":"","background-media":"","overlay-type":"","overlay-color":"","overlay-opacity":"","overlay-gradient":""}},"footnotes":""},"folder":[],"class_list":["post-4293","page","type-page","status-publish","hentry"],"_links":{"self":[{"href":"https:\/\/lomestar.de\/schulkleidung\/wp-json\/wp\/v2\/pages\/4293","targetHints":{"allow":["GET"]}}],"collection":[{"href":"https:\/\/lomestar.de\/schulkleidung\/wp-json\/wp\/v2\/pages"}],"about":[{"href":"https:\/\/lomestar.de\/schulkleidung\/wp-json\/wp\/v2\/types\/page"}],"author":[{"embeddable":true,"href":"https:\/\/lomestar.de\/schulkleidung\/wp-json\/wp\/v2\/users\/3"}],"replies":[{"embeddable":true,"href":"https:\/\/lomestar.de\/schulkleidung\/wp-json\/wp\/v2\/comments?post=4293"}],"version-history":[{"count":0,"href":"https:\/\/lomestar.de\/schulkleidung\/wp-json\/wp\/v2\/pages\/4293\/revisions"}],"wp:attachment":[{"href":"https:\/\/lomestar.de\/schulkleidung\/wp-json\/wp\/v2\/media?parent=4293"}],"wp:term":[{"taxonomy":"folder","embeddable":true,"href":"https:\/\/lomestar.de\/schulkleidung\/wp-json\/wp\/v2\/folder?post=4293"}],"curies":[{"name":"wp","href":"https:\/\/api.w.org\/{rel}","templated":true}]}}