{"id":3238,"date":"2020-02-03T15:29:34","date_gmt":"2020-02-03T14:29:34","guid":{"rendered":"https:\/\/app-web-ls-wp.azurewebsites.net\/schulkleidung\/?page_id=3238"},"modified":"2026-04-07T14:38:07","modified_gmt":"2026-04-07T13:38:07","slug":"veredelungsverfahren","status":"publish","type":"page","link":"https:\/\/lomestar.de\/schulkleidung\/veredelungsverfahren\/","title":{"rendered":"Veredelungsverfahren"},"content":{"rendered":"\t\t<div data-elementor-type=\"wp-page\" data-elementor-id=\"3238\" class=\"elementor elementor-3238\" data-elementor-post-type=\"page\">\n\t\t\t\t\t\t<section class=\"elementor-section elementor-top-section elementor-element elementor-element-4a46eb3c elementor-section-content-middle elementor-section-boxed elementor-section-height-default elementor-section-height-default\" data-id=\"4a46eb3c\" data-element_type=\"section\" data-e-type=\"section\">\n\t\t\t\t\t\t<div class=\"elementor-container elementor-column-gap-no\">\n\t\t\t\t\t<div class=\"elementor-column elementor-col-100 elementor-top-column elementor-element elementor-element-388cb295\" data-id=\"388cb295\" data-element_type=\"column\" data-e-type=\"column\">\n\t\t\t<div class=\"elementor-widget-wrap elementor-element-populated\">\n\t\t\t\t\t\t<section class=\"elementor-section elementor-inner-section elementor-element elementor-element-19bfcd43 elementor-section-content-middle elementor-section-boxed elementor-section-height-default elementor-section-height-default\" data-id=\"19bfcd43\" data-element_type=\"section\" data-e-type=\"section\">\n\t\t\t\t\t\t<div class=\"elementor-container elementor-column-gap-no\">\n\t\t\t\t\t<div class=\"elementor-column elementor-col-50 elementor-inner-column elementor-element elementor-element-64e7a9e\" data-id=\"64e7a9e\" data-element_type=\"column\" data-e-type=\"column\">\n\t\t\t<div class=\"elementor-widget-wrap elementor-element-populated\">\n\t\t\t\t\t\t<div class=\"elementor-element elementor-element-ec561d7 elementor-widget elementor-widget-image\" data-id=\"ec561d7\" data-element_type=\"widget\" data-e-type=\"widget\" data-widget_type=\"image.default\">\n\t\t\t\t<div class=\"elementor-widget-container\">\n\t\t\t\t\t\t\t\t\t\t\t\t\t\t\t<img fetchpriority=\"high\" decoding=\"async\" width=\"1024\" height=\"683\" src=\"https:\/\/lomestar.de\/schulkleidung\/wp-content\/uploads\/sites\/2\/2026\/04\/AdobeStock_487983165-1024x683.png\" class=\"attachment-large size-large wp-image-20091\" alt=\"\" srcset=\"https:\/\/lomestar.de\/schulkleidung\/wp-content\/uploads\/sites\/2\/2026\/04\/AdobeStock_487983165-1024x683.png 1024w, https:\/\/lomestar.de\/schulkleidung\/wp-content\/uploads\/sites\/2\/2026\/04\/AdobeStock_487983165-300x200.png 300w, https:\/\/lomestar.de\/schulkleidung\/wp-content\/uploads\/sites\/2\/2026\/04\/AdobeStock_487983165-768x512.png 768w, https:\/\/lomestar.de\/schulkleidung\/wp-content\/uploads\/sites\/2\/2026\/04\/AdobeStock_487983165-1536x1024.png 1536w, https:\/\/lomestar.de\/schulkleidung\/wp-content\/uploads\/sites\/2\/2026\/04\/AdobeStock_487983165-2048x1365.png 2048w, https:\/\/lomestar.de\/schulkleidung\/wp-content\/uploads\/sites\/2\/2026\/04\/AdobeStock_487983165-400x267.png 400w\" sizes=\"(max-width: 1024px) 100vw, 1024px\" \/>\t\t\t\t\t\t\t\t\t\t\t\t\t\t\t<\/div>\n\t\t\t\t<\/div>\n\t\t\t\t\t<\/div>\n\t\t<\/div>\n\t\t\t\t<div class=\"elementor-column elementor-col-50 elementor-inner-column elementor-element elementor-element-6f69256b\" data-id=\"6f69256b\" data-element_type=\"column\" data-e-type=\"column\">\n\t\t\t<div class=\"elementor-widget-wrap elementor-element-populated\">\n\t\t\t\t\t\t<div class=\"elementor-element elementor-element-73d2e09e elementor-widget elementor-widget-heading\" data-id=\"73d2e09e\" data-element_type=\"widget\" data-e-type=\"widget\" data-widget_type=\"heading.default\">\n\t\t\t\t<div class=\"elementor-widget-container\">\n\t\t\t\t\t<h2 class=\"elementor-heading-title elementor-size-default\">Digitaler Textildruck<\/h2>\t\t\t\t<\/div>\n\t\t\t\t<\/div>\n\t\t\t\t<div class=\"elementor-element elementor-element-246e3827 elementor-widget elementor-widget-text-editor\" data-id=\"246e3827\" data-element_type=\"widget\" data-e-type=\"widget\" data-widget_type=\"text-editor.default\">\n\t\t\t\t<div class=\"elementor-widget-container\">\n\t\t\t\t\t\t\t\t\t<p>Beim digitalen Textildruck wird das gew\u00fcnschte Motiv direkt und pr\u00e4zise auf das Textil \u00fcbertragen. Dieses Verfahren erm\u00f6glicht die Umsetzung unterschiedlichster Designs \u2013 von schlichten Grafiken bis hin zu detailreichen Motiven mit vielen Farben.<\/p><p>Der digitale Textildruck \u00fcberzeugt durch eine hohe Farbbrillanz, eine gute Haltbarkeit und gro\u00dfe gestalterische Freiheit. Er eignet sich ideal f\u00fcr individuelle Designs.<\/p>\t\t\t\t\t\t\t\t<\/div>\n\t\t\t\t<\/div>\n\t\t\t\t\t<\/div>\n\t\t<\/div>\n\t\t\t\t\t<\/div>\n\t\t<\/section>\n\t\t\t\t<section class=\"elementor-section elementor-inner-section elementor-element elementor-element-1785ffc8 elementor-section-content-middle elementor-hidden-phone elementor-section-boxed elementor-section-height-default elementor-section-height-default\" data-id=\"1785ffc8\" data-element_type=\"section\" data-e-type=\"section\">\n\t\t\t\t\t\t<div class=\"elementor-container elementor-column-gap-no\">\n\t\t\t\t\t<div class=\"elementor-column elementor-col-50 elementor-inner-column elementor-element elementor-element-245f2e96\" data-id=\"245f2e96\" data-element_type=\"column\" data-e-type=\"column\">\n\t\t\t<div class=\"elementor-widget-wrap elementor-element-populated\">\n\t\t\t\t\t\t<div class=\"elementor-element elementor-element-23f53588 elementor-widget elementor-widget-heading\" data-id=\"23f53588\" data-element_type=\"widget\" data-e-type=\"widget\" data-widget_type=\"heading.default\">\n\t\t\t\t<div class=\"elementor-widget-container\">\n\t\t\t\t\t<h2 class=\"elementor-heading-title elementor-size-default\">Stick<\/h2>\t\t\t\t<\/div>\n\t\t\t\t<\/div>\n\t\t\t\t<div class=\"elementor-element elementor-element-e0b5ad5 elementor-widget elementor-widget-text-editor\" data-id=\"e0b5ad5\" data-element_type=\"widget\" data-e-type=\"widget\" data-widget_type=\"text-editor.default\">\n\t\t\t\t<div class=\"elementor-widget-container\">\n\t\t\t\t\t\t\t\t\t<p>Beim Stick wird das Motiv mit einer\u00a0<span style=\"font-size: 15px\">Maschine direkt in das Textil eingen\u00e4ht\u00a0<\/span><span style=\"font-size: 15px\">und bietet so eine <b>edle Optik und gute\u00a0<\/b><\/span><span style=\"font-size: 15px\"><b>Haltbarkeit.<\/b> Der Stickpreis richtet sich\u00a0<\/span><span style=\"font-size: 15px\">nach der Stichanzahl des Motivs und somit\u00a0<\/span><span style=\"font-size: 15px\">nach dessen Gr\u00f6\u00dfe.<\/span><\/p>\t\t\t\t\t\t\t\t<\/div>\n\t\t\t\t<\/div>\n\t\t\t\t\t<\/div>\n\t\t<\/div>\n\t\t\t\t<div class=\"elementor-column elementor-col-50 elementor-inner-column elementor-element elementor-element-5c08b783\" data-id=\"5c08b783\" data-element_type=\"column\" data-e-type=\"column\">\n\t\t\t<div class=\"elementor-widget-wrap elementor-element-populated\">\n\t\t\t\t\t\t<div class=\"elementor-element elementor-element-5d62106f elementor-widget elementor-widget-image\" data-id=\"5d62106f\" data-element_type=\"widget\" data-e-type=\"widget\" data-widget_type=\"image.default\">\n\t\t\t\t<div class=\"elementor-widget-container\">\n\t\t\t\t\t\t\t\t\t\t\t\t\t\t\t<img decoding=\"async\" width=\"1024\" height=\"1024\" src=\"https:\/\/lomestar.de\/schulkleidung\/wp-content\/uploads\/sites\/2\/2020\/04\/Stick_2-1024x1024.jpg\" class=\"attachment-large size-large wp-image-3786\" alt=\"\" srcset=\"https:\/\/lomestar.de\/schulkleidung\/wp-content\/uploads\/sites\/2\/2020\/04\/Stick_2.jpg 1024w, https:\/\/lomestar.de\/schulkleidung\/wp-content\/uploads\/sites\/2\/2020\/04\/Stick_2-300x300.jpg 300w, https:\/\/lomestar.de\/schulkleidung\/wp-content\/uploads\/sites\/2\/2020\/04\/Stick_2-150x150.jpg 150w, https:\/\/lomestar.de\/schulkleidung\/wp-content\/uploads\/sites\/2\/2020\/04\/Stick_2-768x768.jpg 768w, https:\/\/lomestar.de\/schulkleidung\/wp-content\/uploads\/sites\/2\/2020\/04\/Stick_2-400x400.jpg 400w, https:\/\/lomestar.de\/schulkleidung\/wp-content\/uploads\/sites\/2\/2020\/04\/Stick_2-100x100.jpg 100w\" sizes=\"(max-width: 1024px) 100vw, 1024px\" \/>\t\t\t\t\t\t\t\t\t\t\t\t\t\t\t<\/div>\n\t\t\t\t<\/div>\n\t\t\t\t\t<\/div>\n\t\t<\/div>\n\t\t\t\t\t<\/div>\n\t\t<\/section>\n\t\t\t\t<section class=\"elementor-section elementor-inner-section elementor-element elementor-element-4e790a1 elementor-section-content-middle elementor-hidden-desktop elementor-hidden-tablet elementor-section-boxed elementor-section-height-default elementor-section-height-default\" data-id=\"4e790a1\" data-element_type=\"section\" data-e-type=\"section\">\n\t\t\t\t\t\t<div class=\"elementor-container elementor-column-gap-no\">\n\t\t\t\t\t<div class=\"elementor-column elementor-col-50 elementor-inner-column elementor-element elementor-element-34d5ab8\" data-id=\"34d5ab8\" data-element_type=\"column\" data-e-type=\"column\">\n\t\t\t<div class=\"elementor-widget-wrap elementor-element-populated\">\n\t\t\t\t\t\t<div class=\"elementor-element elementor-element-3cfecfa elementor-widget elementor-widget-image\" data-id=\"3cfecfa\" data-element_type=\"widget\" data-e-type=\"widget\" data-widget_type=\"image.default\">\n\t\t\t\t<div class=\"elementor-widget-container\">\n\t\t\t\t\t\t\t\t\t\t\t\t\t\t\t<img decoding=\"async\" width=\"300\" height=\"300\" src=\"https:\/\/lomestar.de\/schulkleidung\/wp-content\/uploads\/sites\/2\/2020\/04\/Stick_2-300x300.jpg\" class=\"attachment-medium size-medium wp-image-3786\" alt=\"\" srcset=\"https:\/\/lomestar.de\/schulkleidung\/wp-content\/uploads\/sites\/2\/2020\/04\/Stick_2-300x300.jpg 300w, https:\/\/lomestar.de\/schulkleidung\/wp-content\/uploads\/sites\/2\/2020\/04\/Stick_2.jpg 1024w, https:\/\/lomestar.de\/schulkleidung\/wp-content\/uploads\/sites\/2\/2020\/04\/Stick_2-150x150.jpg 150w, https:\/\/lomestar.de\/schulkleidung\/wp-content\/uploads\/sites\/2\/2020\/04\/Stick_2-768x768.jpg 768w, https:\/\/lomestar.de\/schulkleidung\/wp-content\/uploads\/sites\/2\/2020\/04\/Stick_2-400x400.jpg 400w, https:\/\/lomestar.de\/schulkleidung\/wp-content\/uploads\/sites\/2\/2020\/04\/Stick_2-100x100.jpg 100w\" sizes=\"(max-width: 300px) 100vw, 300px\" \/>\t\t\t\t\t\t\t\t\t\t\t\t\t\t\t<\/div>\n\t\t\t\t<\/div>\n\t\t\t\t\t<\/div>\n\t\t<\/div>\n\t\t\t\t<div class=\"elementor-column elementor-col-50 elementor-inner-column elementor-element elementor-element-3e23f16\" data-id=\"3e23f16\" data-element_type=\"column\" data-e-type=\"column\">\n\t\t\t<div class=\"elementor-widget-wrap elementor-element-populated\">\n\t\t\t\t\t\t<div class=\"elementor-element elementor-element-28015eb elementor-widget elementor-widget-heading\" data-id=\"28015eb\" data-element_type=\"widget\" data-e-type=\"widget\" data-widget_type=\"heading.default\">\n\t\t\t\t<div class=\"elementor-widget-container\">\n\t\t\t\t\t<h2 class=\"elementor-heading-title elementor-size-default\">Stick<\/h2>\t\t\t\t<\/div>\n\t\t\t\t<\/div>\n\t\t\t\t<div class=\"elementor-element elementor-element-dedf499 elementor-widget elementor-widget-text-editor\" data-id=\"dedf499\" data-element_type=\"widget\" data-e-type=\"widget\" data-widget_type=\"text-editor.default\">\n\t\t\t\t<div class=\"elementor-widget-container\">\n\t\t\t\t\t\t\t\t\t<p>Beim Stick wird das Motiv mit einer\u00a0<span style=\"font-size: 15px\">Maschine direkt in das Textil eingen\u00e4ht\u00a0<\/span><span style=\"font-size: 15px\">und bietet so eine <b>edle Optik und gute\u00a0<\/b><\/span><span style=\"font-size: 15px\"><b>Haltbarkeit.<\/b> Der Stickpreis richtet sich\u00a0<\/span><span style=\"font-size: 15px\">nach der Stichanzahl des Motivs und somit\u00a0<\/span><span style=\"font-size: 15px\">nach dessen Gr\u00f6\u00dfe.<\/span><\/p>\t\t\t\t\t\t\t\t<\/div>\n\t\t\t\t<\/div>\n\t\t\t\t\t<\/div>\n\t\t<\/div>\n\t\t\t\t\t<\/div>\n\t\t<\/section>\n\t\t\t\t<section class=\"elementor-section elementor-inner-section elementor-element elementor-element-e337d16 elementor-section-boxed elementor-section-height-default elementor-section-height-default\" data-id=\"e337d16\" data-element_type=\"section\" data-e-type=\"section\">\n\t\t\t\t\t\t<div class=\"elementor-container elementor-column-gap-default\">\n\t\t\t\t\t<div class=\"elementor-column elementor-col-50 elementor-inner-column elementor-element elementor-element-b7be724\" data-id=\"b7be724\" data-element_type=\"column\" data-e-type=\"column\">\n\t\t\t<div class=\"elementor-widget-wrap elementor-element-populated\">\n\t\t\t\t\t\t<div class=\"elementor-element elementor-element-a5f3676 elementor-widget elementor-widget-image\" data-id=\"a5f3676\" data-element_type=\"widget\" data-e-type=\"widget\" data-widget_type=\"image.default\">\n\t\t\t\t<div class=\"elementor-widget-container\">\n\t\t\t\t\t\t\t\t\t\t\t\t\t\t\t<img loading=\"lazy\" decoding=\"async\" width=\"1024\" height=\"1024\" src=\"https:\/\/lomestar.de\/schulkleidung\/wp-content\/uploads\/sites\/2\/2020\/04\/Flex-1024x1024.jpg\" class=\"attachment-large size-large wp-image-3788\" alt=\"\" srcset=\"https:\/\/lomestar.de\/schulkleidung\/wp-content\/uploads\/sites\/2\/2020\/04\/Flex.jpg 1024w, https:\/\/lomestar.de\/schulkleidung\/wp-content\/uploads\/sites\/2\/2020\/04\/Flex-300x300.jpg 300w, https:\/\/lomestar.de\/schulkleidung\/wp-content\/uploads\/sites\/2\/2020\/04\/Flex-150x150.jpg 150w, https:\/\/lomestar.de\/schulkleidung\/wp-content\/uploads\/sites\/2\/2020\/04\/Flex-768x768.jpg 768w, https:\/\/lomestar.de\/schulkleidung\/wp-content\/uploads\/sites\/2\/2020\/04\/Flex-400x400.jpg 400w, https:\/\/lomestar.de\/schulkleidung\/wp-content\/uploads\/sites\/2\/2020\/04\/Flex-100x100.jpg 100w\" sizes=\"(max-width: 1024px) 100vw, 1024px\" \/>\t\t\t\t\t\t\t\t\t\t\t\t\t\t\t<\/div>\n\t\t\t\t<\/div>\n\t\t\t\t\t<\/div>\n\t\t<\/div>\n\t\t\t\t<div class=\"elementor-column elementor-col-50 elementor-inner-column elementor-element elementor-element-1e2b5ed\" data-id=\"1e2b5ed\" data-element_type=\"column\" data-e-type=\"column\">\n\t\t\t<div class=\"elementor-widget-wrap elementor-element-populated\">\n\t\t\t\t\t\t<div class=\"elementor-element elementor-element-a19365b elementor-widget elementor-widget-heading\" data-id=\"a19365b\" data-element_type=\"widget\" data-e-type=\"widget\" data-widget_type=\"heading.default\">\n\t\t\t\t<div class=\"elementor-widget-container\">\n\t\t\t\t\t<h2 class=\"elementor-heading-title elementor-size-default\">Flexdruck<\/h2>\t\t\t\t<\/div>\n\t\t\t\t<\/div>\n\t\t\t\t<div class=\"elementor-element elementor-element-ce985cb elementor-widget elementor-widget-text-editor\" data-id=\"ce985cb\" data-element_type=\"widget\" data-e-type=\"widget\" data-widget_type=\"text-editor.default\">\n\t\t\t\t<div class=\"elementor-widget-container\">\n\t\t\t\t\t\t\t\t\t<p>Beim Flexdruck wird das Motiv mit einem\u00a0<span style=\"font-size: 15px\">Plotter aus Flexfolie geschnitten und\u00a0<\/span><span style=\"font-size: 15px\">unter Druck und gro\u00dfer Hitze auf das\u00a0<\/span><span style=\"font-size: 15px\">Textil gepresst. Diese Technik eignet sich\u00a0<\/span><span style=\"font-size: 15px\">besonders gut f\u00fcr <b>individuelle Namen\u00a0<\/b><\/span><span style=\"font-size: 15px\"><b>und Zahlen.<\/b> Das Verfahren besticht durch\u00a0<\/span><span style=\"font-size: 15px\">besonders scharfe Konturen und brillante\u00a0<\/span><span style=\"font-size: 15px\">Farben.<\/span><\/p>\t\t\t\t\t\t\t\t<\/div>\n\t\t\t\t<\/div>\n\t\t\t\t\t<\/div>\n\t\t<\/div>\n\t\t\t\t\t<\/div>\n\t\t<\/section>\n\t\t\t\t\t<\/div>\n\t\t<\/div>\n\t\t\t\t\t<\/div>\n\t\t<\/section>\n\t\t\t\t<\/div>\n\t\t","protected":false},"excerpt":{"rendered":"<p>Digitaler Textildruck Beim digitalen Textildruck wird das gew\u00fcnschte Motiv direkt und pr\u00e4zise auf das Textil \u00fcbertragen. Dieses Verfahren erm\u00f6glicht die Umsetzung unterschiedlichster Designs \u2013 von schlichten Grafiken bis hin zu detailreichen Motiven mit vielen Farben. Der digitale Textildruck \u00fcberzeugt durch eine hohe Farbbrillanz, eine gute Haltbarkeit und gro\u00dfe gestalterische Freiheit. Er eignet sich ideal f\u00fcr [&hellip;]<\/p>\n","protected":false},"author":3,"featured_media":0,"parent":0,"menu_order":0,"comment_status":"closed","ping_status":"closed","template":"","meta":{"site-sidebar-layout":"no-sidebar","site-content-layout":"page-builder","ast-site-content-layout":"full-width-container","site-content-style":"unboxed","site-sidebar-style":"unboxed","ast-global-header-display":"","ast-banner-title-visibility":"","ast-main-header-display":"","ast-hfb-above-header-display":"","ast-hfb-below-header-display":"","ast-hfb-mobile-header-display":"","site-post-title":"","ast-breadcrumbs-content":"","ast-featured-img":"disabled","footer-sml-layout":"","ast-disable-related-posts":"","theme-transparent-header-meta":"default","adv-header-id-meta":"","stick-header-meta":"default","header-above-stick-meta":"","header-main-stick-meta":"","header-below-stick-meta":"","astra-migrate-meta-layouts":"set","ast-page-background-enabled":"default","ast-page-background-meta":{"desktop":{"background-color":"","background-image":"","background-repeat":"repeat","background-position":"center center","background-size":"auto","background-attachment":"scroll","background-type":"","background-media":"","overlay-type":"","overlay-color":"","overlay-opacity":"","overlay-gradient":""},"tablet":{"background-color":"","background-image":"","background-repeat":"repeat","background-position":"center center","background-size":"auto","background-attachment":"scroll","background-type":"","background-media":"","overlay-type":"","overlay-color":"","overlay-opacity":"","overlay-gradient":""},"mobile":{"background-color":"","background-image":"","background-repeat":"repeat","background-position":"center center","background-size":"auto","background-attachment":"scroll","background-type":"","background-media":"","overlay-type":"","overlay-color":"","overlay-opacity":"","overlay-gradient":""}},"ast-content-background-meta":{"desktop":{"background-color":"var(--ast-global-color-5)","background-image":"","background-repeat":"repeat","background-position":"center center","background-size":"auto","background-attachment":"scroll","background-type":"","background-media":"","overlay-type":"","overlay-color":"","overlay-opacity":"","overlay-gradient":""},"tablet":{"background-color":"var(--ast-global-color-5)","background-image":"","background-repeat":"repeat","background-position":"center center","background-size":"auto","background-attachment":"scroll","background-type":"","background-media":"","overlay-type":"","overlay-color":"","overlay-opacity":"","overlay-gradient":""},"mobile":{"background-color":"var(--ast-global-color-5)","background-image":"","background-repeat":"repeat","background-position":"center center","background-size":"auto","background-attachment":"scroll","background-type":"","background-media":"","overlay-type":"","overlay-color":"","overlay-opacity":"","overlay-gradient":""}},"footnotes":""},"folder":[],"class_list":["post-3238","page","type-page","status-publish","hentry"],"_links":{"self":[{"href":"https:\/\/lomestar.de\/schulkleidung\/wp-json\/wp\/v2\/pages\/3238","targetHints":{"allow":["GET"]}}],"collection":[{"href":"https:\/\/lomestar.de\/schulkleidung\/wp-json\/wp\/v2\/pages"}],"about":[{"href":"https:\/\/lomestar.de\/schulkleidung\/wp-json\/wp\/v2\/types\/page"}],"author":[{"embeddable":true,"href":"https:\/\/lomestar.de\/schulkleidung\/wp-json\/wp\/v2\/users\/3"}],"replies":[{"embeddable":true,"href":"https:\/\/lomestar.de\/schulkleidung\/wp-json\/wp\/v2\/comments?post=3238"}],"version-history":[{"count":7,"href":"https:\/\/lomestar.de\/schulkleidung\/wp-json\/wp\/v2\/pages\/3238\/revisions"}],"predecessor-version":[{"id":20095,"href":"https:\/\/lomestar.de\/schulkleidung\/wp-json\/wp\/v2\/pages\/3238\/revisions\/20095"}],"wp:attachment":[{"href":"https:\/\/lomestar.de\/schulkleidung\/wp-json\/wp\/v2\/media?parent=3238"}],"wp:term":[{"taxonomy":"folder","embeddable":true,"href":"https:\/\/lomestar.de\/schulkleidung\/wp-json\/wp\/v2\/folder?post=3238"}],"curies":[{"name":"wp","href":"https:\/\/api.w.org\/{rel}","templated":true}]}}