{"id":3214,"date":"2020-02-03T14:44:17","date_gmt":"2020-02-03T13:44:17","guid":{"rendered":"https:\/\/app-web-ls-wp.azurewebsites.net\/schulkleidung\/?page_id=3214"},"modified":"2024-03-15T08:22:47","modified_gmt":"2024-03-15T07:22:47","slug":"bestellung","status":"publish","type":"page","link":"https:\/\/lomestar.de\/schulkleidung\/bestellung\/","title":{"rendered":"Bestellung"},"content":{"rendered":"\t\t<div data-elementor-type=\"wp-page\" data-elementor-id=\"3214\" class=\"elementor elementor-3214\" data-elementor-post-type=\"page\">\n\t\t\t\t\t\t<section class=\"elementor-section elementor-top-section elementor-element elementor-element-30f3ddb elementor-section-boxed elementor-section-height-default elementor-section-height-default\" data-id=\"30f3ddb\" data-element_type=\"section\" data-e-type=\"section\">\n\t\t\t\t\t\t<div class=\"elementor-container elementor-column-gap-default\">\n\t\t\t\t\t<div class=\"elementor-column elementor-col-100 elementor-top-column elementor-element elementor-element-be33357\" data-id=\"be33357\" data-element_type=\"column\" data-e-type=\"column\">\n\t\t\t<div class=\"elementor-widget-wrap elementor-element-populated\">\n\t\t\t\t\t\t<section class=\"elementor-section elementor-inner-section elementor-element elementor-element-1f25152 elementor-section-boxed elementor-section-height-default elementor-section-height-default\" data-id=\"1f25152\" data-element_type=\"section\" data-e-type=\"section\">\n\t\t\t\t\t\t<div class=\"elementor-container elementor-column-gap-default\">\n\t\t\t\t\t<div class=\"elementor-column elementor-col-100 elementor-inner-column elementor-element elementor-element-332a012\" data-id=\"332a012\" data-element_type=\"column\" data-e-type=\"column\">\n\t\t\t<div class=\"elementor-widget-wrap elementor-element-populated\">\n\t\t\t\t\t\t<div class=\"elementor-element elementor-element-8919b16 elementor-widget elementor-widget-heading\" data-id=\"8919b16\" data-element_type=\"widget\" data-e-type=\"widget\" data-widget_type=\"heading.default\">\n\t\t\t\t<div class=\"elementor-widget-container\">\n\t\t\t\t\t<h2 class=\"elementor-heading-title elementor-size-default\">Ihr habt die Wahl...<\/h2>\t\t\t\t<\/div>\n\t\t\t\t<\/div>\n\t\t\t\t<div class=\"elementor-element elementor-element-5b1d53a elementor-widget elementor-widget-spacer\" data-id=\"5b1d53a\" data-element_type=\"widget\" data-e-type=\"widget\" data-widget_type=\"spacer.default\">\n\t\t\t\t<div class=\"elementor-widget-container\">\n\t\t\t\t\t\t\t<div class=\"elementor-spacer\">\n\t\t\t<div class=\"elementor-spacer-inner\"><\/div>\n\t\t<\/div>\n\t\t\t\t\t\t<\/div>\n\t\t\t\t<\/div>\n\t\t\t\t<div class=\"elementor-element elementor-element-71eb67c elementor-widget elementor-widget-text-editor\" data-id=\"71eb67c\" data-element_type=\"widget\" data-e-type=\"widget\" data-widget_type=\"text-editor.default\">\n\t\t\t\t<div class=\"elementor-widget-container\">\n\t\t\t\t\t\t\t\t\t<p>1. Ihr habt euch f\u00fcr <strong>Bestellscheine\u00a0<\/strong>entschieden &#8211; dann k\u00f6nnt ihr diese am Ende der Bestellfrist auswerten und uns die ben\u00f6tigten Mengen, Gr\u00f6\u00dfen und Farben mitteilen. Im Anschluss erhaltet ihr eine Auftragsbest\u00e4tigung, die ihr gemeinsam im Team oder mit der Unterst\u00fctzung eurer Lehrer pr\u00fcfen m\u00fcsst. Wenn alles stimmt, \u00fcberweist ihr den Gesamtbetrag auf unser Konto.\u00a0<\/p><p>2. Ihr m\u00f6chtet einen individuellen <strong><a href=\"https:\/\/lomestar.de\/schulkleidung\/online-shop\/\">Onlineshop<\/a>,\u00a0<\/strong>um Papier und das Ausz\u00e4hlen der Bestellzettel einzusparen? Dann richten wir euch diesen gerne kostenfrei ein. Ihr sammelt parallel zu den Bestellungen das Geld ein oder lasst es euch auf euer Konto \u00fcberweisen. Nach Ablauf der Bestellfrist kann der Organisator alle im Shop eingegangenen Bestellungen pr\u00fcfen. Wenn alles passt l\u00f6sen wir die Bestellung aus und ihr erhaltet eine Auftragsbest\u00e4tigung. Im Anschluss \u00fcberweist ihr den Gesamtbetrag auf unser Konto.<\/p><p>3. Ihr entscheidet euch f\u00fcr einen individuellen <a href=\"https:\/\/lomestar.de\/schulkleidung\/online-shop\/\">Onlineshop<\/a> mit Zahlfunktion per PayPal, Lastschrift oder Kreditkarte. So bezahlt jeder einzelne Besteller direkt im Shop an uns. Nach Ablauf der Bestellfrist werden die Bestellungen ausgel\u00f6st und ihr erhaltet eine Auftragsbest\u00e4tigung.\u00a0<\/p><p>Ihr erhaltet eine <strong>Druckvorschau\u00a0<\/strong>zur Kontrolle und <strong>Freigabe.\u00a0<\/strong>Nun k\u00f6nnen wir mit der <strong>Produktion<\/strong> eurer Schulkleidung starten und diese anschlie\u00dfend als Sammelsendung an euch ausliefern.<\/p>\t\t\t\t\t\t\t\t<\/div>\n\t\t\t\t<\/div>\n\t\t\t\t\t<\/div>\n\t\t<\/div>\n\t\t\t\t\t<\/div>\n\t\t<\/section>\n\t\t\t\t<div class=\"elementor-element elementor-element-9fc6e9b elementor-widget elementor-widget-image\" data-id=\"9fc6e9b\" data-element_type=\"widget\" data-e-type=\"widget\" data-widget_type=\"image.default\">\n\t\t\t\t<div class=\"elementor-widget-container\">\n\t\t\t\t\t\t\t\t\t\t\t\t\t\t\t<img fetchpriority=\"high\" decoding=\"async\" width=\"1024\" height=\"549\" src=\"https:\/\/lomestar.de\/schulkleidung\/wp-content\/uploads\/sites\/2\/2020\/02\/nachbestellung-1024x549.png\" class=\"attachment-large size-large wp-image-3216\" alt=\"Mehrere Sch\u00fcler machen Selfie\" srcset=\"https:\/\/lomestar.de\/schulkleidung\/wp-content\/uploads\/sites\/2\/2020\/02\/nachbestellung-1024x549.png 1024w, https:\/\/lomestar.de\/schulkleidung\/wp-content\/uploads\/sites\/2\/2020\/02\/nachbestellung-300x161.png 300w, https:\/\/lomestar.de\/schulkleidung\/wp-content\/uploads\/sites\/2\/2020\/02\/nachbestellung-768x412.png 768w, https:\/\/lomestar.de\/schulkleidung\/wp-content\/uploads\/sites\/2\/2020\/02\/nachbestellung-600x322.png 600w, https:\/\/lomestar.de\/schulkleidung\/wp-content\/uploads\/sites\/2\/2020\/02\/nachbestellung.png 1100w\" sizes=\"(max-width: 1024px) 100vw, 1024px\" \/>\t\t\t\t\t\t\t\t\t\t\t\t\t\t\t<\/div>\n\t\t\t\t<\/div>\n\t\t\t\t<div class=\"elementor-element elementor-element-50682a8 elementor-widget elementor-widget-spacer\" data-id=\"50682a8\" data-element_type=\"widget\" data-e-type=\"widget\" data-widget_type=\"spacer.default\">\n\t\t\t\t<div class=\"elementor-widget-container\">\n\t\t\t\t\t\t\t<div class=\"elementor-spacer\">\n\t\t\t<div class=\"elementor-spacer-inner\"><\/div>\n\t\t<\/div>\n\t\t\t\t\t\t<\/div>\n\t\t\t\t<\/div>\n\t\t\t\t\t<\/div>\n\t\t<\/div>\n\t\t\t\t\t<\/div>\n\t\t<\/section>\n\t\t\t\t<section class=\"elementor-section elementor-top-section elementor-element elementor-element-7b78b55 elementor-section-boxed elementor-section-height-default elementor-section-height-default\" data-id=\"7b78b55\" data-element_type=\"section\" data-e-type=\"section\">\n\t\t\t\t\t\t<div class=\"elementor-container elementor-column-gap-default\">\n\t\t\t\t\t<div class=\"elementor-column elementor-col-100 elementor-top-column elementor-element elementor-element-15d6114\" data-id=\"15d6114\" data-element_type=\"column\" data-e-type=\"column\">\n\t\t\t<div class=\"elementor-widget-wrap elementor-element-populated\">\n\t\t\t\t\t\t<div class=\"elementor-element elementor-element-cab0c8b elementor-widget elementor-widget-heading\" data-id=\"cab0c8b\" data-element_type=\"widget\" data-e-type=\"widget\" data-widget_type=\"heading.default\">\n\t\t\t\t<div class=\"elementor-widget-container\">\n\t\t\t\t\t<h2 class=\"elementor-heading-title elementor-size-default\">Nachbestellung<\/h2>\t\t\t\t<\/div>\n\t\t\t\t<\/div>\n\t\t\t\t<div class=\"elementor-element elementor-element-ea5be2c elementor-widget elementor-widget-text-editor\" data-id=\"ea5be2c\" data-element_type=\"widget\" data-e-type=\"widget\" data-widget_type=\"text-editor.default\">\n\t\t\t\t<div class=\"elementor-widget-container\">\n\t\t\t\t\t\t\t\t\t<p>Selbstverst\u00e4ndlich k\u00f6nnt ihr auch jederzeit <a href=\"https:\/\/lomestar.de\/schulkleidung\/textilien\/\">Textilien<\/a> nachbestellen. Es kommen immer wieder neue Sch\u00fcler an die Schule oder Sch\u00fcler entscheiden sich nachtr\u00e4glich f\u00fcr Textilien aus der Schulkleidungskollektion.\u00a0<br \/><span style=\"font-size: 16px;\">Kein Problem! <\/span><strong style=\"font-size: 16px;\">Ab 25 bedruckten Textilien<\/strong><span style=\"font-size: 16px;\"> k\u00f6nnt ihr eine Bestellung bei uns aufgeben. Falls ihr neue Bestellzettel ben\u00f6tigt, meldet euch bei uns!<\/span><\/p>\t\t\t\t\t\t\t\t<\/div>\n\t\t\t\t<\/div>\n\t\t\t\t\t<\/div>\n\t\t<\/div>\n\t\t\t\t\t<\/div>\n\t\t<\/section>\n\t\t\t\t<section class=\"elementor-section elementor-top-section elementor-element elementor-element-77b0884 elementor-section-boxed elementor-section-height-default elementor-section-height-default\" data-id=\"77b0884\" data-element_type=\"section\" data-e-type=\"section\">\n\t\t\t\t\t\t<div class=\"elementor-container elementor-column-gap-default\">\n\t\t\t\t\t<div class=\"elementor-column elementor-col-100 elementor-top-column elementor-element elementor-element-4f01051\" data-id=\"4f01051\" data-element_type=\"column\" data-e-type=\"column\">\n\t\t\t<div class=\"elementor-widget-wrap elementor-element-populated\">\n\t\t\t\t\t\t<div class=\"elementor-element elementor-element-5afe78c elementor-widget elementor-widget-heading\" data-id=\"5afe78c\" data-element_type=\"widget\" data-e-type=\"widget\" data-widget_type=\"heading.default\">\n\t\t\t\t<div class=\"elementor-widget-container\">\n\t\t\t\t\t<h2 class=\"elementor-heading-title elementor-size-default\">Zahlungsbedingung<\/h2>\t\t\t\t<\/div>\n\t\t\t\t<\/div>\n\t\t\t\t<div class=\"elementor-element elementor-element-3a3c005 elementor-widget elementor-widget-text-editor\" data-id=\"3a3c005\" data-element_type=\"widget\" data-e-type=\"widget\" data-widget_type=\"text-editor.default\">\n\t\t\t\t<div class=\"elementor-widget-container\">\n\t\t\t\t\t\t\t\t\t<p>Eure Bestellung bezahlt ihr <b>per Vorkasse.<\/b><\/p><p>Unser Tipp: Je z\u00fcgiger ihr das Geld einsammelt und den Betrag \u00fcberweist, desto schneller k\u00f6nnen wir eure Textilien drucken.<\/p>\t\t\t\t\t\t\t\t<\/div>\n\t\t\t\t<\/div>\n\t\t\t\t\t<\/div>\n\t\t<\/div>\n\t\t\t\t\t<\/div>\n\t\t<\/section>\n\t\t\t\t<section class=\"elementor-section elementor-top-section elementor-element elementor-element-05e5361 elementor-section-boxed elementor-section-height-default elementor-section-height-default\" data-id=\"05e5361\" data-element_type=\"section\" data-e-type=\"section\">\n\t\t\t\t\t\t<div class=\"elementor-container elementor-column-gap-default\">\n\t\t\t\t\t<div class=\"elementor-column elementor-col-100 elementor-top-column elementor-element elementor-element-8d30461\" data-id=\"8d30461\" data-element_type=\"column\" data-e-type=\"column\">\n\t\t\t<div class=\"elementor-widget-wrap elementor-element-populated\">\n\t\t\t\t\t\t<div class=\"elementor-element elementor-element-41f4199 elementor-widget elementor-widget-heading\" data-id=\"41f4199\" data-element_type=\"widget\" data-e-type=\"widget\" data-widget_type=\"heading.default\">\n\t\t\t\t<div class=\"elementor-widget-container\">\n\t\t\t\t\t<h2 class=\"elementor-heading-title elementor-size-default\">Lieferzeit<\/h2>\t\t\t\t<\/div>\n\t\t\t\t<\/div>\n\t\t\t\t<div class=\"elementor-element elementor-element-a04182d elementor-widget elementor-widget-text-editor\" data-id=\"a04182d\" data-element_type=\"widget\" data-e-type=\"widget\" data-widget_type=\"text-editor.default\">\n\t\t\t\t<div class=\"elementor-widget-container\">\n\t\t\t\t\t\t\t\t\t<p>Die Lieferung der Shirts erfolgt f\u00fcr gew\u00f6hnlich <strong>20 Arbeitstage<\/strong> nach Best\u00e4tigung der Druckvorschau. Je nach Druckverfahren und Auftragslage kann diese variieren.\u00a0<\/p><p><span style=\"font-size: 16px\">Bitte nennt uns immer euren <b>Wunschliefertermin<\/b>, damit wir versuchen k\u00f6nnen, diesen zu realisieren.<\/span><\/p>\t\t\t\t\t\t\t\t<\/div>\n\t\t\t\t<\/div>\n\t\t\t\t\t<\/div>\n\t\t<\/div>\n\t\t\t\t\t<\/div>\n\t\t<\/section>\n\t\t\t\t<section class=\"elementor-section elementor-top-section elementor-element elementor-element-159a19d elementor-section-boxed elementor-section-height-default elementor-section-height-default\" data-id=\"159a19d\" data-element_type=\"section\" data-e-type=\"section\">\n\t\t\t\t\t\t<div class=\"elementor-container elementor-column-gap-default\">\n\t\t\t\t\t<div class=\"elementor-column elementor-col-100 elementor-top-column elementor-element elementor-element-d406d73\" data-id=\"d406d73\" data-element_type=\"column\" data-e-type=\"column\">\n\t\t\t<div class=\"elementor-widget-wrap elementor-element-populated\">\n\t\t\t\t\t\t<div class=\"elementor-element elementor-element-48eb3f1 elementor-widget elementor-widget-heading\" data-id=\"48eb3f1\" data-element_type=\"widget\" data-e-type=\"widget\" data-widget_type=\"heading.default\">\n\t\t\t\t<div class=\"elementor-widget-container\">\n\t\t\t\t\t<h2 class=\"elementor-heading-title elementor-size-default\">Versandkosten<\/h2>\t\t\t\t<\/div>\n\t\t\t\t<\/div>\n\t\t\t\t<div class=\"elementor-element elementor-element-c1eacab elementor-widget elementor-widget-text-editor\" data-id=\"c1eacab\" data-element_type=\"widget\" data-e-type=\"widget\" data-widget_type=\"text-editor.default\">\n\t\t\t\t<div class=\"elementor-widget-container\">\n\t\t\t\t\t\t\t\t\t<p>Der Versand an eine beliebige Adresse ist bei Bestellungen einer Schulkleidungskollektion <b>kostenfrei<\/b>.<\/p>\t\t\t\t\t\t\t\t<\/div>\n\t\t\t\t<\/div>\n\t\t\t\t\t<\/div>\n\t\t<\/div>\n\t\t\t\t\t<\/div>\n\t\t<\/section>\n\t\t\t\t<\/div>\n\t\t","protected":false},"excerpt":{"rendered":"<p>Ihr habt die Wahl&#8230; 1. Ihr habt euch f\u00fcr Bestellscheine\u00a0entschieden &#8211; dann k\u00f6nnt ihr diese am Ende der Bestellfrist auswerten und uns die ben\u00f6tigten Mengen, Gr\u00f6\u00dfen und Farben mitteilen. Im Anschluss erhaltet ihr eine Auftragsbest\u00e4tigung, die ihr gemeinsam im Team oder mit der Unterst\u00fctzung eurer Lehrer pr\u00fcfen m\u00fcsst. Wenn alles stimmt, \u00fcberweist ihr den Gesamtbetrag [&hellip;]<\/p>\n","protected":false},"author":3,"featured_media":0,"parent":0,"menu_order":0,"comment_status":"closed","ping_status":"closed","template":"","meta":{"site-sidebar-layout":"no-sidebar","site-content-layout":"page-builder","ast-site-content-layout":"default","site-content-style":"default","site-sidebar-style":"default","ast-global-header-display":"","ast-banner-title-visibility":"","ast-main-header-display":"","ast-hfb-above-header-display":"","ast-hfb-below-header-display":"","ast-hfb-mobile-header-display":"","site-post-title":"disabled","ast-breadcrumbs-content":"","ast-featured-img":"disabled","footer-sml-layout":"","ast-disable-related-posts":"","theme-transparent-header-meta":"default","adv-header-id-meta":"","stick-header-meta":"default","header-above-stick-meta":"","header-main-stick-meta":"","header-below-stick-meta":"","astra-migrate-meta-layouts":"default","ast-page-background-enabled":"default","ast-page-background-meta":{"desktop":{"background-color":"","background-image":"","background-repeat":"repeat","background-position":"center center","background-size":"auto","background-attachment":"scroll","background-type":"","background-media":"","overlay-type":"","overlay-color":"","overlay-opacity":"","overlay-gradient":""},"tablet":{"background-color":"","background-image":"","background-repeat":"repeat","background-position":"center center","background-size":"auto","background-attachment":"scroll","background-type":"","background-media":"","overlay-type":"","overlay-color":"","overlay-opacity":"","overlay-gradient":""},"mobile":{"background-color":"","background-image":"","background-repeat":"repeat","background-position":"center center","background-size":"auto","background-attachment":"scroll","background-type":"","background-media":"","overlay-type":"","overlay-color":"","overlay-opacity":"","overlay-gradient":""}},"ast-content-background-meta":{"desktop":{"background-color":"var(--ast-global-color-5)","background-image":"","background-repeat":"repeat","background-position":"center center","background-size":"auto","background-attachment":"scroll","background-type":"","background-media":"","overlay-type":"","overlay-color":"","overlay-opacity":"","overlay-gradient":""},"tablet":{"background-color":"var(--ast-global-color-5)","background-image":"","background-repeat":"repeat","background-position":"center center","background-size":"auto","background-attachment":"scroll","background-type":"","background-media":"","overlay-type":"","overlay-color":"","overlay-opacity":"","overlay-gradient":""},"mobile":{"background-color":"var(--ast-global-color-5)","background-image":"","background-repeat":"repeat","background-position":"center center","background-size":"auto","background-attachment":"scroll","background-type":"","background-media":"","overlay-type":"","overlay-color":"","overlay-opacity":"","overlay-gradient":""}},"footnotes":""},"folder":[],"class_list":["post-3214","page","type-page","status-publish","hentry"],"_links":{"self":[{"href":"https:\/\/lomestar.de\/schulkleidung\/wp-json\/wp\/v2\/pages\/3214","targetHints":{"allow":["GET"]}}],"collection":[{"href":"https:\/\/lomestar.de\/schulkleidung\/wp-json\/wp\/v2\/pages"}],"about":[{"href":"https:\/\/lomestar.de\/schulkleidung\/wp-json\/wp\/v2\/types\/page"}],"author":[{"embeddable":true,"href":"https:\/\/lomestar.de\/schulkleidung\/wp-json\/wp\/v2\/users\/3"}],"replies":[{"embeddable":true,"href":"https:\/\/lomestar.de\/schulkleidung\/wp-json\/wp\/v2\/comments?post=3214"}],"version-history":[{"count":0,"href":"https:\/\/lomestar.de\/schulkleidung\/wp-json\/wp\/v2\/pages\/3214\/revisions"}],"wp:attachment":[{"href":"https:\/\/lomestar.de\/schulkleidung\/wp-json\/wp\/v2\/media?parent=3214"}],"wp:term":[{"taxonomy":"folder","embeddable":true,"href":"https:\/\/lomestar.de\/schulkleidung\/wp-json\/wp\/v2\/folder?post=3214"}],"curies":[{"name":"wp","href":"https:\/\/api.w.org\/{rel}","templated":true}]}}