{"id":3197,"date":"2020-02-03T14:03:54","date_gmt":"2020-02-03T13:03:54","guid":{"rendered":"https:\/\/app-web-ls-wp.azurewebsites.net\/schulkleidung\/?page_id=3197"},"modified":"2023-01-05T08:48:08","modified_gmt":"2023-01-05T07:48:08","slug":"anprobemuster","status":"publish","type":"page","link":"https:\/\/lomestar.de\/schulkleidung\/anprobemuster\/","title":{"rendered":"Anprobemuster"},"content":{"rendered":"\t\t<div data-elementor-type=\"wp-page\" data-elementor-id=\"3197\" class=\"elementor elementor-3197\" data-elementor-post-type=\"page\">\n\t\t\t\t\t\t<section class=\"elementor-section elementor-top-section elementor-element elementor-element-5251d62 elementor-section-boxed elementor-section-height-default elementor-section-height-default\" data-id=\"5251d62\" data-element_type=\"section\" data-e-type=\"section\">\n\t\t\t\t\t\t<div class=\"elementor-container elementor-column-gap-default\">\n\t\t\t\t\t<div class=\"elementor-column elementor-col-100 elementor-top-column elementor-element elementor-element-a0423ed\" data-id=\"a0423ed\" data-element_type=\"column\" data-e-type=\"column\">\n\t\t\t<div class=\"elementor-widget-wrap elementor-element-populated\">\n\t\t\t\t\t\t<div class=\"elementor-element elementor-element-b5c9a76 elementor-widget elementor-widget-heading\" data-id=\"b5c9a76\" data-element_type=\"widget\" data-e-type=\"widget\" data-widget_type=\"heading.default\">\n\t\t\t\t<div class=\"elementor-widget-container\">\n\t\t\t\t\t<h2 class=\"elementor-heading-title elementor-size-default\"><h2 class=\"elementor-heading-title elementor-size-default elementor-inline-editing pen\" data-elementor-setting-key=\"title\" data-pen-placeholder=\"Eingabe hier...\" style=\"font-style: normal\">Anprobemuster empfangen<\/h2><\/h2>\t\t\t\t<\/div>\n\t\t\t\t<\/div>\n\t\t\t\t\t<\/div>\n\t\t<\/div>\n\t\t\t\t\t<\/div>\n\t\t<\/section>\n\t\t\t\t<section class=\"elementor-section elementor-top-section elementor-element elementor-element-cdae4d7 elementor-section-boxed elementor-section-height-default elementor-section-height-default\" data-id=\"cdae4d7\" data-element_type=\"section\" data-e-type=\"section\">\n\t\t\t\t\t\t<div class=\"elementor-container elementor-column-gap-default\">\n\t\t\t\t\t<div class=\"elementor-column elementor-col-100 elementor-top-column elementor-element elementor-element-d69f141\" data-id=\"d69f141\" data-element_type=\"column\" data-e-type=\"column\">\n\t\t\t<div class=\"elementor-widget-wrap elementor-element-populated\">\n\t\t\t\t\t\t<section class=\"elementor-section elementor-inner-section elementor-element elementor-element-91feff1 elementor-section-boxed elementor-section-height-default elementor-section-height-default\" data-id=\"91feff1\" data-element_type=\"section\" data-e-type=\"section\">\n\t\t\t\t\t\t<div class=\"elementor-container elementor-column-gap-default\">\n\t\t\t\t\t<div class=\"elementor-column elementor-col-66 elementor-inner-column elementor-element elementor-element-6d51f45\" data-id=\"6d51f45\" data-element_type=\"column\" data-e-type=\"column\">\n\t\t\t<div class=\"elementor-widget-wrap elementor-element-populated\">\n\t\t\t\t\t\t<div class=\"elementor-element elementor-element-938a4fd elementor-widget elementor-widget-text-editor\" data-id=\"938a4fd\" data-element_type=\"widget\" data-e-type=\"widget\" data-widget_type=\"text-editor.default\">\n\t\t\t\t<div class=\"elementor-widget-container\">\n\t\t\t\t\t\t\t\t\t<p>Neben den Textilien, die ihr <a href=\"https:\/\/lomestar.de\/schulkleidung\/textilien\"><strong>hier<\/strong><\/a> auf unserer Website findet, k\u00f6nnen wir euch noch viele weitere Textilien verschiedener Hersteller anbieten. Ihr habt besondere W\u00fcnsche? Wollt ihr eure Kollektion individuell anfertigen lassen? Sprecht uns an, wir finden mit euch zusammen das Passende!<\/p><p>Durch unsere <strong>Unabh\u00e4ngigkeit von Textilherstellern<\/strong> haben wir Zugriff auf <strong>\u00fcber 100.000 Textilien<\/strong>. Wir senden euch die gew\u00fcnschten Textilien als Muster zum Anprobieren kostenfrei zu. Die Anprobemuster d\u00fcrft ihr behalten, damit die Sch\u00fcler immer wieder die M\u00f6glichkeit haben, die Textilien anzuprobieren und ihre Gr\u00f6\u00dfe zu ermitteln.<\/p><p>Ruft uns an unter <b>06056\/9177814<\/b> oder schreibt eine E-Mail an <a href=\"mailto:info@lomestar.de\"><b>info@lomestar.de<\/b><\/a> und fordert eure<span style=\"font-size: 16px;\">\u00a0Anprobemuster an!<\/span><\/p>\t\t\t\t\t\t\t\t<\/div>\n\t\t\t\t<\/div>\n\t\t\t\t\t<\/div>\n\t\t<\/div>\n\t\t\t\t<div class=\"elementor-column elementor-col-33 elementor-inner-column elementor-element elementor-element-15f9dfd\" data-id=\"15f9dfd\" data-element_type=\"column\" data-e-type=\"column\">\n\t\t\t<div class=\"elementor-widget-wrap elementor-element-populated\">\n\t\t\t\t\t\t<div class=\"elementor-element elementor-element-a499ee4 elementor-hidden-phone elementor-widget elementor-widget-image\" data-id=\"a499ee4\" data-element_type=\"widget\" data-e-type=\"widget\" data-widget_type=\"image.default\">\n\t\t\t\t<div class=\"elementor-widget-container\">\n\t\t\t\t\t\t\t\t\t\t\t\t\t\t\t<img fetchpriority=\"high\" decoding=\"async\" width=\"200\" height=\"281\" src=\"https:\/\/lomestar.de\/schulkleidung\/wp-content\/uploads\/sites\/2\/2020\/02\/tshirt-schwarz.png\" class=\"attachment-medium size-medium wp-image-3200\" alt=\"Schwarzes T-Shirt\" \/>\t\t\t\t\t\t\t\t\t\t\t\t\t\t\t<\/div>\n\t\t\t\t<\/div>\n\t\t\t\t\t<\/div>\n\t\t<\/div>\n\t\t\t\t\t<\/div>\n\t\t<\/section>\n\t\t\t\t<div class=\"elementor-element elementor-element-b57b87b elementor-widget elementor-widget-image\" data-id=\"b57b87b\" data-element_type=\"widget\" data-e-type=\"widget\" data-widget_type=\"image.default\">\n\t\t\t\t<div class=\"elementor-widget-container\">\n\t\t\t\t\t\t\t\t\t\t\t\t\t\t\t<img decoding=\"async\" width=\"1024\" height=\"528\" src=\"https:\/\/lomestar.de\/schulkleidung\/wp-content\/uploads\/sites\/2\/2020\/04\/Muster-1024x528.jpg\" class=\"attachment-large size-large wp-image-3826\" alt=\"\" srcset=\"https:\/\/lomestar.de\/schulkleidung\/wp-content\/uploads\/sites\/2\/2020\/04\/Muster-1024x528.jpg 1024w, https:\/\/lomestar.de\/schulkleidung\/wp-content\/uploads\/sites\/2\/2020\/04\/Muster-300x155.jpg 300w, https:\/\/lomestar.de\/schulkleidung\/wp-content\/uploads\/sites\/2\/2020\/04\/Muster-768x396.jpg 768w, https:\/\/lomestar.de\/schulkleidung\/wp-content\/uploads\/sites\/2\/2020\/04\/Muster-1536x792.jpg 1536w, https:\/\/lomestar.de\/schulkleidung\/wp-content\/uploads\/sites\/2\/2020\/04\/Muster-2048x1055.jpg 2048w, https:\/\/lomestar.de\/schulkleidung\/wp-content\/uploads\/sites\/2\/2020\/04\/Muster-400x206.jpg 400w\" sizes=\"(max-width: 1024px) 100vw, 1024px\" \/>\t\t\t\t\t\t\t\t\t\t\t\t\t\t\t<\/div>\n\t\t\t\t<\/div>\n\t\t\t\t<div class=\"elementor-element elementor-element-6202c4f elementor-widget elementor-widget-spacer\" data-id=\"6202c4f\" data-element_type=\"widget\" data-e-type=\"widget\" data-widget_type=\"spacer.default\">\n\t\t\t\t<div class=\"elementor-widget-container\">\n\t\t\t\t\t\t\t<div class=\"elementor-spacer\">\n\t\t\t<div class=\"elementor-spacer-inner\"><\/div>\n\t\t<\/div>\n\t\t\t\t\t\t<\/div>\n\t\t\t\t<\/div>\n\t\t\t\t<div class=\"elementor-element elementor-element-d78e324 elementor-widget elementor-widget-text-editor\" data-id=\"d78e324\" data-element_type=\"widget\" data-e-type=\"widget\" data-widget_type=\"text-editor.default\">\n\t\t\t\t<div class=\"elementor-widget-container\">\n\t\t\t\t\t\t\t\t\t<p>F\u00fcr den perfekten Sitz stellen wir euch f\u00fcr jedes Textil eine Ma\u00dftabelle und eine Anleitung zum richtigen Ausmessen zur Verf\u00fcgung.<\/p><p><strong>Beispiel:<\/strong><\/p>\t\t\t\t\t\t\t\t<\/div>\n\t\t\t\t<\/div>\n\t\t\t\t<div class=\"elementor-element elementor-element-1522a8d elementor-widget elementor-widget-image\" data-id=\"1522a8d\" data-element_type=\"widget\" data-e-type=\"widget\" data-widget_type=\"image.default\">\n\t\t\t\t<div class=\"elementor-widget-container\">\n\t\t\t\t\t\t\t\t\t\t\t\t\t\t\t<img decoding=\"async\" width=\"768\" height=\"225\" src=\"https:\/\/lomestar.de\/schulkleidung\/wp-content\/uploads\/sites\/2\/2023\/01\/BeispielQualitaetsmuster-768x225.jpg\" class=\"attachment-medium_large size-medium_large wp-image-15976\" alt=\"\" srcset=\"https:\/\/lomestar.de\/schulkleidung\/wp-content\/uploads\/sites\/2\/2023\/01\/BeispielQualitaetsmuster-768x225.jpg 768w, https:\/\/lomestar.de\/schulkleidung\/wp-content\/uploads\/sites\/2\/2023\/01\/BeispielQualitaetsmuster-300x88.jpg 300w, https:\/\/lomestar.de\/schulkleidung\/wp-content\/uploads\/sites\/2\/2023\/01\/BeispielQualitaetsmuster-1024x301.jpg 1024w, https:\/\/lomestar.de\/schulkleidung\/wp-content\/uploads\/sites\/2\/2023\/01\/BeispielQualitaetsmuster-400x117.jpg 400w, https:\/\/lomestar.de\/schulkleidung\/wp-content\/uploads\/sites\/2\/2023\/01\/BeispielQualitaetsmuster.jpg 1366w\" sizes=\"(max-width: 768px) 100vw, 768px\" \/>\t\t\t\t\t\t\t\t\t\t\t\t\t\t\t<\/div>\n\t\t\t\t<\/div>\n\t\t\t\t<section class=\"elementor-section elementor-inner-section elementor-element elementor-element-5470409 elementor-section-boxed elementor-section-height-default elementor-section-height-default\" data-id=\"5470409\" data-element_type=\"section\" data-e-type=\"section\">\n\t\t\t\t\t\t<div class=\"elementor-container elementor-column-gap-default\">\n\t\t\t\t\t<div class=\"elementor-column elementor-col-50 elementor-inner-column elementor-element elementor-element-cee5a65\" data-id=\"cee5a65\" data-element_type=\"column\" data-e-type=\"column\">\n\t\t\t<div class=\"elementor-widget-wrap elementor-element-populated\">\n\t\t\t\t\t\t<div class=\"elementor-element elementor-element-395beb8 elementor-widget elementor-widget-text-editor\" data-id=\"395beb8\" data-element_type=\"widget\" data-e-type=\"widget\" data-widget_type=\"text-editor.default\">\n\t\t\t\t<div class=\"elementor-widget-container\">\n\t\t\t\t\t\t\t\t\t<p><strong>Und so funktioniert&#8217;s:<\/strong><\/p><p>Einfach ein \u00e4hnliches Textil aus dem Kleiderschrank, das dir gut passt vor dich hinlegen und dieses von oben nach unten und von links nach recht (unter den Achseln) vermessen.<\/p><p>Diese Ma\u00dfe dann mit der angegebenen Tabelle vergleichen und deine Gr\u00f6\u00dfe w\u00e4hlen.<\/p>\t\t\t\t\t\t\t\t<\/div>\n\t\t\t\t<\/div>\n\t\t\t\t\t<\/div>\n\t\t<\/div>\n\t\t\t\t<div class=\"elementor-column elementor-col-50 elementor-inner-column elementor-element elementor-element-7fae6ca\" data-id=\"7fae6ca\" data-element_type=\"column\" data-e-type=\"column\">\n\t\t\t<div class=\"elementor-widget-wrap elementor-element-populated\">\n\t\t\t\t\t\t<div class=\"elementor-element elementor-element-a874fa4 elementor-widget elementor-widget-image\" data-id=\"a874fa4\" data-element_type=\"widget\" data-e-type=\"widget\" data-widget_type=\"image.default\">\n\t\t\t\t<div class=\"elementor-widget-container\">\n\t\t\t\t\t\t\t\t\t\t\t\t\t\t\t<img loading=\"lazy\" decoding=\"async\" width=\"1024\" height=\"683\" src=\"https:\/\/lomestar.de\/schulkleidung\/wp-content\/uploads\/sites\/2\/2023\/01\/Shirt-messen_AdobeStock_380283786-1024x683.jpg\" class=\"attachment-large size-large wp-image-15977\" alt=\"\" srcset=\"https:\/\/lomestar.de\/schulkleidung\/wp-content\/uploads\/sites\/2\/2023\/01\/Shirt-messen_AdobeStock_380283786-1024x683.jpg 1024w, https:\/\/lomestar.de\/schulkleidung\/wp-content\/uploads\/sites\/2\/2023\/01\/Shirt-messen_AdobeStock_380283786-300x200.jpg 300w, https:\/\/lomestar.de\/schulkleidung\/wp-content\/uploads\/sites\/2\/2023\/01\/Shirt-messen_AdobeStock_380283786-768x512.jpg 768w, https:\/\/lomestar.de\/schulkleidung\/wp-content\/uploads\/sites\/2\/2023\/01\/Shirt-messen_AdobeStock_380283786-1536x1024.jpg 1536w, https:\/\/lomestar.de\/schulkleidung\/wp-content\/uploads\/sites\/2\/2023\/01\/Shirt-messen_AdobeStock_380283786-2048x1365.jpg 2048w, https:\/\/lomestar.de\/schulkleidung\/wp-content\/uploads\/sites\/2\/2023\/01\/Shirt-messen_AdobeStock_380283786-400x267.jpg 400w\" sizes=\"(max-width: 1024px) 100vw, 1024px\" \/>\t\t\t\t\t\t\t\t\t\t\t\t\t\t\t<\/div>\n\t\t\t\t<\/div>\n\t\t\t\t\t<\/div>\n\t\t<\/div>\n\t\t\t\t\t<\/div>\n\t\t<\/section>\n\t\t\t\t\t<\/div>\n\t\t<\/div>\n\t\t\t\t\t<\/div>\n\t\t<\/section>\n\t\t\t\t<section class=\"elementor-section elementor-top-section elementor-element elementor-element-11bcb2f elementor-section-boxed elementor-section-height-default elementor-section-height-default\" data-id=\"11bcb2f\" data-element_type=\"section\" data-e-type=\"section\">\n\t\t\t\t\t\t<div class=\"elementor-container elementor-column-gap-default\">\n\t\t\t\t\t<div class=\"elementor-column elementor-col-100 elementor-top-column elementor-element elementor-element-5f5015c\" data-id=\"5f5015c\" data-element_type=\"column\" data-e-type=\"column\">\n\t\t\t<div class=\"elementor-widget-wrap elementor-element-populated\">\n\t\t\t\t\t\t<div class=\"elementor-element elementor-element-498f6e0 elementor-widget elementor-widget-spacer\" data-id=\"498f6e0\" data-element_type=\"widget\" data-e-type=\"widget\" data-widget_type=\"spacer.default\">\n\t\t\t\t<div class=\"elementor-widget-container\">\n\t\t\t\t\t\t\t<div class=\"elementor-spacer\">\n\t\t\t<div class=\"elementor-spacer-inner\"><\/div>\n\t\t<\/div>\n\t\t\t\t\t\t<\/div>\n\t\t\t\t<\/div>\n\t\t\t\t<section class=\"elementor-section elementor-inner-section elementor-element elementor-element-8873373 elementor-section-boxed elementor-section-height-default elementor-section-height-default\" data-id=\"8873373\" data-element_type=\"section\" data-e-type=\"section\">\n\t\t\t\t\t\t<div class=\"elementor-container elementor-column-gap-default\">\n\t\t\t\t\t<div class=\"elementor-column elementor-col-100 elementor-inner-column elementor-element elementor-element-5a298d3\" data-id=\"5a298d3\" data-element_type=\"column\" data-e-type=\"column\">\n\t\t\t<div class=\"elementor-widget-wrap elementor-element-populated\">\n\t\t\t\t\t\t<div class=\"elementor-element elementor-element-16e0dd8 elementor-widget elementor-widget-text-editor\" data-id=\"16e0dd8\" data-element_type=\"widget\" data-e-type=\"widget\" data-widget_type=\"text-editor.default\">\n\t\t\t\t<div class=\"elementor-widget-container\">\n\t\t\t\t\t\t\t\t\t<p><strong><a href=\"https:\/\/lomestar.de\/schulkleidung\/beratung\/\">Kompetente Beratung,<\/a> <a href=\"https:\/\/lomestar.de\/schulkleidung\/logo-gestaltungsservice\/\">Logo-Gestaltungsservice,<\/a> <a href=\"https:\/\/lomestar.de\/schulkleidung\/werbung\/\">Werbematerialien <\/a><\/strong>und ein individuell f\u00fcr euch erstellter<a href=\"https:\/\/lomestar.de\/schulkleidung\/online-shop\/\"><strong>\u00a0Online-Shop<\/strong><\/a> geh\u00f6ren au\u00dferdem zu unseren <strong>Serviceleistungen.<\/strong><\/p>\t\t\t\t\t\t\t\t<\/div>\n\t\t\t\t<\/div>\n\t\t\t\t\t<\/div>\n\t\t<\/div>\n\t\t\t\t\t<\/div>\n\t\t<\/section>\n\t\t\t\t\t<\/div>\n\t\t<\/div>\n\t\t\t\t\t<\/div>\n\t\t<\/section>\n\t\t\t\t<section class=\"elementor-section elementor-top-section elementor-element elementor-element-ba09111 elementor-section-boxed elementor-section-height-default elementor-section-height-default\" data-id=\"ba09111\" data-element_type=\"section\" data-e-type=\"section\">\n\t\t\t\t\t\t<div class=\"elementor-container elementor-column-gap-default\">\n\t\t\t\t\t<div class=\"elementor-column elementor-col-100 elementor-top-column elementor-element elementor-element-98d3e52\" data-id=\"98d3e52\" data-element_type=\"column\" data-e-type=\"column\">\n\t\t\t<div class=\"elementor-widget-wrap\">\n\t\t\t\t\t\t\t<\/div>\n\t\t<\/div>\n\t\t\t\t\t<\/div>\n\t\t<\/section>\n\t\t\t\t<section class=\"elementor-section elementor-top-section elementor-element elementor-element-07fd712 elementor-section-boxed elementor-section-height-default elementor-section-height-default\" data-id=\"07fd712\" data-element_type=\"section\" data-e-type=\"section\">\n\t\t\t\t\t\t<div class=\"elementor-container elementor-column-gap-default\">\n\t\t\t\t\t<div class=\"elementor-column elementor-col-100 elementor-top-column elementor-element elementor-element-ae3b30f\" data-id=\"ae3b30f\" data-element_type=\"column\" data-e-type=\"column\">\n\t\t\t<div class=\"elementor-widget-wrap\">\n\t\t\t\t\t\t\t<\/div>\n\t\t<\/div>\n\t\t\t\t\t<\/div>\n\t\t<\/section>\n\t\t\t\t<\/div>\n\t\t","protected":false},"excerpt":{"rendered":"<p>Anprobemuster empfangen Neben den Textilien, die ihr hier auf unserer Website findet, k\u00f6nnen wir euch noch viele weitere Textilien verschiedener Hersteller anbieten. Ihr habt besondere W\u00fcnsche? Wollt ihr eure Kollektion individuell anfertigen lassen? Sprecht uns an, wir finden mit euch zusammen das Passende! Durch unsere Unabh\u00e4ngigkeit von Textilherstellern haben wir Zugriff auf \u00fcber 100.000 Textilien. [&hellip;]<\/p>\n","protected":false},"author":3,"featured_media":0,"parent":0,"menu_order":0,"comment_status":"closed","ping_status":"closed","template":"","meta":{"site-sidebar-layout":"no-sidebar","site-content-layout":"page-builder","ast-site-content-layout":"default","site-content-style":"default","site-sidebar-style":"default","ast-global-header-display":"","ast-banner-title-visibility":"","ast-main-header-display":"","ast-hfb-above-header-display":"","ast-hfb-below-header-display":"","ast-hfb-mobile-header-display":"","site-post-title":"disabled","ast-breadcrumbs-content":"","ast-featured-img":"disabled","footer-sml-layout":"","ast-disable-related-posts":"","theme-transparent-header-meta":"default","adv-header-id-meta":"","stick-header-meta":"default","header-above-stick-meta":"","header-main-stick-meta":"","header-below-stick-meta":"","astra-migrate-meta-layouts":"default","ast-page-background-enabled":"default","ast-page-background-meta":{"desktop":{"background-color":"","background-image":"","background-repeat":"repeat","background-position":"center center","background-size":"auto","background-attachment":"scroll","background-type":"","background-media":"","overlay-type":"","overlay-color":"","overlay-opacity":"","overlay-gradient":""},"tablet":{"background-color":"","background-image":"","background-repeat":"repeat","background-position":"center center","background-size":"auto","background-attachment":"scroll","background-type":"","background-media":"","overlay-type":"","overlay-color":"","overlay-opacity":"","overlay-gradient":""},"mobile":{"background-color":"","background-image":"","background-repeat":"repeat","background-position":"center center","background-size":"auto","background-attachment":"scroll","background-type":"","background-media":"","overlay-type":"","overlay-color":"","overlay-opacity":"","overlay-gradient":""}},"ast-content-background-meta":{"desktop":{"background-color":"var(--ast-global-color-5)","background-image":"","background-repeat":"repeat","background-position":"center center","background-size":"auto","background-attachment":"scroll","background-type":"","background-media":"","overlay-type":"","overlay-color":"","overlay-opacity":"","overlay-gradient":""},"tablet":{"background-color":"var(--ast-global-color-5)","background-image":"","background-repeat":"repeat","background-position":"center center","background-size":"auto","background-attachment":"scroll","background-type":"","background-media":"","overlay-type":"","overlay-color":"","overlay-opacity":"","overlay-gradient":""},"mobile":{"background-color":"var(--ast-global-color-5)","background-image":"","background-repeat":"repeat","background-position":"center center","background-size":"auto","background-attachment":"scroll","background-type":"","background-media":"","overlay-type":"","overlay-color":"","overlay-opacity":"","overlay-gradient":""}},"footnotes":""},"folder":[],"class_list":["post-3197","page","type-page","status-publish","hentry"],"_links":{"self":[{"href":"https:\/\/lomestar.de\/schulkleidung\/wp-json\/wp\/v2\/pages\/3197","targetHints":{"allow":["GET"]}}],"collection":[{"href":"https:\/\/lomestar.de\/schulkleidung\/wp-json\/wp\/v2\/pages"}],"about":[{"href":"https:\/\/lomestar.de\/schulkleidung\/wp-json\/wp\/v2\/types\/page"}],"author":[{"embeddable":true,"href":"https:\/\/lomestar.de\/schulkleidung\/wp-json\/wp\/v2\/users\/3"}],"replies":[{"embeddable":true,"href":"https:\/\/lomestar.de\/schulkleidung\/wp-json\/wp\/v2\/comments?post=3197"}],"version-history":[{"count":0,"href":"https:\/\/lomestar.de\/schulkleidung\/wp-json\/wp\/v2\/pages\/3197\/revisions"}],"wp:attachment":[{"href":"https:\/\/lomestar.de\/schulkleidung\/wp-json\/wp\/v2\/media?parent=3197"}],"wp:term":[{"taxonomy":"folder","embeddable":true,"href":"https:\/\/lomestar.de\/schulkleidung\/wp-json\/wp\/v2\/folder?post=3197"}],"curies":[{"name":"wp","href":"https:\/\/api.w.org\/{rel}","templated":true}]}}