{"id":14395,"date":"2021-06-02T07:26:15","date_gmt":"2021-06-02T06:26:15","guid":{"rendered":"https:\/\/lomestar.de\/schulkleidung\/?page_id=14395"},"modified":"2021-06-02T07:55:16","modified_gmt":"2021-06-02T06:55:16","slug":"einzelnamen-und-nummern","status":"publish","type":"page","link":"https:\/\/lomestar.de\/schulkleidung\/einzelnamen-und-nummern\/","title":{"rendered":"Einzelnamen und Nummern"},"content":{"rendered":"\t\t<div data-elementor-type=\"wp-page\" data-elementor-id=\"14395\" class=\"elementor elementor-14395\" data-elementor-post-type=\"page\">\n\t\t\t\t\t\t<section class=\"elementor-section elementor-top-section elementor-element elementor-element-7682c17c elementor-section-boxed elementor-section-height-default elementor-section-height-default\" data-id=\"7682c17c\" data-element_type=\"section\" data-e-type=\"section\">\n\t\t\t\t\t\t<div class=\"elementor-container elementor-column-gap-default\">\n\t\t\t\t\t<div class=\"elementor-column elementor-col-100 elementor-top-column elementor-element elementor-element-1682127f\" data-id=\"1682127f\" data-element_type=\"column\" data-e-type=\"column\">\n\t\t\t<div class=\"elementor-widget-wrap elementor-element-populated\">\n\t\t\t\t\t\t<div class=\"elementor-element elementor-element-65b9e0e1 elementor-widget elementor-widget-heading\" data-id=\"65b9e0e1\" data-element_type=\"widget\" data-e-type=\"widget\" data-widget_type=\"heading.default\">\n\t\t\t\t<div class=\"elementor-widget-container\">\n\t\t\t\t\t<h2 class=\"elementor-heading-title elementor-size-default\">Druck von Einzelnamen und Nummern<\/h2>\t\t\t\t<\/div>\n\t\t\t\t<\/div>\n\t\t\t\t<section class=\"elementor-section elementor-inner-section elementor-element elementor-element-713014fc elementor-section-boxed elementor-section-height-default elementor-section-height-default\" data-id=\"713014fc\" data-element_type=\"section\" data-e-type=\"section\">\n\t\t\t\t\t\t<div class=\"elementor-container elementor-column-gap-default\">\n\t\t\t\t\t<div class=\"elementor-column elementor-col-50 elementor-inner-column elementor-element elementor-element-6df67274\" data-id=\"6df67274\" data-element_type=\"column\" data-e-type=\"column\">\n\t\t\t<div class=\"elementor-widget-wrap elementor-element-populated\">\n\t\t\t\t\t\t<div class=\"elementor-element elementor-element-366a09d5 elementor-widget elementor-widget-text-editor\" data-id=\"366a09d5\" data-element_type=\"widget\" data-e-type=\"widget\" data-widget_type=\"text-editor.default\">\n\t\t\t\t<div class=\"elementor-widget-container\">\n\t\t\t\t\t\t\t\t\t<p>Wir drucken nicht nur individuelle Gruppenmotive, sondern versehen die Textilien gerne auch (zus\u00e4tzlich) mit einem individuellen Einzelnamen oder einer Zahl &#8211; so wird jedes Textil zu einem echten Unikat! Ob gro\u00df oder klein, egal welche Position, Sie entscheiden! Einfach die gew\u00fcnschte Gr\u00f6\u00dfe, Farbe und Schriftart ausw\u00e4hlen.<\/p>\t\t\t\t\t\t\t\t<\/div>\n\t\t\t\t<\/div>\n\t\t\t\t\t<\/div>\n\t\t<\/div>\n\t\t\t\t<div class=\"elementor-column elementor-col-50 elementor-inner-column elementor-element elementor-element-eaaa68e\" data-id=\"eaaa68e\" data-element_type=\"column\" data-e-type=\"column\">\n\t\t\t<div class=\"elementor-widget-wrap elementor-element-populated\">\n\t\t\t\t\t\t<div class=\"elementor-element elementor-element-580d0984 elementor-widget elementor-widget-image\" data-id=\"580d0984\" data-element_type=\"widget\" data-e-type=\"widget\" data-widget_type=\"image.default\">\n\t\t\t\t<div class=\"elementor-widget-container\">\n\t\t\t\t\t\t\t\t\t\t\t\t\t\t\t<img fetchpriority=\"high\" decoding=\"async\" width=\"370\" height=\"220\" src=\"https:\/\/lomestar.de\/schulkleidung\/wp-content\/uploads\/sites\/2\/2021\/06\/Einzelnamen1.jpg\" class=\"attachment-medium_large size-medium_large wp-image-14397\" alt=\"Sch\u00fclerin mit Sportkleidung\" srcset=\"https:\/\/lomestar.de\/schulkleidung\/wp-content\/uploads\/sites\/2\/2021\/06\/Einzelnamen1.jpg 370w, https:\/\/lomestar.de\/schulkleidung\/wp-content\/uploads\/sites\/2\/2021\/06\/Einzelnamen1-300x178.jpg 300w\" sizes=\"(max-width: 370px) 100vw, 370px\" \/>\t\t\t\t\t\t\t\t\t\t\t\t\t\t\t<\/div>\n\t\t\t\t<\/div>\n\t\t\t\t\t<\/div>\n\t\t<\/div>\n\t\t\t\t\t<\/div>\n\t\t<\/section>\n\t\t\t\t<div class=\"elementor-element elementor-element-30972a7 elementor-widget elementor-widget-heading\" data-id=\"30972a7\" data-element_type=\"widget\" data-e-type=\"widget\" data-widget_type=\"heading.default\">\n\t\t\t\t<div class=\"elementor-widget-container\">\n\t\t\t\t\t<h3 class=\"elementor-heading-title elementor-size-default\">Diese Informationen ben\u00f6tigen wir:<\/h3>\t\t\t\t<\/div>\n\t\t\t\t<\/div>\n\t\t\t\t<section class=\"elementor-section elementor-inner-section elementor-element elementor-element-6a0124aa elementor-section-boxed elementor-section-height-default elementor-section-height-default\" data-id=\"6a0124aa\" data-element_type=\"section\" data-e-type=\"section\">\n\t\t\t\t\t\t<div class=\"elementor-container elementor-column-gap-default\">\n\t\t\t\t\t<div class=\"elementor-column elementor-col-50 elementor-inner-column elementor-element elementor-element-65523d14\" data-id=\"65523d14\" data-element_type=\"column\" data-e-type=\"column\">\n\t\t\t<div class=\"elementor-widget-wrap elementor-element-populated\">\n\t\t\t\t\t\t<div class=\"elementor-element elementor-element-135f549 elementor-widget elementor-widget-text-editor\" data-id=\"135f549\" data-element_type=\"widget\" data-e-type=\"widget\" data-widget_type=\"text-editor.default\">\n\t\t\t\t<div class=\"elementor-widget-container\">\n\t\t\t\t\t\t\t\t\t<p><span style=\"font-size: 16px;font-style: normal;font-weight: 400\">Damit wir wissen, welche Einzelnamen oder Zahlen auf welches Textil gedruckt werden sollen, ben\u00f6tigen wir eine Liste mit den Einzelnamen sowie die dazugeh\u00f6rigen Gr\u00f6\u00dfen. Einfach per E-Mail senden und darauf achten, dass die Einzelnamen oder Zahlen nicht mehr als 12 Zeichen \u00fcberschreiten!<\/span><\/p>\t\t\t\t\t\t\t\t<\/div>\n\t\t\t\t<\/div>\n\t\t\t\t\t<\/div>\n\t\t<\/div>\n\t\t\t\t<div class=\"elementor-column elementor-col-50 elementor-inner-column elementor-element elementor-element-6ed8113b\" data-id=\"6ed8113b\" data-element_type=\"column\" data-e-type=\"column\">\n\t\t\t<div class=\"elementor-widget-wrap elementor-element-populated\">\n\t\t\t\t\t\t<div class=\"elementor-element elementor-element-13625771 elementor-widget elementor-widget-text-editor\" data-id=\"13625771\" data-element_type=\"widget\" data-e-type=\"widget\" data-widget_type=\"text-editor.default\">\n\t\t\t\t<div class=\"elementor-widget-container\">\n\t\t\t\t\t\t\t\t\t<p><span style=\"font-size: 16px;font-style: normal;font-weight: 400\">Eine Vorlage stellen wir hier zur Verf\u00fcgung:<\/span><\/p>\t\t\t\t\t\t\t\t<\/div>\n\t\t\t\t<\/div>\n\t\t\t\t<div class=\"elementor-element elementor-element-4af8b24 elementor-view-framed elementor-shape-circle elementor-widget elementor-widget-icon\" data-id=\"4af8b24\" data-element_type=\"widget\" data-e-type=\"widget\" data-widget_type=\"icon.default\">\n\t\t\t\t<div class=\"elementor-widget-container\">\n\t\t\t\t\t\t\t<div class=\"elementor-icon-wrapper\">\n\t\t\t<a class=\"elementor-icon\" href=\"https:\/\/lomestar.de\/textildruck\/wp-content\/uploads\/sites\/5\/2020\/05\/Einzelnamen.xlsx\" target=\"_blank\">\n\t\t\t<i aria-hidden=\"true\" class=\"fas fa-file-download\"><\/i>\t\t\t<\/a>\n\t\t<\/div>\n\t\t\t\t\t\t<\/div>\n\t\t\t\t<\/div>\n\t\t\t\t\t<\/div>\n\t\t<\/div>\n\t\t\t\t\t<\/div>\n\t\t<\/section>\n\t\t\t\t<div class=\"elementor-element elementor-element-7959f46d elementor-widget elementor-widget-heading\" data-id=\"7959f46d\" data-element_type=\"widget\" data-e-type=\"widget\" data-widget_type=\"heading.default\">\n\t\t\t\t<div class=\"elementor-widget-container\">\n\t\t\t\t\t<h3 class=\"elementor-heading-title elementor-size-default\">Preise f\u00fcr Einzelnamen<\/h3>\t\t\t\t<\/div>\n\t\t\t\t<\/div>\n\t\t\t\t<div class=\"elementor-element elementor-element-626b12cd elementor-widget elementor-widget-image\" data-id=\"626b12cd\" data-element_type=\"widget\" data-e-type=\"widget\" data-widget_type=\"image.default\">\n\t\t\t\t<div class=\"elementor-widget-container\">\n\t\t\t\t\t\t\t\t\t\t\t\t\t\t\t<img decoding=\"async\" width=\"768\" height=\"110\" src=\"https:\/\/lomestar.de\/schulkleidung\/wp-content\/uploads\/sites\/2\/2021\/06\/EN_Preis_SK-768x110.png\" class=\"attachment-medium_large size-medium_large wp-image-14413\" alt=\"Einzelnamen und Nummern Preis Schulkleidung\" srcset=\"https:\/\/lomestar.de\/schulkleidung\/wp-content\/uploads\/sites\/2\/2021\/06\/EN_Preis_SK-768x110.png 768w, https:\/\/lomestar.de\/schulkleidung\/wp-content\/uploads\/sites\/2\/2021\/06\/EN_Preis_SK-300x43.png 300w, https:\/\/lomestar.de\/schulkleidung\/wp-content\/uploads\/sites\/2\/2021\/06\/EN_Preis_SK-1024x146.png 1024w, https:\/\/lomestar.de\/schulkleidung\/wp-content\/uploads\/sites\/2\/2021\/06\/EN_Preis_SK-1536x219.png 1536w, https:\/\/lomestar.de\/schulkleidung\/wp-content\/uploads\/sites\/2\/2021\/06\/EN_Preis_SK-2048x292.png 2048w, https:\/\/lomestar.de\/schulkleidung\/wp-content\/uploads\/sites\/2\/2021\/06\/EN_Preis_SK-400x57.png 400w\" sizes=\"(max-width: 768px) 100vw, 768px\" \/>\t\t\t\t\t\t\t\t\t\t\t\t\t\t\t<\/div>\n\t\t\t\t<\/div>\n\t\t\t\t<div class=\"elementor-element elementor-element-7d10f3e4 elementor-widget elementor-widget-heading\" data-id=\"7d10f3e4\" data-element_type=\"widget\" data-e-type=\"widget\" data-widget_type=\"heading.default\">\n\t\t\t\t<div class=\"elementor-widget-container\">\n\t\t\t\t\t<h3 class=\"elementor-heading-title elementor-size-default\">Gr\u00f6\u00dfen f\u00fcr Einzelnamen<\/h3>\t\t\t\t<\/div>\n\t\t\t\t<\/div>\n\t\t\t\t<div class=\"elementor-element elementor-element-3ccdda3c elementor-widget elementor-widget-text-editor\" data-id=\"3ccdda3c\" data-element_type=\"widget\" data-e-type=\"widget\" data-widget_type=\"text-editor.default\">\n\t\t\t\t<div class=\"elementor-widget-container\">\n\t\t\t\t\t\t\t\t\t<p style=\"font-size: 16px;font-style: normal;font-weight: 400\"><span style=\"font-size: 16px;font-weight: bold\">KLEIN:<\/span>\u00a0ca. 10 x 2 cm<\/p><p style=\"font-size: 16px;font-style: normal;font-weight: 400\"><span style=\"font-size: 16px\"><span style=\"font-size: 16px;font-weight: bold\">GRO\u00df:<\/span>\u00a0ca. 30 x 6 cm<\/span><\/p>\t\t\t\t\t\t\t\t<\/div>\n\t\t\t\t<\/div>\n\t\t\t\t<div class=\"elementor-element elementor-element-206fc5fc elementor-widget elementor-widget-heading\" data-id=\"206fc5fc\" data-element_type=\"widget\" data-e-type=\"widget\" data-widget_type=\"heading.default\">\n\t\t\t\t<div class=\"elementor-widget-container\">\n\t\t\t\t\t<h3 class=\"elementor-heading-title elementor-size-default\">Schritfarten f\u00fcr Einzelnamen<\/h3>\t\t\t\t<\/div>\n\t\t\t\t<\/div>\n\t\t\t\t<div class=\"elementor-element elementor-element-12566244 elementor-widget elementor-widget-text-editor\" data-id=\"12566244\" data-element_type=\"widget\" data-e-type=\"widget\" data-widget_type=\"text-editor.default\">\n\t\t\t\t<div class=\"elementor-widget-container\">\n\t\t\t\t\t\t\t\t\t<p>Sucht euch passend zu der Wunschfarbe auch die Schriftart aus.<\/p>\t\t\t\t\t\t\t\t<\/div>\n\t\t\t\t<\/div>\n\t\t\t\t<div class=\"elementor-element elementor-element-2fdc1ee1 elementor-widget elementor-widget-image\" data-id=\"2fdc1ee1\" data-element_type=\"widget\" data-e-type=\"widget\" data-widget_type=\"image.default\">\n\t\t\t\t<div class=\"elementor-widget-container\">\n\t\t\t\t\t\t\t\t\t\t\t\t\t\t\t<img decoding=\"async\" width=\"768\" height=\"988\" src=\"https:\/\/lomestar.de\/schulkleidung\/wp-content\/uploads\/sites\/2\/2021\/06\/EN_Schrift_SK1-768x988.png\" class=\"attachment-medium_large size-medium_large wp-image-14412\" alt=\"20 verschiedene Schriftarten f\u00fcr Einzelnamen\" srcset=\"https:\/\/lomestar.de\/schulkleidung\/wp-content\/uploads\/sites\/2\/2021\/06\/EN_Schrift_SK1-768x988.png 768w, https:\/\/lomestar.de\/schulkleidung\/wp-content\/uploads\/sites\/2\/2021\/06\/EN_Schrift_SK1-233x300.png 233w, https:\/\/lomestar.de\/schulkleidung\/wp-content\/uploads\/sites\/2\/2021\/06\/EN_Schrift_SK1-796x1024.png 796w, https:\/\/lomestar.de\/schulkleidung\/wp-content\/uploads\/sites\/2\/2021\/06\/EN_Schrift_SK1-1195x1536.png 1195w, https:\/\/lomestar.de\/schulkleidung\/wp-content\/uploads\/sites\/2\/2021\/06\/EN_Schrift_SK1-1593x2048.png 1593w, https:\/\/lomestar.de\/schulkleidung\/wp-content\/uploads\/sites\/2\/2021\/06\/EN_Schrift_SK1-400x514.png 400w\" sizes=\"(max-width: 768px) 100vw, 768px\" \/>\t\t\t\t\t\t\t\t\t\t\t\t\t\t\t<\/div>\n\t\t\t\t<\/div>\n\t\t\t\t<div class=\"elementor-element elementor-element-39ce31b3 elementor-widget elementor-widget-heading\" data-id=\"39ce31b3\" data-element_type=\"widget\" data-e-type=\"widget\" data-widget_type=\"heading.default\">\n\t\t\t\t<div class=\"elementor-widget-container\">\n\t\t\t\t\t<h3 class=\"elementor-heading-title elementor-size-default\">Farben f\u00fcr Einzelnamen<\/h3>\t\t\t\t<\/div>\n\t\t\t\t<\/div>\n\t\t\t\t<div class=\"elementor-element elementor-element-5de35e7f elementor-widget elementor-widget-image\" data-id=\"5de35e7f\" data-element_type=\"widget\" data-e-type=\"widget\" data-widget_type=\"image.default\">\n\t\t\t\t<div class=\"elementor-widget-container\">\n\t\t\t\t\t\t\t\t\t\t\t\t\t\t\t<img loading=\"lazy\" decoding=\"async\" width=\"1024\" height=\"708\" src=\"https:\/\/lomestar.de\/schulkleidung\/wp-content\/uploads\/sites\/2\/2021\/06\/Druckfarben-1024x708.jpg\" class=\"attachment-large size-large wp-image-14400\" alt=\"Druckfarben von LOMESTAR\" srcset=\"https:\/\/lomestar.de\/schulkleidung\/wp-content\/uploads\/sites\/2\/2021\/06\/Druckfarben-1024x708.jpg 1024w, https:\/\/lomestar.de\/schulkleidung\/wp-content\/uploads\/sites\/2\/2021\/06\/Druckfarben-300x207.jpg 300w, https:\/\/lomestar.de\/schulkleidung\/wp-content\/uploads\/sites\/2\/2021\/06\/Druckfarben-768x531.jpg 768w, https:\/\/lomestar.de\/schulkleidung\/wp-content\/uploads\/sites\/2\/2021\/06\/Druckfarben-1536x1062.jpg 1536w, https:\/\/lomestar.de\/schulkleidung\/wp-content\/uploads\/sites\/2\/2021\/06\/Druckfarben-2048x1415.jpg 2048w, https:\/\/lomestar.de\/schulkleidung\/wp-content\/uploads\/sites\/2\/2021\/06\/Druckfarben-400x276.jpg 400w\" sizes=\"(max-width: 1024px) 100vw, 1024px\" \/>\t\t\t\t\t\t\t\t\t\t\t\t\t\t\t<\/div>\n\t\t\t\t<\/div>\n\t\t\t\t<div class=\"elementor-element elementor-element-31d55a83 elementor-widget elementor-widget-heading\" data-id=\"31d55a83\" data-element_type=\"widget\" data-e-type=\"widget\" data-widget_type=\"heading.default\">\n\t\t\t\t<div class=\"elementor-widget-container\">\n\t\t\t\t\t<h3 class=\"elementor-heading-title elementor-size-default\">Positionsbeispiele f\u00fcr Einzelnamen<\/h3>\t\t\t\t<\/div>\n\t\t\t\t<\/div>\n\t\t\t\t<div class=\"elementor-element elementor-element-2eb90aa6 elementor-widget elementor-widget-image\" data-id=\"2eb90aa6\" data-element_type=\"widget\" data-e-type=\"widget\" data-widget_type=\"image.default\">\n\t\t\t\t<div class=\"elementor-widget-container\">\n\t\t\t\t\t\t\t\t\t\t\t\t\t\t\t<img loading=\"lazy\" decoding=\"async\" width=\"768\" height=\"853\" src=\"https:\/\/lomestar.de\/schulkleidung\/wp-content\/uploads\/sites\/2\/2021\/06\/EN_Beispiele_SK-768x853.jpg\" class=\"attachment-medium_large size-medium_large wp-image-14414\" alt=\"Positionen f\u00fcr Einzelnamen auf Textilien\" srcset=\"https:\/\/lomestar.de\/schulkleidung\/wp-content\/uploads\/sites\/2\/2021\/06\/EN_Beispiele_SK-768x853.jpg 768w, https:\/\/lomestar.de\/schulkleidung\/wp-content\/uploads\/sites\/2\/2021\/06\/EN_Beispiele_SK-270x300.jpg 270w, https:\/\/lomestar.de\/schulkleidung\/wp-content\/uploads\/sites\/2\/2021\/06\/EN_Beispiele_SK-922x1024.jpg 922w, https:\/\/lomestar.de\/schulkleidung\/wp-content\/uploads\/sites\/2\/2021\/06\/EN_Beispiele_SK-400x444.jpg 400w, https:\/\/lomestar.de\/schulkleidung\/wp-content\/uploads\/sites\/2\/2021\/06\/EN_Beispiele_SK.jpg 1063w\" sizes=\"(max-width: 768px) 100vw, 768px\" \/>\t\t\t\t\t\t\t\t\t\t\t\t\t\t\t<\/div>\n\t\t\t\t<\/div>\n\t\t\t\t\t<\/div>\n\t\t<\/div>\n\t\t\t\t\t<\/div>\n\t\t<\/section>\n\t\t\t\t<\/div>\n\t\t","protected":false},"excerpt":{"rendered":"<p>Druck von Einzelnamen und Nummern Wir drucken nicht nur individuelle Gruppenmotive, sondern versehen die Textilien gerne auch (zus\u00e4tzlich) mit einem individuellen Einzelnamen oder einer Zahl &#8211; so wird jedes Textil zu einem echten Unikat! Ob gro\u00df oder klein, egal welche Position, Sie entscheiden! Einfach die gew\u00fcnschte Gr\u00f6\u00dfe, Farbe und Schriftart ausw\u00e4hlen. Diese Informationen ben\u00f6tigen wir: [&hellip;]<\/p>\n","protected":false},"author":6,"featured_media":0,"parent":0,"menu_order":0,"comment_status":"closed","ping_status":"closed","template":"","meta":{"site-sidebar-layout":"no-sidebar","site-content-layout":"page-builder","ast-site-content-layout":"default","site-content-style":"default","site-sidebar-style":"default","ast-global-header-display":"","ast-banner-title-visibility":"","ast-main-header-display":"","ast-hfb-above-header-display":"","ast-hfb-below-header-display":"","ast-hfb-mobile-header-display":"","site-post-title":"disabled","ast-breadcrumbs-content":"","ast-featured-img":"disabled","footer-sml-layout":"","ast-disable-related-posts":"","theme-transparent-header-meta":"default","adv-header-id-meta":"","stick-header-meta":"default","header-above-stick-meta":"","header-main-stick-meta":"","header-below-stick-meta":"","astra-migrate-meta-layouts":"default","ast-page-background-enabled":"default","ast-page-background-meta":{"desktop":{"background-color":"","background-image":"","background-repeat":"repeat","background-position":"center center","background-size":"auto","background-attachment":"scroll","background-type":"","background-media":"","overlay-type":"","overlay-color":"","overlay-opacity":"","overlay-gradient":""},"tablet":{"background-color":"","background-image":"","background-repeat":"repeat","background-position":"center center","background-size":"auto","background-attachment":"scroll","background-type":"","background-media":"","overlay-type":"","overlay-color":"","overlay-opacity":"","overlay-gradient":""},"mobile":{"background-color":"","background-image":"","background-repeat":"repeat","background-position":"center center","background-size":"auto","background-attachment":"scroll","background-type":"","background-media":"","overlay-type":"","overlay-color":"","overlay-opacity":"","overlay-gradient":""}},"ast-content-background-meta":{"desktop":{"background-color":"var(--ast-global-color-5)","background-image":"","background-repeat":"repeat","background-position":"center center","background-size":"auto","background-attachment":"scroll","background-type":"","background-media":"","overlay-type":"","overlay-color":"","overlay-opacity":"","overlay-gradient":""},"tablet":{"background-color":"var(--ast-global-color-5)","background-image":"","background-repeat":"repeat","background-position":"center center","background-size":"auto","background-attachment":"scroll","background-type":"","background-media":"","overlay-type":"","overlay-color":"","overlay-opacity":"","overlay-gradient":""},"mobile":{"background-color":"var(--ast-global-color-5)","background-image":"","background-repeat":"repeat","background-position":"center center","background-size":"auto","background-attachment":"scroll","background-type":"","background-media":"","overlay-type":"","overlay-color":"","overlay-opacity":"","overlay-gradient":""}},"footnotes":""},"folder":[],"class_list":["post-14395","page","type-page","status-publish","hentry"],"_links":{"self":[{"href":"https:\/\/lomestar.de\/schulkleidung\/wp-json\/wp\/v2\/pages\/14395","targetHints":{"allow":["GET"]}}],"collection":[{"href":"https:\/\/lomestar.de\/schulkleidung\/wp-json\/wp\/v2\/pages"}],"about":[{"href":"https:\/\/lomestar.de\/schulkleidung\/wp-json\/wp\/v2\/types\/page"}],"author":[{"embeddable":true,"href":"https:\/\/lomestar.de\/schulkleidung\/wp-json\/wp\/v2\/users\/6"}],"replies":[{"embeddable":true,"href":"https:\/\/lomestar.de\/schulkleidung\/wp-json\/wp\/v2\/comments?post=14395"}],"version-history":[{"count":0,"href":"https:\/\/lomestar.de\/schulkleidung\/wp-json\/wp\/v2\/pages\/14395\/revisions"}],"wp:attachment":[{"href":"https:\/\/lomestar.de\/schulkleidung\/wp-json\/wp\/v2\/media?parent=14395"}],"wp:term":[{"taxonomy":"folder","embeddable":true,"href":"https:\/\/lomestar.de\/schulkleidung\/wp-json\/wp\/v2\/folder?post=14395"}],"curies":[{"name":"wp","href":"https:\/\/api.w.org\/{rel}","templated":true}]}}