{"id":3224,"date":"2020-02-05T13:23:07","date_gmt":"2020-02-05T12:23:07","guid":{"rendered":"https:\/\/app-web-ls-wp.azurewebsites.net\/abschluss-shirts\/?page_id=3224"},"modified":"2025-07-23T15:50:16","modified_gmt":"2025-07-23T14:50:16","slug":"anprobetextilien","status":"publish","type":"page","link":"https:\/\/lomestar.de\/abschluss-shirts\/anprobetextilien\/","title":{"rendered":"Anprobetextilien"},"content":{"rendered":"\t\t<div data-elementor-type=\"wp-page\" data-elementor-id=\"3224\" class=\"elementor elementor-3224\" data-elementor-post-type=\"page\">\n\t\t\t\t\t\t<section class=\"elementor-section elementor-top-section elementor-element elementor-element-5d6b4394 elementor-section-boxed elementor-section-height-default elementor-section-height-default\" data-id=\"5d6b4394\" data-element_type=\"section\" data-e-type=\"section\">\n\t\t\t\t\t\t<div class=\"elementor-container elementor-column-gap-default\">\n\t\t\t\t\t<div class=\"elementor-column elementor-col-100 elementor-top-column elementor-element elementor-element-194424b4\" data-id=\"194424b4\" data-element_type=\"column\" data-e-type=\"column\">\n\t\t\t<div class=\"elementor-widget-wrap elementor-element-populated\">\n\t\t\t\t\t\t<div class=\"elementor-element elementor-element-5a678134 elementor-widget elementor-widget-heading\" data-id=\"5a678134\" data-element_type=\"widget\" data-e-type=\"widget\" data-widget_type=\"heading.default\">\n\t\t\t\t<div class=\"elementor-widget-container\">\n\t\t\t\t\t<h2 class=\"elementor-heading-title elementor-size-default\">14 Tage anschauen, anfassen, anprobieren!\u200b<\/h2>\t\t\t\t<\/div>\n\t\t\t\t<\/div>\n\t\t\t\t<section class=\"elementor-section elementor-inner-section elementor-element elementor-element-3478ee14 elementor-section-boxed elementor-section-height-default elementor-section-height-default\" data-id=\"3478ee14\" data-element_type=\"section\" data-e-type=\"section\">\n\t\t\t\t\t\t<div class=\"elementor-container elementor-column-gap-default\">\n\t\t\t\t\t<div class=\"elementor-column elementor-col-50 elementor-inner-column elementor-element elementor-element-388545c\" data-id=\"388545c\" data-element_type=\"column\" data-e-type=\"column\">\n\t\t\t<div class=\"elementor-widget-wrap elementor-element-populated\">\n\t\t\t\t\t\t<div class=\"elementor-element elementor-element-4bd9cf0a elementor-widget elementor-widget-text-editor\" data-id=\"4bd9cf0a\" data-element_type=\"widget\" data-e-type=\"widget\" data-widget_type=\"text-editor.default\">\n\t\t\t\t<div class=\"elementor-widget-container\">\n\t\t\t\t\t\t\t\t\t<p style=\"font-size: 16px; font-style: normal; font-weight: 400;\">Einfach die passenden Gr\u00f6\u00dfen ermitteln und Schnitt, Qualit\u00e4t und Farben pr\u00fcfen. Wir versenden die gew\u00fcnschten Anprobetextilien kostenfrei und unverbindlich. So passen die gew\u00fcnschten Textilien am Ende auch auf jeden Fall.<\/p><p style=\"font-size: 16px; font-style: normal; font-weight: 400;\">Nach 14 Tagen sollten die Anprobetextilien an uns zur\u00fcckgesandt werden. Die Kosten f\u00fcr den R\u00fcckversand \u00fcbernehmen wir. Bitte klebt dazu anschlie\u00dfend einfach den Retoure-Sticker auf das verschlossene Paket und sendet es an uns zur\u00fcck.<\/p><p style=\"font-size: 16px; font-style: normal; font-weight: 400;\">Am besten ruft du uns einfach unter 0<span style=\"font-size: 16px; font-weight: bold;\">6056\/9177814<\/span> an und wir erstellen gemeinsam ein kostenfreies und unverbindliches Angebot. So wisst ihr gleich, ob die gew\u00fcnschten <strong><a href=\"https:\/\/lomestar.de\/textildruck\/textilien\/\">Textilien<\/a><\/strong><span style=\"font-size: 16px; font-weight: bold;\">\u00a0<\/span>euren Preisvorstellungen entsprechen und k\u00f6nnt euch gegebenenfalls noch umentscheiden. Sobald ihr euch entschieden habt, senden wir die Muster zum Anprobieren zu.<\/p>\t\t\t\t\t\t\t\t<\/div>\n\t\t\t\t<\/div>\n\t\t\t\t<div class=\"elementor-element elementor-element-e89dd68 elementor-widget elementor-widget-heading\" data-id=\"e89dd68\" data-element_type=\"widget\" data-e-type=\"widget\" data-widget_type=\"heading.default\">\n\t\t\t\t<div class=\"elementor-widget-container\">\n\t\t\t\t\t<h3 class=\"elementor-heading-title elementor-size-default\">... oder ihr nutzt einfach unsere Ma\u00dftabellen<\/h3>\t\t\t\t<\/div>\n\t\t\t\t<\/div>\n\t\t\t\t<div class=\"elementor-element elementor-element-7adc683 elementor-widget elementor-widget-text-editor\" data-id=\"7adc683\" data-element_type=\"widget\" data-e-type=\"widget\" data-widget_type=\"text-editor.default\">\n\t\t\t\t<div class=\"elementor-widget-container\">\n\t\t\t\t\t\t\t\t\t<p><span style=\"font-size: 16px;font-style: normal;font-weight: 400\">Diese findet ihr in der Bildergalerie des jeweiligen Textils!<\/span><\/p>\t\t\t\t\t\t\t\t<\/div>\n\t\t\t\t<\/div>\n\t\t\t\t\t<\/div>\n\t\t<\/div>\n\t\t\t\t<div class=\"elementor-column elementor-col-50 elementor-inner-column elementor-element elementor-element-36517a28 elementor-hidden-phone\" data-id=\"36517a28\" data-element_type=\"column\" data-e-type=\"column\">\n\t\t\t<div class=\"elementor-widget-wrap elementor-element-populated\">\n\t\t\t\t\t\t<div class=\"elementor-element elementor-element-2123e6dd elementor-absolute elementor-widget elementor-widget-image\" data-id=\"2123e6dd\" data-element_type=\"widget\" data-e-type=\"widget\" data-settings=\"{&quot;_position&quot;:&quot;absolute&quot;}\" data-widget_type=\"image.default\">\n\t\t\t\t<div class=\"elementor-widget-container\">\n\t\t\t\t\t\t\t\t\t\t\t\t\t\t\t<img fetchpriority=\"high\" decoding=\"async\" width=\"300\" height=\"421\" src=\"https:\/\/lomestar.de\/abschluss-shirts\/wp-content\/uploads\/sites\/4\/2020\/02\/Anprobetextilien-2.png\" class=\"attachment-medium_large size-medium_large wp-image-3226\" alt=\"Schwarzes T-Shirt\" srcset=\"https:\/\/lomestar.de\/abschluss-shirts\/wp-content\/uploads\/sites\/4\/2020\/02\/Anprobetextilien-2.png 300w, https:\/\/lomestar.de\/abschluss-shirts\/wp-content\/uploads\/sites\/4\/2020\/02\/Anprobetextilien-2-214x300.png 214w\" sizes=\"(max-width: 300px) 100vw, 300px\" \/>\t\t\t\t\t\t\t\t\t\t\t\t\t\t\t<\/div>\n\t\t\t\t<\/div>\n\t\t\t\t\t<\/div>\n\t\t<\/div>\n\t\t\t\t\t<\/div>\n\t\t<\/section>\n\t\t\t\t<div class=\"elementor-element elementor-element-6532de elementor-widget elementor-widget-image\" data-id=\"6532de\" data-element_type=\"widget\" data-e-type=\"widget\" data-widget_type=\"image.default\">\n\t\t\t\t<div class=\"elementor-widget-container\">\n\t\t\t\t\t\t\t\t\t\t\t\t\t\t\t<img decoding=\"async\" width=\"1024\" height=\"512\" src=\"https:\/\/lomestar.de\/abschluss-shirts\/wp-content\/uploads\/sites\/4\/2020\/04\/Anprobemuster-Abi-1024x512.jpg\" class=\"attachment-large size-large wp-image-3433\" alt=\"Sch\u00fclerinnen sitzen am Boden und unterhalten sich\" srcset=\"https:\/\/lomestar.de\/abschluss-shirts\/wp-content\/uploads\/sites\/4\/2020\/04\/Anprobemuster-Abi-1024x512.jpg 1024w, https:\/\/lomestar.de\/abschluss-shirts\/wp-content\/uploads\/sites\/4\/2020\/04\/Anprobemuster-Abi-300x150.jpg 300w, https:\/\/lomestar.de\/abschluss-shirts\/wp-content\/uploads\/sites\/4\/2020\/04\/Anprobemuster-Abi-768x384.jpg 768w, https:\/\/lomestar.de\/abschluss-shirts\/wp-content\/uploads\/sites\/4\/2020\/04\/Anprobemuster-Abi-1536x768.jpg 1536w, https:\/\/lomestar.de\/abschluss-shirts\/wp-content\/uploads\/sites\/4\/2020\/04\/Anprobemuster-Abi-600x300.jpg 600w, https:\/\/lomestar.de\/abschluss-shirts\/wp-content\/uploads\/sites\/4\/2020\/04\/Anprobemuster-Abi.jpg 1755w\" sizes=\"(max-width: 1024px) 100vw, 1024px\" \/>\t\t\t\t\t\t\t\t\t\t\t\t\t\t\t<\/div>\n\t\t\t\t<\/div>\n\t\t\t\t\t<\/div>\n\t\t<\/div>\n\t\t\t\t\t<\/div>\n\t\t<\/section>\n\t\t\t\t<\/div>\n\t\t","protected":false},"excerpt":{"rendered":"<p>14 Tage anschauen, anfassen, anprobieren!\u200b Einfach die passenden Gr\u00f6\u00dfen ermitteln und Schnitt, Qualit\u00e4t und Farben pr\u00fcfen. Wir versenden die gew\u00fcnschten Anprobetextilien kostenfrei und unverbindlich. So passen die gew\u00fcnschten Textilien am Ende auch auf jeden Fall. Nach 14 Tagen sollten die Anprobetextilien an uns zur\u00fcckgesandt werden. Die Kosten f\u00fcr den R\u00fcckversand \u00fcbernehmen wir. Bitte klebt dazu [&hellip;]<\/p>\n","protected":false},"author":3,"featured_media":0,"parent":0,"menu_order":0,"comment_status":"closed","ping_status":"closed","template":"","meta":{"site-sidebar-layout":"no-sidebar","site-content-layout":"page-builder","ast-site-content-layout":"default","site-content-style":"default","site-sidebar-style":"default","ast-global-header-display":"","ast-banner-title-visibility":"","ast-main-header-display":"","ast-hfb-above-header-display":"","ast-hfb-below-header-display":"","ast-hfb-mobile-header-display":"","site-post-title":"disabled","ast-breadcrumbs-content":"","ast-featured-img":"disabled","footer-sml-layout":"","ast-disable-related-posts":"","theme-transparent-header-meta":"default","adv-header-id-meta":"","stick-header-meta":"default","header-above-stick-meta":"","header-main-stick-meta":"","header-below-stick-meta":"","astra-migrate-meta-layouts":"default","ast-page-background-enabled":"default","ast-page-background-meta":{"desktop":{"background-color":"","background-image":"","background-repeat":"repeat","background-position":"center center","background-size":"auto","background-attachment":"scroll","background-type":"","background-media":"","overlay-type":"","overlay-color":"","overlay-opacity":"","overlay-gradient":""},"tablet":{"background-color":"","background-image":"","background-repeat":"repeat","background-position":"center center","background-size":"auto","background-attachment":"scroll","background-type":"","background-media":"","overlay-type":"","overlay-color":"","overlay-opacity":"","overlay-gradient":""},"mobile":{"background-color":"","background-image":"","background-repeat":"repeat","background-position":"center center","background-size":"auto","background-attachment":"scroll","background-type":"","background-media":"","overlay-type":"","overlay-color":"","overlay-opacity":"","overlay-gradient":""}},"ast-content-background-meta":{"desktop":{"background-color":"var(--ast-global-color-5)","background-image":"","background-repeat":"repeat","background-position":"center center","background-size":"auto","background-attachment":"scroll","background-type":"","background-media":"","overlay-type":"","overlay-color":"","overlay-opacity":"","overlay-gradient":""},"tablet":{"background-color":"var(--ast-global-color-5)","background-image":"","background-repeat":"repeat","background-position":"center center","background-size":"auto","background-attachment":"scroll","background-type":"","background-media":"","overlay-type":"","overlay-color":"","overlay-opacity":"","overlay-gradient":""},"mobile":{"background-color":"var(--ast-global-color-5)","background-image":"","background-repeat":"repeat","background-position":"center center","background-size":"auto","background-attachment":"scroll","background-type":"","background-media":"","overlay-type":"","overlay-color":"","overlay-opacity":"","overlay-gradient":""}},"footnotes":""},"folder":[],"class_list":["post-3224","page","type-page","status-publish","hentry"],"_links":{"self":[{"href":"https:\/\/lomestar.de\/abschluss-shirts\/wp-json\/wp\/v2\/pages\/3224","targetHints":{"allow":["GET"]}}],"collection":[{"href":"https:\/\/lomestar.de\/abschluss-shirts\/wp-json\/wp\/v2\/pages"}],"about":[{"href":"https:\/\/lomestar.de\/abschluss-shirts\/wp-json\/wp\/v2\/types\/page"}],"author":[{"embeddable":true,"href":"https:\/\/lomestar.de\/abschluss-shirts\/wp-json\/wp\/v2\/users\/3"}],"replies":[{"embeddable":true,"href":"https:\/\/lomestar.de\/abschluss-shirts\/wp-json\/wp\/v2\/comments?post=3224"}],"version-history":[{"count":0,"href":"https:\/\/lomestar.de\/abschluss-shirts\/wp-json\/wp\/v2\/pages\/3224\/revisions"}],"wp:attachment":[{"href":"https:\/\/lomestar.de\/abschluss-shirts\/wp-json\/wp\/v2\/media?parent=3224"}],"wp:term":[{"taxonomy":"folder","embeddable":true,"href":"https:\/\/lomestar.de\/abschluss-shirts\/wp-json\/wp\/v2\/folder?post=3224"}],"curies":[{"name":"wp","href":"https:\/\/api.w.org\/{rel}","templated":true}]}}