{"id":3209,"date":"2020-02-05T13:10:58","date_gmt":"2020-02-05T12:10:58","guid":{"rendered":"https:\/\/app-web-ls-wp.azurewebsites.net\/abschluss-shirts\/?page_id=3209"},"modified":"2025-07-18T08:38:36","modified_gmt":"2025-07-18T07:38:36","slug":"einzelnamen","status":"publish","type":"page","link":"https:\/\/lomestar.de\/abschluss-shirts\/einzelnamen\/","title":{"rendered":"Einzelnamen und Nummern"},"content":{"rendered":"\t\t<div data-elementor-type=\"wp-page\" data-elementor-id=\"3209\" class=\"elementor elementor-3209\" data-elementor-post-type=\"page\">\n\t\t\t\t\t\t<section class=\"elementor-section elementor-top-section elementor-element elementor-element-51a8ba2 elementor-section-boxed elementor-section-height-default elementor-section-height-default\" data-id=\"51a8ba2\" data-element_type=\"section\" data-e-type=\"section\">\n\t\t\t\t\t\t<div class=\"elementor-container elementor-column-gap-default\">\n\t\t\t\t\t<div class=\"elementor-column elementor-col-100 elementor-top-column elementor-element elementor-element-db103cc\" data-id=\"db103cc\" data-element_type=\"column\" data-e-type=\"column\">\n\t\t\t<div class=\"elementor-widget-wrap elementor-element-populated\">\n\t\t\t\t\t\t<div class=\"elementor-element elementor-element-ad68f84 elementor-widget elementor-widget-heading\" data-id=\"ad68f84\" data-element_type=\"widget\" data-e-type=\"widget\" data-widget_type=\"heading.default\">\n\t\t\t\t<div class=\"elementor-widget-container\">\n\t\t\t\t\t<h2 class=\"elementor-heading-title elementor-size-default\">Druck von Einzelnamen und Nummern<\/h2>\t\t\t\t<\/div>\n\t\t\t\t<\/div>\n\t\t\t\t<section class=\"elementor-section elementor-inner-section elementor-element elementor-element-0041630 elementor-section-boxed elementor-section-height-default elementor-section-height-default\" data-id=\"0041630\" data-element_type=\"section\" data-e-type=\"section\">\n\t\t\t\t\t\t<div class=\"elementor-container elementor-column-gap-default\">\n\t\t\t\t\t<div class=\"elementor-column elementor-col-50 elementor-inner-column elementor-element elementor-element-c3b63c7\" data-id=\"c3b63c7\" data-element_type=\"column\" data-e-type=\"column\">\n\t\t\t<div class=\"elementor-widget-wrap elementor-element-populated\">\n\t\t\t\t\t\t<div class=\"elementor-element elementor-element-72ad536 elementor-widget elementor-widget-text-editor\" data-id=\"72ad536\" data-element_type=\"widget\" data-e-type=\"widget\" data-widget_type=\"text-editor.default\">\n\t\t\t\t<div class=\"elementor-widget-container\">\n\t\t\t\t\t\t\t\t\t<p>Wir drucken nicht nur individuelle Gruppenmotive, sondern versehen die <strong><a href=\"https:\/\/lomestar.de\/textildruck\/textilien\/\" target=\"_blank\" rel=\"noopener\">Textilien<\/a><\/strong> gerne auch (zus\u00e4tzlich) mit einem individuellen Einzelnamen oder einer Zahl &#8211; so wird jedes Textil zu einem echten Unikat! Ob gro\u00df oder klein, egal welche Position, der Kunde entscheidet! Einfach die gew\u00fcnschte Gr\u00f6\u00dfe, Farbe und Schriftart ausw\u00e4hlen.<\/p>\t\t\t\t\t\t\t\t<\/div>\n\t\t\t\t<\/div>\n\t\t\t\t\t<\/div>\n\t\t<\/div>\n\t\t\t\t<div class=\"elementor-column elementor-col-50 elementor-inner-column elementor-element elementor-element-0491eb8\" data-id=\"0491eb8\" data-element_type=\"column\" data-e-type=\"column\">\n\t\t\t<div class=\"elementor-widget-wrap elementor-element-populated\">\n\t\t\t\t\t\t<div class=\"elementor-element elementor-element-4a9fe27 elementor-widget elementor-widget-image\" data-id=\"4a9fe27\" data-element_type=\"widget\" data-e-type=\"widget\" data-widget_type=\"image.default\">\n\t\t\t\t<div class=\"elementor-widget-container\">\n\t\t\t\t\t\t\t\t\t\t\t\t\t\t\t<img fetchpriority=\"high\" decoding=\"async\" width=\"370\" height=\"220\" src=\"https:\/\/lomestar.de\/abschluss-shirts\/wp-content\/uploads\/sites\/4\/2020\/04\/Einzelnamen1.jpg\" class=\"attachment-medium_large size-medium_large wp-image-3465\" alt=\"Sch\u00fclerin mit Sportkleidung\" srcset=\"https:\/\/lomestar.de\/abschluss-shirts\/wp-content\/uploads\/sites\/4\/2020\/04\/Einzelnamen1.jpg 370w, https:\/\/lomestar.de\/abschluss-shirts\/wp-content\/uploads\/sites\/4\/2020\/04\/Einzelnamen1-300x178.jpg 300w\" sizes=\"(max-width: 370px) 100vw, 370px\" \/>\t\t\t\t\t\t\t\t\t\t\t\t\t\t\t<\/div>\n\t\t\t\t<\/div>\n\t\t\t\t\t<\/div>\n\t\t<\/div>\n\t\t\t\t\t<\/div>\n\t\t<\/section>\n\t\t\t\t<div class=\"elementor-element elementor-element-9956ab6 elementor-widget elementor-widget-heading\" data-id=\"9956ab6\" data-element_type=\"widget\" data-e-type=\"widget\" data-widget_type=\"heading.default\">\n\t\t\t\t<div class=\"elementor-widget-container\">\n\t\t\t\t\t<h3 class=\"elementor-heading-title elementor-size-default\">Diese Informationen ben\u00f6tigen wir:<\/h3>\t\t\t\t<\/div>\n\t\t\t\t<\/div>\n\t\t\t\t<section class=\"elementor-section elementor-inner-section elementor-element elementor-element-cd2f05b elementor-section-boxed elementor-section-height-default elementor-section-height-default\" data-id=\"cd2f05b\" data-element_type=\"section\" data-e-type=\"section\">\n\t\t\t\t\t\t<div class=\"elementor-container elementor-column-gap-default\">\n\t\t\t\t\t<div class=\"elementor-column elementor-col-50 elementor-inner-column elementor-element elementor-element-0cea9af\" data-id=\"0cea9af\" data-element_type=\"column\" data-e-type=\"column\">\n\t\t\t<div class=\"elementor-widget-wrap elementor-element-populated\">\n\t\t\t\t\t\t<div class=\"elementor-element elementor-element-a3c03de elementor-widget elementor-widget-text-editor\" data-id=\"a3c03de\" data-element_type=\"widget\" data-e-type=\"widget\" data-widget_type=\"text-editor.default\">\n\t\t\t\t<div class=\"elementor-widget-container\">\n\t\t\t\t\t\t\t\t\t<p><span style=\"font-size: 16px;font-style: normal;font-weight: 400\">Damit wir wissen, welche Einzelnamen oder Zahlen auf welches Textil gedruckt werden sollen, ben\u00f6tigen wir eine Liste mit den Einzelnamen sowie die dazugeh\u00f6rigen Gr\u00f6\u00dfen. Einfach per E-Mail senden und darauf achten, dass die Einzelnamen oder Zahlen nicht mehr als 12 Zeichen \u00fcberschreiten!<\/span><\/p>\t\t\t\t\t\t\t\t<\/div>\n\t\t\t\t<\/div>\n\t\t\t\t\t<\/div>\n\t\t<\/div>\n\t\t\t\t<div class=\"elementor-column elementor-col-50 elementor-inner-column elementor-element elementor-element-5a07df3\" data-id=\"5a07df3\" data-element_type=\"column\" data-e-type=\"column\">\n\t\t\t<div class=\"elementor-widget-wrap elementor-element-populated\">\n\t\t\t\t\t\t<div class=\"elementor-element elementor-element-1cd6efc elementor-widget elementor-widget-text-editor\" data-id=\"1cd6efc\" data-element_type=\"widget\" data-e-type=\"widget\" data-widget_type=\"text-editor.default\">\n\t\t\t\t<div class=\"elementor-widget-container\">\n\t\t\t\t\t\t\t\t\t<p><span style=\"font-size: 16px;font-style: normal;font-weight: 400\">Eine Vorlage stellen wir hier zur Verf\u00fcgung:<\/span><\/p>\t\t\t\t\t\t\t\t<\/div>\n\t\t\t\t<\/div>\n\t\t\t\t<div class=\"elementor-element elementor-element-5df5deeb elementor-view-framed elementor-shape-circle elementor-widget elementor-widget-icon\" data-id=\"5df5deeb\" data-element_type=\"widget\" data-e-type=\"widget\" data-widget_type=\"icon.default\">\n\t\t\t\t<div class=\"elementor-widget-container\">\n\t\t\t\t\t\t\t<div class=\"elementor-icon-wrapper\">\n\t\t\t<a class=\"elementor-icon\" href=\"https:\/\/lomestar.de\/abschluss-shirts\/wp-content\/uploads\/sites\/4\/2020\/08\/Einzelnamen.xlsx\" target=\"_blank\">\n\t\t\t<i aria-hidden=\"true\" class=\"fas fa-file-download\"><\/i>\t\t\t<\/a>\n\t\t<\/div>\n\t\t\t\t\t\t<\/div>\n\t\t\t\t<\/div>\n\t\t\t\t\t<\/div>\n\t\t<\/div>\n\t\t\t\t\t<\/div>\n\t\t<\/section>\n\t\t\t\t<div class=\"elementor-element elementor-element-64b26b0 elementor-widget elementor-widget-heading\" data-id=\"64b26b0\" data-element_type=\"widget\" data-e-type=\"widget\" data-widget_type=\"heading.default\">\n\t\t\t\t<div class=\"elementor-widget-container\">\n\t\t\t\t\t<h3 class=\"elementor-heading-title elementor-size-default\">Preise f\u00fcr Einzelnamen<\/h3>\t\t\t\t<\/div>\n\t\t\t\t<\/div>\n\t\t\t\t<div class=\"elementor-element elementor-element-f839c3c elementor-widget elementor-widget-image\" data-id=\"f839c3c\" data-element_type=\"widget\" data-e-type=\"widget\" data-widget_type=\"image.default\">\n\t\t\t\t<div class=\"elementor-widget-container\">\n\t\t\t\t\t\t\t\t\t\t\t\t\t\t\t<img decoding=\"async\" width=\"851\" height=\"141\" src=\"https:\/\/lomestar.de\/abschluss-shirts\/wp-content\/uploads\/sites\/4\/2020\/02\/preise.jpg\" class=\"attachment-large size-large wp-image-3213\" alt=\"Preistabelle\" srcset=\"https:\/\/lomestar.de\/abschluss-shirts\/wp-content\/uploads\/sites\/4\/2020\/02\/preise.jpg 851w, https:\/\/lomestar.de\/abschluss-shirts\/wp-content\/uploads\/sites\/4\/2020\/02\/preise-300x50.jpg 300w, https:\/\/lomestar.de\/abschluss-shirts\/wp-content\/uploads\/sites\/4\/2020\/02\/preise-768x127.jpg 768w, https:\/\/lomestar.de\/abschluss-shirts\/wp-content\/uploads\/sites\/4\/2020\/02\/preise-600x99.jpg 600w\" sizes=\"(max-width: 851px) 100vw, 851px\" \/>\t\t\t\t\t\t\t\t\t\t\t\t\t\t\t<\/div>\n\t\t\t\t<\/div>\n\t\t\t\t<div class=\"elementor-element elementor-element-f44566d elementor-widget elementor-widget-heading\" data-id=\"f44566d\" data-element_type=\"widget\" data-e-type=\"widget\" data-widget_type=\"heading.default\">\n\t\t\t\t<div class=\"elementor-widget-container\">\n\t\t\t\t\t<h3 class=\"elementor-heading-title elementor-size-default\">Gr\u00f6\u00dfen f\u00fcr Einzelnamen<\/h3>\t\t\t\t<\/div>\n\t\t\t\t<\/div>\n\t\t\t\t<div class=\"elementor-element elementor-element-86b5e91 elementor-widget elementor-widget-text-editor\" data-id=\"86b5e91\" data-element_type=\"widget\" data-e-type=\"widget\" data-widget_type=\"text-editor.default\">\n\t\t\t\t<div class=\"elementor-widget-container\">\n\t\t\t\t\t\t\t\t\t<p style=\"font-size: 16px;font-style: normal;font-weight: 400\"><span style=\"font-size: 16px;font-weight: bold\">KLEIN:<\/span>\u00a0ca. 10 x 2 cm<\/p><p style=\"font-size: 16px;font-style: normal;font-weight: 400\"><span style=\"font-size: 16px\"><span style=\"font-size: 16px;font-weight: bold\">GRO\u00df:<\/span>\u00a0ca. 30 x 6 cm<\/span><\/p>\t\t\t\t\t\t\t\t<\/div>\n\t\t\t\t<\/div>\n\t\t\t\t<div class=\"elementor-element elementor-element-20bf66a elementor-widget elementor-widget-heading\" data-id=\"20bf66a\" data-element_type=\"widget\" data-e-type=\"widget\" data-widget_type=\"heading.default\">\n\t\t\t\t<div class=\"elementor-widget-container\">\n\t\t\t\t\t<h3 class=\"elementor-heading-title elementor-size-default\">Schritfarten f\u00fcr Einzelnamen<\/h3>\t\t\t\t<\/div>\n\t\t\t\t<\/div>\n\t\t\t\t<div class=\"elementor-element elementor-element-01c1054 elementor-widget elementor-widget-text-editor\" data-id=\"01c1054\" data-element_type=\"widget\" data-e-type=\"widget\" data-widget_type=\"text-editor.default\">\n\t\t\t\t<div class=\"elementor-widget-container\">\n\t\t\t\t\t\t\t\t\t<p>Sucht euch passend zu der Wunschfarbe auch die Schriftart aus.<\/p>\t\t\t\t\t\t\t\t<\/div>\n\t\t\t\t<\/div>\n\t\t\t\t<div class=\"elementor-element elementor-element-2cd5160 elementor-widget elementor-widget-image\" data-id=\"2cd5160\" data-element_type=\"widget\" data-e-type=\"widget\" data-widget_type=\"image.default\">\n\t\t\t\t<div class=\"elementor-widget-container\">\n\t\t\t\t\t\t\t\t\t\t\t\t\t\t\t<img decoding=\"async\" width=\"787\" height=\"1024\" src=\"https:\/\/lomestar.de\/abschluss-shirts\/wp-content\/uploads\/sites\/4\/2020\/04\/Einzelnamen-Abschluss_LOMESTAR-787x1024.jpg\" class=\"attachment-large size-large wp-image-3413\" alt=\"verschiedene Schriftarten f\u00fcr Einzelnamen\" srcset=\"https:\/\/lomestar.de\/abschluss-shirts\/wp-content\/uploads\/sites\/4\/2020\/04\/Einzelnamen-Abschluss_LOMESTAR-787x1024.jpg 787w, https:\/\/lomestar.de\/abschluss-shirts\/wp-content\/uploads\/sites\/4\/2020\/04\/Einzelnamen-Abschluss_LOMESTAR-231x300.jpg 231w, https:\/\/lomestar.de\/abschluss-shirts\/wp-content\/uploads\/sites\/4\/2020\/04\/Einzelnamen-Abschluss_LOMESTAR-768x999.jpg 768w, https:\/\/lomestar.de\/abschluss-shirts\/wp-content\/uploads\/sites\/4\/2020\/04\/Einzelnamen-Abschluss_LOMESTAR-1181x1536.jpg 1181w, https:\/\/lomestar.de\/abschluss-shirts\/wp-content\/uploads\/sites\/4\/2020\/04\/Einzelnamen-Abschluss_LOMESTAR-1575x2048.jpg 1575w, https:\/\/lomestar.de\/abschluss-shirts\/wp-content\/uploads\/sites\/4\/2020\/04\/Einzelnamen-Abschluss_LOMESTAR-600x780.jpg 600w, https:\/\/lomestar.de\/abschluss-shirts\/wp-content\/uploads\/sites\/4\/2020\/04\/Einzelnamen-Abschluss_LOMESTAR.jpg 1740w\" sizes=\"(max-width: 787px) 100vw, 787px\" \/>\t\t\t\t\t\t\t\t\t\t\t\t\t\t\t<\/div>\n\t\t\t\t<\/div>\n\t\t\t\t<div class=\"elementor-element elementor-element-991dce5 elementor-widget elementor-widget-heading\" data-id=\"991dce5\" data-element_type=\"widget\" data-e-type=\"widget\" data-widget_type=\"heading.default\">\n\t\t\t\t<div class=\"elementor-widget-container\">\n\t\t\t\t\t<h3 class=\"elementor-heading-title elementor-size-default\">Farben f\u00fcr Einzelnamen<\/h3>\t\t\t\t<\/div>\n\t\t\t\t<\/div>\n\t\t\t\t<div class=\"elementor-element elementor-element-86e102c elementor-widget elementor-widget-image\" data-id=\"86e102c\" data-element_type=\"widget\" data-e-type=\"widget\" data-widget_type=\"image.default\">\n\t\t\t\t<div class=\"elementor-widget-container\">\n\t\t\t\t\t\t\t\t\t\t\t\t\t\t\t<img loading=\"lazy\" decoding=\"async\" width=\"1024\" height=\"708\" src=\"https:\/\/lomestar.de\/abschluss-shirts\/wp-content\/uploads\/sites\/4\/2020\/04\/Druckfarben-1024x708.jpg\" class=\"attachment-large size-large wp-image-3412\" alt=\"Druckfarben von LOMESTAR\" srcset=\"https:\/\/lomestar.de\/abschluss-shirts\/wp-content\/uploads\/sites\/4\/2020\/04\/Druckfarben-1024x708.jpg 1024w, https:\/\/lomestar.de\/abschluss-shirts\/wp-content\/uploads\/sites\/4\/2020\/04\/Druckfarben-300x207.jpg 300w, https:\/\/lomestar.de\/abschluss-shirts\/wp-content\/uploads\/sites\/4\/2020\/04\/Druckfarben-768x531.jpg 768w, https:\/\/lomestar.de\/abschluss-shirts\/wp-content\/uploads\/sites\/4\/2020\/04\/Druckfarben-1536x1062.jpg 1536w, https:\/\/lomestar.de\/abschluss-shirts\/wp-content\/uploads\/sites\/4\/2020\/04\/Druckfarben-2048x1415.jpg 2048w, https:\/\/lomestar.de\/abschluss-shirts\/wp-content\/uploads\/sites\/4\/2020\/04\/Druckfarben-600x415.jpg 600w\" sizes=\"(max-width: 1024px) 100vw, 1024px\" \/>\t\t\t\t\t\t\t\t\t\t\t\t\t\t\t<\/div>\n\t\t\t\t<\/div>\n\t\t\t\t<div class=\"elementor-element elementor-element-f07aa81 elementor-widget elementor-widget-heading\" data-id=\"f07aa81\" data-element_type=\"widget\" data-e-type=\"widget\" data-widget_type=\"heading.default\">\n\t\t\t\t<div class=\"elementor-widget-container\">\n\t\t\t\t\t<h3 class=\"elementor-heading-title elementor-size-default\">Positionsbeispiele f\u00fcr Einzelnamen<\/h3>\t\t\t\t<\/div>\n\t\t\t\t<\/div>\n\t\t\t\t<div class=\"elementor-element elementor-element-dfcf5b5 elementor-widget elementor-widget-image\" data-id=\"dfcf5b5\" data-element_type=\"widget\" data-e-type=\"widget\" data-widget_type=\"image.default\">\n\t\t\t\t<div class=\"elementor-widget-container\">\n\t\t\t\t\t\t\t\t\t\t\t\t\t\t\t<img loading=\"lazy\" decoding=\"async\" width=\"768\" height=\"909\" src=\"https:\/\/lomestar.de\/abschluss-shirts\/wp-content\/uploads\/sites\/4\/2020\/10\/Positionen-Einzelnamen-ABSCH-768x909.jpg\" class=\"attachment-medium_large size-medium_large wp-image-6439\" alt=\"Positionen f\u00fcr Einzelnamen auf Textilien\" srcset=\"https:\/\/lomestar.de\/abschluss-shirts\/wp-content\/uploads\/sites\/4\/2020\/10\/Positionen-Einzelnamen-ABSCH-768x909.jpg 768w, https:\/\/lomestar.de\/abschluss-shirts\/wp-content\/uploads\/sites\/4\/2020\/10\/Positionen-Einzelnamen-ABSCH-253x300.jpg 253w, https:\/\/lomestar.de\/abschluss-shirts\/wp-content\/uploads\/sites\/4\/2020\/10\/Positionen-Einzelnamen-ABSCH-865x1024.jpg 865w, https:\/\/lomestar.de\/abschluss-shirts\/wp-content\/uploads\/sites\/4\/2020\/10\/Positionen-Einzelnamen-ABSCH-1297x1536.jpg 1297w, https:\/\/lomestar.de\/abschluss-shirts\/wp-content\/uploads\/sites\/4\/2020\/10\/Positionen-Einzelnamen-ABSCH-600x710.jpg 600w, https:\/\/lomestar.de\/abschluss-shirts\/wp-content\/uploads\/sites\/4\/2020\/10\/Positionen-Einzelnamen-ABSCH.jpg 1713w\" sizes=\"(max-width: 768px) 100vw, 768px\" \/>\t\t\t\t\t\t\t\t\t\t\t\t\t\t\t<\/div>\n\t\t\t\t<\/div>\n\t\t\t\t\t<\/div>\n\t\t<\/div>\n\t\t\t\t\t<\/div>\n\t\t<\/section>\n\t\t\t\t<\/div>\n\t\t","protected":false},"excerpt":{"rendered":"<p>Druck von Einzelnamen und Nummern Wir drucken nicht nur individuelle Gruppenmotive, sondern versehen die Textilien gerne auch (zus\u00e4tzlich) mit einem individuellen Einzelnamen oder einer Zahl &#8211; so wird jedes Textil zu einem echten Unikat! Ob gro\u00df oder klein, egal welche Position, der Kunde entscheidet! Einfach die gew\u00fcnschte Gr\u00f6\u00dfe, Farbe und Schriftart ausw\u00e4hlen. Diese Informationen ben\u00f6tigen [&hellip;]<\/p>\n","protected":false},"author":3,"featured_media":0,"parent":0,"menu_order":0,"comment_status":"closed","ping_status":"closed","template":"","meta":{"site-sidebar-layout":"no-sidebar","site-content-layout":"page-builder","ast-site-content-layout":"default","site-content-style":"default","site-sidebar-style":"default","ast-global-header-display":"","ast-banner-title-visibility":"","ast-main-header-display":"","ast-hfb-above-header-display":"","ast-hfb-below-header-display":"","ast-hfb-mobile-header-display":"","site-post-title":"disabled","ast-breadcrumbs-content":"","ast-featured-img":"disabled","footer-sml-layout":"","ast-disable-related-posts":"","theme-transparent-header-meta":"default","adv-header-id-meta":"","stick-header-meta":"default","header-above-stick-meta":"","header-main-stick-meta":"","header-below-stick-meta":"","astra-migrate-meta-layouts":"default","ast-page-background-enabled":"default","ast-page-background-meta":{"desktop":{"background-color":"","background-image":"","background-repeat":"repeat","background-position":"center center","background-size":"auto","background-attachment":"scroll","background-type":"","background-media":"","overlay-type":"","overlay-color":"","overlay-opacity":"","overlay-gradient":""},"tablet":{"background-color":"","background-image":"","background-repeat":"repeat","background-position":"center center","background-size":"auto","background-attachment":"scroll","background-type":"","background-media":"","overlay-type":"","overlay-color":"","overlay-opacity":"","overlay-gradient":""},"mobile":{"background-color":"","background-image":"","background-repeat":"repeat","background-position":"center center","background-size":"auto","background-attachment":"scroll","background-type":"","background-media":"","overlay-type":"","overlay-color":"","overlay-opacity":"","overlay-gradient":""}},"ast-content-background-meta":{"desktop":{"background-color":"var(--ast-global-color-5)","background-image":"","background-repeat":"repeat","background-position":"center center","background-size":"auto","background-attachment":"scroll","background-type":"","background-media":"","overlay-type":"","overlay-color":"","overlay-opacity":"","overlay-gradient":""},"tablet":{"background-color":"var(--ast-global-color-5)","background-image":"","background-repeat":"repeat","background-position":"center center","background-size":"auto","background-attachment":"scroll","background-type":"","background-media":"","overlay-type":"","overlay-color":"","overlay-opacity":"","overlay-gradient":""},"mobile":{"background-color":"var(--ast-global-color-5)","background-image":"","background-repeat":"repeat","background-position":"center center","background-size":"auto","background-attachment":"scroll","background-type":"","background-media":"","overlay-type":"","overlay-color":"","overlay-opacity":"","overlay-gradient":""}},"footnotes":""},"folder":[],"class_list":["post-3209","page","type-page","status-publish","hentry"],"_links":{"self":[{"href":"https:\/\/lomestar.de\/abschluss-shirts\/wp-json\/wp\/v2\/pages\/3209","targetHints":{"allow":["GET"]}}],"collection":[{"href":"https:\/\/lomestar.de\/abschluss-shirts\/wp-json\/wp\/v2\/pages"}],"about":[{"href":"https:\/\/lomestar.de\/abschluss-shirts\/wp-json\/wp\/v2\/types\/page"}],"author":[{"embeddable":true,"href":"https:\/\/lomestar.de\/abschluss-shirts\/wp-json\/wp\/v2\/users\/3"}],"replies":[{"embeddable":true,"href":"https:\/\/lomestar.de\/abschluss-shirts\/wp-json\/wp\/v2\/comments?post=3209"}],"version-history":[{"count":0,"href":"https:\/\/lomestar.de\/abschluss-shirts\/wp-json\/wp\/v2\/pages\/3209\/revisions"}],"wp:attachment":[{"href":"https:\/\/lomestar.de\/abschluss-shirts\/wp-json\/wp\/v2\/media?parent=3209"}],"wp:term":[{"taxonomy":"folder","embeddable":true,"href":"https:\/\/lomestar.de\/abschluss-shirts\/wp-json\/wp\/v2\/folder?post=3209"}],"curies":[{"name":"wp","href":"https:\/\/api.w.org\/{rel}","templated":true}]}}