{"id":3193,"date":"2020-02-05T12:06:10","date_gmt":"2020-02-05T11:06:10","guid":{"rendered":"https:\/\/app-web-ls-wp.azurewebsites.net\/abschluss-shirts\/?page_id=3193"},"modified":"2020-06-25T14:58:26","modified_gmt":"2020-06-25T13:58:26","slug":"darum-lomestar","status":"publish","type":"page","link":"https:\/\/lomestar.de\/abschluss-shirts\/darum-lomestar\/","title":{"rendered":"Darum LOMESTAR"},"content":{"rendered":"\t\t<div data-elementor-type=\"wp-page\" data-elementor-id=\"3193\" class=\"elementor elementor-3193\" data-elementor-post-type=\"page\">\n\t\t\t\t\t\t<section class=\"elementor-section elementor-top-section elementor-element elementor-element-286b2edd elementor-section-boxed elementor-section-height-default elementor-section-height-default\" data-id=\"286b2edd\" data-element_type=\"section\" data-e-type=\"section\">\n\t\t\t\t\t\t<div class=\"elementor-container elementor-column-gap-default\">\n\t\t\t\t\t<div class=\"elementor-column elementor-col-100 elementor-top-column elementor-element elementor-element-62ff5e01\" data-id=\"62ff5e01\" data-element_type=\"column\" data-e-type=\"column\">\n\t\t\t<div class=\"elementor-widget-wrap elementor-element-populated\">\n\t\t\t\t\t\t<div class=\"elementor-element elementor-element-4090d3d8 elementor-widget elementor-widget-heading\" data-id=\"4090d3d8\" data-element_type=\"widget\" data-e-type=\"widget\" data-widget_type=\"heading.default\">\n\t\t\t\t<div class=\"elementor-widget-container\">\n\t\t\t\t\t<h2 class=\"elementor-heading-title elementor-size-default\">Darum vertraue ich LOMESTAR bei der Umsetzung meiner Abschluss-Shirts<\/h2>\t\t\t\t<\/div>\n\t\t\t\t<\/div>\n\t\t\t\t<section class=\"elementor-section elementor-inner-section elementor-element elementor-element-ca94f5e elementor-section-boxed elementor-section-height-default elementor-section-height-default\" data-id=\"ca94f5e\" data-element_type=\"section\" data-e-type=\"section\">\n\t\t\t\t\t\t<div class=\"elementor-container elementor-column-gap-default\">\n\t\t\t\t\t<div class=\"elementor-column elementor-col-50 elementor-inner-column elementor-element elementor-element-25f57bd4 elementor-hidden-phone\" data-id=\"25f57bd4\" data-element_type=\"column\" data-e-type=\"column\">\n\t\t\t<div class=\"elementor-widget-wrap elementor-element-populated\">\n\t\t\t\t\t\t<div class=\"elementor-element elementor-element-38e493f5 elementor-widget elementor-widget-heading\" data-id=\"38e493f5\" data-element_type=\"widget\" data-e-type=\"widget\" data-widget_type=\"heading.default\">\n\t\t\t\t<div class=\"elementor-widget-container\">\n\t\t\t\t\t<h2 class=\"elementor-heading-title elementor-size-default\">D<br>A<br>R<br>U<br>M<\/h2>\t\t\t\t<\/div>\n\t\t\t\t<\/div>\n\t\t\t\t<div class=\"elementor-element elementor-element-6e45038a elementor-widget elementor-widget-spacer\" data-id=\"6e45038a\" data-element_type=\"widget\" data-e-type=\"widget\" data-widget_type=\"spacer.default\">\n\t\t\t\t<div class=\"elementor-widget-container\">\n\t\t\t\t\t\t\t<div class=\"elementor-spacer\">\n\t\t\t<div class=\"elementor-spacer-inner\"><\/div>\n\t\t<\/div>\n\t\t\t\t\t\t<\/div>\n\t\t\t\t<\/div>\n\t\t\t\t\t<\/div>\n\t\t<\/div>\n\t\t\t\t<div class=\"elementor-column elementor-col-50 elementor-inner-column elementor-element elementor-element-486dc2a4\" data-id=\"486dc2a4\" data-element_type=\"column\" data-e-type=\"column\">\n\t\t\t<div class=\"elementor-widget-wrap elementor-element-populated\">\n\t\t\t\t\t\t<div class=\"elementor-element elementor-element-6ece7fcc elementor-hidden-phone elementor-widget elementor-widget-text-editor\" data-id=\"6ece7fcc\" data-element_type=\"widget\" data-e-type=\"widget\" data-widget_type=\"text-editor.default\">\n\t\t\t\t<div class=\"elementor-widget-container\">\n\t\t\t\t\t\t\t\t\t<div><p>Hochwertige<b> D<\/b>rucktechnik<\/p><p><b>A<\/b>u\u00dfergew\u00f6hnlich hohe Kundenzufriedenheit<\/p><p>Kurze <b>R<\/b>eaktionszeiten, Erreichbarkeit und Termintreue<\/p><p><b>U<\/b>nverkennbare Qualit\u00e4t und Flexibilit\u00e4t<\/p><p>Freundliche <b>M<\/b>itarbeiter\u00a0<\/p><\/div>\t\t\t\t\t\t\t\t<\/div>\n\t\t\t\t<\/div>\n\t\t\t\t<div class=\"elementor-element elementor-element-60dbbff0 elementor-widget elementor-widget-text-editor\" data-id=\"60dbbff0\" data-element_type=\"widget\" data-e-type=\"widget\" data-widget_type=\"text-editor.default\">\n\t\t\t\t<div class=\"elementor-widget-container\">\n\t\t\t\t\t\t\t\t\t<div><p>Gerne begleiten wir euch erfolgreich bei der Umsetzung eures individuellen Abschluss-Shirts<b>\u00a0<\/b>und nehmen uns die Zeit, euch ausf\u00fchrlich zu beraten und w\u00e4hrend des gesamten Bestellablaufs zu begleiten.<\/p><p>Gerne erstellen wir euch schnell, einfach und unkompliziert eine erste unverbindliche Preis\u00fcbersicht zu eurem Wunschtextil.<\/p><p>Ihr habt bereits ein Motiv, m\u00f6chtet dieses jedoch \u00fcberarbeiten oder modernisieren? Auch dann seid ihr bei uns genau richtig. Unser Layoutteam wird euch bei der Erstellung des perfekten Designs individuell unterst\u00fctzen. Nutzt dazu einfach unseren <a href=\"https:\/\/lomestar.de\/abschluss-shirts\/eigenes-motiv\"><strong>kostenfreien Layoutservice<\/strong><\/a>.<\/p><p>\u00a0<\/p><\/div>\t\t\t\t\t\t\t\t<\/div>\n\t\t\t\t<\/div>\n\t\t\t\t<div class=\"elementor-element elementor-element-a81e192 elementor-widget elementor-widget-heading\" data-id=\"a81e192\" data-element_type=\"widget\" data-e-type=\"widget\" data-widget_type=\"heading.default\">\n\t\t\t\t<div class=\"elementor-widget-container\">\n\t\t\t\t\t<h3 class=\"elementor-heading-title elementor-size-default\">Kundenservice wird bei uns gro\u00df geschrieben.\n<\/h3>\t\t\t\t<\/div>\n\t\t\t\t<\/div>\n\t\t\t\t<div class=\"elementor-element elementor-element-68dfbc3e elementor-widget elementor-widget-text-editor\" data-id=\"68dfbc3e\" data-element_type=\"widget\" data-e-type=\"widget\" data-widget_type=\"text-editor.default\">\n\t\t\t\t<div class=\"elementor-widget-container\">\n\t\t\t\t\t\t\t\t\t<div><p>Die Zufriedenheit unserer Kunden hat bei uns h\u00f6chste Priorit\u00e4t, was unser st\u00e4ndiger Kundenzuwachs beweist. Und trotzdem arbeiten wir immer daran, unsere Leistungen zur einfachen Organisation eurer Abschluss-Shirts zu verbessern. \u00dcberzeugt euch selbst!<\/p><p>Wir freuen uns auf euch.<\/p><p>Euer Team LOMESTAR<\/p><\/div>\t\t\t\t\t\t\t\t<\/div>\n\t\t\t\t<\/div>\n\t\t\t\t<div class=\"elementor-element elementor-element-060a315 elementor-widget elementor-widget-image\" data-id=\"060a315\" data-element_type=\"widget\" data-e-type=\"widget\" data-widget_type=\"image.default\">\n\t\t\t\t<div class=\"elementor-widget-container\">\n\t\t\t\t\t\t\t\t\t\t\t\t\t\t\t<img fetchpriority=\"high\" decoding=\"async\" width=\"765\" height=\"400\" src=\"https:\/\/lomestar.de\/abschluss-shirts\/wp-content\/uploads\/sites\/4\/2020\/02\/\u00fcber-Lomestar.jpg\" class=\"attachment-large size-large wp-image-3195\" alt=\"Jugendliche in einer Bar\" srcset=\"https:\/\/lomestar.de\/abschluss-shirts\/wp-content\/uploads\/sites\/4\/2020\/02\/\u00fcber-Lomestar.jpg 765w, https:\/\/lomestar.de\/abschluss-shirts\/wp-content\/uploads\/sites\/4\/2020\/02\/\u00fcber-Lomestar-300x157.jpg 300w, https:\/\/lomestar.de\/abschluss-shirts\/wp-content\/uploads\/sites\/4\/2020\/02\/\u00fcber-Lomestar-600x314.jpg 600w\" sizes=\"(max-width: 765px) 100vw, 765px\" \/>\t\t\t\t\t\t\t\t\t\t\t\t\t\t\t<\/div>\n\t\t\t\t<\/div>\n\t\t\t\t<div class=\"elementor-element elementor-element-4a362fa8 elementor-hidden-phone elementor-widget elementor-widget-text-editor\" data-id=\"4a362fa8\" data-element_type=\"widget\" data-e-type=\"widget\" data-widget_type=\"text-editor.default\">\n\t\t\t\t<div class=\"elementor-widget-container\">\n\t\t\t\t\t\t\t\t\t<p>Wir bieten au\u00dferdem attraktive Konditionen f\u00fcr andere Auftr\u00e4ge eurer Schule wie zum Beispiel <strong>Schulkleidung, Abschluss-, Kurs- oder Fahrten-Shirts.<\/strong><\/p>\t\t\t\t\t\t\t\t<\/div>\n\t\t\t\t<\/div>\n\t\t\t\t<div class=\"elementor-element elementor-element-77d3a30 elementor-hidden-desktop elementor-hidden-tablet elementor-widget elementor-widget-text-editor\" data-id=\"77d3a30\" data-element_type=\"widget\" data-e-type=\"widget\" data-widget_type=\"text-editor.default\">\n\t\t\t\t<div class=\"elementor-widget-container\">\n\t\t\t\t\t\t\t\t\t<p>Wir bieten au\u00dferdem attraktive Konditionen f\u00fcr andere Auftr\u00e4ge eurer Schule wie zum Beispiel <strong>Schulkleidung, Abschluss-, Kurs- oder Fahrten-Shirts.<\/strong><\/p>\t\t\t\t\t\t\t\t<\/div>\n\t\t\t\t<\/div>\n\t\t\t\t\t<\/div>\n\t\t<\/div>\n\t\t\t\t\t<\/div>\n\t\t<\/section>\n\t\t\t\t\t<\/div>\n\t\t<\/div>\n\t\t\t\t\t<\/div>\n\t\t<\/section>\n\t\t\t\t<\/div>\n\t\t","protected":false},"excerpt":{"rendered":"<p>Darum vertraue ich LOMESTAR bei der Umsetzung meiner Abschluss-Shirts DARUM Hochwertige Drucktechnik Au\u00dfergew\u00f6hnlich hohe Kundenzufriedenheit Kurze Reaktionszeiten, Erreichbarkeit und Termintreue Unverkennbare Qualit\u00e4t und Flexibilit\u00e4t Freundliche Mitarbeiter\u00a0 Gerne begleiten wir euch erfolgreich bei der Umsetzung eures individuellen Abschluss-Shirts\u00a0und nehmen uns die Zeit, euch ausf\u00fchrlich zu beraten und w\u00e4hrend des gesamten Bestellablaufs zu begleiten. Gerne erstellen wir [&hellip;]<\/p>\n","protected":false},"author":3,"featured_media":0,"parent":0,"menu_order":0,"comment_status":"closed","ping_status":"closed","template":"","meta":{"site-sidebar-layout":"no-sidebar","site-content-layout":"page-builder","ast-site-content-layout":"default","site-content-style":"default","site-sidebar-style":"default","ast-global-header-display":"","ast-banner-title-visibility":"","ast-main-header-display":"","ast-hfb-above-header-display":"","ast-hfb-below-header-display":"","ast-hfb-mobile-header-display":"","site-post-title":"disabled","ast-breadcrumbs-content":"","ast-featured-img":"disabled","footer-sml-layout":"","ast-disable-related-posts":"","theme-transparent-header-meta":"default","adv-header-id-meta":"","stick-header-meta":"default","header-above-stick-meta":"","header-main-stick-meta":"","header-below-stick-meta":"","astra-migrate-meta-layouts":"default","ast-page-background-enabled":"default","ast-page-background-meta":{"desktop":{"background-color":"","background-image":"","background-repeat":"repeat","background-position":"center center","background-size":"auto","background-attachment":"scroll","background-type":"","background-media":"","overlay-type":"","overlay-color":"","overlay-opacity":"","overlay-gradient":""},"tablet":{"background-color":"","background-image":"","background-repeat":"repeat","background-position":"center center","background-size":"auto","background-attachment":"scroll","background-type":"","background-media":"","overlay-type":"","overlay-color":"","overlay-opacity":"","overlay-gradient":""},"mobile":{"background-color":"","background-image":"","background-repeat":"repeat","background-position":"center center","background-size":"auto","background-attachment":"scroll","background-type":"","background-media":"","overlay-type":"","overlay-color":"","overlay-opacity":"","overlay-gradient":""}},"ast-content-background-meta":{"desktop":{"background-color":"var(--ast-global-color-5)","background-image":"","background-repeat":"repeat","background-position":"center center","background-size":"auto","background-attachment":"scroll","background-type":"","background-media":"","overlay-type":"","overlay-color":"","overlay-opacity":"","overlay-gradient":""},"tablet":{"background-color":"var(--ast-global-color-5)","background-image":"","background-repeat":"repeat","background-position":"center center","background-size":"auto","background-attachment":"scroll","background-type":"","background-media":"","overlay-type":"","overlay-color":"","overlay-opacity":"","overlay-gradient":""},"mobile":{"background-color":"var(--ast-global-color-5)","background-image":"","background-repeat":"repeat","background-position":"center center","background-size":"auto","background-attachment":"scroll","background-type":"","background-media":"","overlay-type":"","overlay-color":"","overlay-opacity":"","overlay-gradient":""}},"footnotes":""},"folder":[],"class_list":["post-3193","page","type-page","status-publish","hentry"],"_links":{"self":[{"href":"https:\/\/lomestar.de\/abschluss-shirts\/wp-json\/wp\/v2\/pages\/3193","targetHints":{"allow":["GET"]}}],"collection":[{"href":"https:\/\/lomestar.de\/abschluss-shirts\/wp-json\/wp\/v2\/pages"}],"about":[{"href":"https:\/\/lomestar.de\/abschluss-shirts\/wp-json\/wp\/v2\/types\/page"}],"author":[{"embeddable":true,"href":"https:\/\/lomestar.de\/abschluss-shirts\/wp-json\/wp\/v2\/users\/3"}],"replies":[{"embeddable":true,"href":"https:\/\/lomestar.de\/abschluss-shirts\/wp-json\/wp\/v2\/comments?post=3193"}],"version-history":[{"count":0,"href":"https:\/\/lomestar.de\/abschluss-shirts\/wp-json\/wp\/v2\/pages\/3193\/revisions"}],"wp:attachment":[{"href":"https:\/\/lomestar.de\/abschluss-shirts\/wp-json\/wp\/v2\/media?parent=3193"}],"wp:term":[{"taxonomy":"folder","embeddable":true,"href":"https:\/\/lomestar.de\/abschluss-shirts\/wp-json\/wp\/v2\/folder?post=3193"}],"curies":[{"name":"wp","href":"https:\/\/api.w.org\/{rel}","templated":true}]}}