{"id":4495,"date":"2020-04-17T10:29:54","date_gmt":"2020-06-16T12:00:30","guid":{"rendered":"https:\/\/staging.lomestar.de\/abi-shirts\/textilien\/import-placeholder-for-35-4001\/"},"modified":"2023-11-29T09:19:35","modified_gmt":"2023-11-29T08:19:35","slug":"casual-heavy-hooded-jacket-women","status":"publish","type":"product","link":"https:\/\/lomestar.de\/abi-shirts\/textilien\/casual-heavy-hooded-jacket-women\/","title":{"rendered":"Casual Heavy Hooded Jacket Women"},"content":{"rendered":"","protected":false},"excerpt":{"rendered":"<ul>\n<li>Gek\u00e4mmte, ringgesponnene Baumwolle<\/li>\n<li>3-lagiger Sweatshirt-Stoff<\/li>\n<li>Gerader Schnitt f\u00fcr ein zeitgem\u00e4\u00dfes Erscheinungsbild<\/li>\n<li>Messingfarbener YKK-Rei\u00dfverschluss<\/li>\n<li>Modisch flaches Zugband mit Knopfloch-\u00d6sen<\/li>\n<li>Zugband-F\u00fchrung in der doppellagigen Kapuze<\/li>\n<li>Schlankere Schulterpartie und \u00c4rmel, nach vorne versetzte Schulternaht<\/li>\n<li>Deckn\u00e4hte an Armausschnitten, B\u00fcndchen und Saum<\/li>\n<li>Nackenband in Fischgr\u00e4toptik<\/li>\n<li>Kopfh\u00f6rer-Kabelf\u00fchrung<\/li>\n<li>3-lagige Konstruktion<\/li>\n<li>Saum und B\u00fcndchen weiter geschnitten<\/li>\n<\/ul>\n","protected":false},"featured_media":17342,"template":"","meta":{"site-sidebar-layout":"default","site-content-layout":"default","ast-site-content-layout":"default","site-content-style":"default","site-sidebar-style":"default","ast-global-header-display":"","ast-banner-title-visibility":"","ast-main-header-display":"","ast-hfb-above-header-display":"","ast-hfb-below-header-display":"","ast-hfb-mobile-header-display":"","site-post-title":"","ast-breadcrumbs-content":"","ast-featured-img":"","footer-sml-layout":"","ast-disable-related-posts":"","theme-transparent-header-meta":"default","adv-header-id-meta":"","stick-header-meta":"default","header-above-stick-meta":"","header-main-stick-meta":"","header-below-stick-meta":"","astra-migrate-meta-layouts":"default","ast-page-background-enabled":"default","ast-page-background-meta":{"desktop":{"background-color":"","background-image":"","background-repeat":"repeat","background-position":"center center","background-size":"auto","background-attachment":"scroll","background-type":"","background-media":"","overlay-type":"","overlay-color":"","overlay-opacity":"","overlay-gradient":""},"tablet":{"background-color":"","background-image":"","background-repeat":"repeat","background-position":"center center","background-size":"auto","background-attachment":"scroll","background-type":"","background-media":"","overlay-type":"","overlay-color":"","overlay-opacity":"","overlay-gradient":""},"mobile":{"background-color":"","background-image":"","background-repeat":"repeat","background-position":"center center","background-size":"auto","background-attachment":"scroll","background-type":"","background-media":"","overlay-type":"","overlay-color":"","overlay-opacity":"","overlay-gradient":""}},"ast-content-background-meta":{"desktop":{"background-color":"var(--ast-global-color-5)","background-image":"","background-repeat":"repeat","background-position":"center center","background-size":"auto","background-attachment":"scroll","background-type":"","background-media":"","overlay-type":"","overlay-color":"","overlay-opacity":"","overlay-gradient":""},"tablet":{"background-color":"var(--ast-global-color-5)","background-image":"","background-repeat":"repeat","background-position":"center center","background-size":"auto","background-attachment":"scroll","background-type":"","background-media":"","overlay-type":"","overlay-color":"","overlay-opacity":"","overlay-gradient":""},"mobile":{"background-color":"var(--ast-global-color-5)","background-image":"","background-repeat":"repeat","background-position":"center center","background-size":"auto","background-attachment":"scroll","background-type":"","background-media":"","overlay-type":"","overlay-color":"","overlay-opacity":"","overlay-gradient":""}}},"pwb-brand":[138],"product_brand":[],"product_cat":[124],"product_tag":[113,120,121,125],"class_list":{"0":"post-4495","1":"product","2":"type-product","3":"status-publish","4":"has-post-thumbnail","6":"pwb-brand-russell","7":"product_cat-sweatjacken","8":"product_tag-frauen","9":"product_tag-kapuze","10":"product_tag-kordel","11":"product_tag-reissverschluss","12":"desktop-align-center","13":"tablet-align-center","14":"mobile-align-center","15":"ast-product-gallery-layout-horizontal","16":"ast-magnify-disabled","17":"ast-product-single-variable","18":"ast-product-tabs-layout-horizontal","19":"ast-qv-on-image","21":"first","22":"instock","23":"shipping-taxable","24":"purchasable","25":"product-type-variable"},"brands":[{"id":138,"name":"Russell","slug":"russell"}],"_links":{"self":[{"href":"https:\/\/lomestar.de\/abi-shirts\/wp-json\/wp\/v2\/product\/4495","targetHints":{"allow":["GET"]}}],"collection":[{"href":"https:\/\/lomestar.de\/abi-shirts\/wp-json\/wp\/v2\/product"}],"about":[{"href":"https:\/\/lomestar.de\/abi-shirts\/wp-json\/wp\/v2\/types\/product"}],"wp:featuredmedia":[{"embeddable":true,"href":"https:\/\/lomestar.de\/abi-shirts\/wp-json\/wp\/v2\/media\/17342"}],"wp:attachment":[{"href":"https:\/\/lomestar.de\/abi-shirts\/wp-json\/wp\/v2\/media?parent=4495"}],"wp:term":[{"taxonomy":"pwb-brand","embeddable":true,"href":"https:\/\/lomestar.de\/abi-shirts\/wp-json\/wp\/v2\/pwb-brand?post=4495"},{"taxonomy":"product_brand","embeddable":true,"href":"https:\/\/lomestar.de\/abi-shirts\/wp-json\/wp\/v2\/product_brand?post=4495"},{"taxonomy":"product_cat","embeddable":true,"href":"https:\/\/lomestar.de\/abi-shirts\/wp-json\/wp\/v2\/product_cat?post=4495"},{"taxonomy":"product_tag","embeddable":true,"href":"https:\/\/lomestar.de\/abi-shirts\/wp-json\/wp\/v2\/product_tag?post=4495"}],"curies":[{"name":"wp","href":"https:\/\/api.w.org\/{rel}","templated":true}]}}