{"id":3306,"date":"2020-02-18T10:17:36","date_gmt":"2020-02-18T09:17:36","guid":{"rendered":"https:\/\/app-web-ls-wp.azurewebsites.net\/abi-shirts\/?page_id=3306"},"modified":"2025-09-12T11:51:59","modified_gmt":"2025-09-12T10:51:59","slug":"angebot-anfordern","status":"publish","type":"page","link":"https:\/\/lomestar.de\/abi-shirts\/angebot-anfordern\/","title":{"rendered":"Angebot anfordern"},"content":{"rendered":"\t\t<div data-elementor-type=\"wp-page\" data-elementor-id=\"3306\" class=\"elementor elementor-3306\" data-elementor-post-type=\"page\">\n\t\t\t\t\t\t<section class=\"elementor-section elementor-top-section elementor-element elementor-element-4b72d453 elementor-section-boxed elementor-section-height-default elementor-section-height-default\" data-id=\"4b72d453\" data-element_type=\"section\" data-e-type=\"section\" data-settings=\"{&quot;background_background&quot;:&quot;classic&quot;}\">\n\t\t\t\t\t\t<div class=\"elementor-container elementor-column-gap-default\">\n\t\t\t\t\t<div class=\"elementor-column elementor-col-33 elementor-top-column elementor-element elementor-element-1a586d9a\" data-id=\"1a586d9a\" data-element_type=\"column\" data-e-type=\"column\">\n\t\t\t<div class=\"elementor-widget-wrap\">\n\t\t\t\t\t\t\t<\/div>\n\t\t<\/div>\n\t\t\t\t<div class=\"elementor-column elementor-col-33 elementor-top-column elementor-element elementor-element-4a580b64\" data-id=\"4a580b64\" data-element_type=\"column\" data-e-type=\"column\" data-settings=\"{&quot;background_background&quot;:&quot;classic&quot;}\">\n\t\t\t<div class=\"elementor-widget-wrap\">\n\t\t\t\t\t\t\t<\/div>\n\t\t<\/div>\n\t\t\t\t<div class=\"elementor-column elementor-col-33 elementor-top-column elementor-element elementor-element-7a64ae86\" data-id=\"7a64ae86\" data-element_type=\"column\" data-e-type=\"column\">\n\t\t\t<div class=\"elementor-widget-wrap elementor-element-populated\">\n\t\t\t\t\t\t<div class=\"elementor-element elementor-element-544c4066 elementor-widget elementor-widget-spacer\" data-id=\"544c4066\" data-element_type=\"widget\" data-e-type=\"widget\" data-widget_type=\"spacer.default\">\n\t\t\t\t<div class=\"elementor-widget-container\">\n\t\t\t\t\t\t\t<div class=\"elementor-spacer\">\n\t\t\t<div class=\"elementor-spacer-inner\"><\/div>\n\t\t<\/div>\n\t\t\t\t\t\t<\/div>\n\t\t\t\t<\/div>\n\t\t\t\t<div class=\"elementor-element elementor-element-459f77ac elementor-widget elementor-widget-heading\" data-id=\"459f77ac\" data-element_type=\"widget\" data-e-type=\"widget\" data-widget_type=\"heading.default\">\n\t\t\t\t<div class=\"elementor-widget-container\">\n\t\t\t\t\t<h1 class=\"elementor-heading-title elementor-size-default\">Angebot anfordern<\/h1>\t\t\t\t<\/div>\n\t\t\t\t<\/div>\n\t\t\t\t<div class=\"elementor-element elementor-element-95b478f elementor-widget elementor-widget-text-editor\" data-id=\"95b478f\" data-element_type=\"widget\" data-e-type=\"widget\" data-widget_type=\"text-editor.default\">\n\t\t\t\t<div class=\"elementor-widget-container\">\n\t\t\t\t\t\t\t\t\t<p>Ihr w\u00fcnscht ein <b>kostenfreies und unverbindliches Angebot<\/b> f\u00fcr eure Abi-Shirts? E<span style=\"font-size: 16px\">infach die folgenden Felder ausf\u00fcllen. Wir senden euch in K\u00fcrze ein individuelles Angebot, damit ihr wisst, was eure W\u00fcnsche kosten.<\/span><\/p>\t\t\t\t\t\t\t\t<\/div>\n\t\t\t\t<\/div>\n\t\t\t\t<div class=\"elementor-element elementor-element-6bf4d039 elementor-button-align-start elementor-widget elementor-widget-form\" data-id=\"6bf4d039\" data-element_type=\"widget\" data-e-type=\"widget\" data-settings=\"{&quot;step_next_label&quot;:&quot;N\\u00e4chster&quot;,&quot;step_previous_label&quot;:&quot;Voriger&quot;,&quot;button_width&quot;:&quot;100&quot;,&quot;step_type&quot;:&quot;number_text&quot;,&quot;step_icon_shape&quot;:&quot;circle&quot;}\" data-widget_type=\"form.default\">\n\t\t\t\t<div class=\"elementor-widget-container\">\n\t\t\t\t\t\t\t<form class=\"elementor-form\" method=\"post\" name=\"Infopaket anfordern\" aria-label=\"Infopaket anfordern\">\n\t\t\t<input type=\"hidden\" name=\"post_id\" value=\"3306\"\/>\n\t\t\t<input type=\"hidden\" name=\"form_id\" value=\"6bf4d039\"\/>\n\t\t\t<input type=\"hidden\" name=\"referer_title\" value=\"Angebot anfordern\" \/>\n\n\t\t\t\t\t\t\t<input type=\"hidden\" name=\"queried_id\" value=\"3306\"\/>\n\t\t\t\n\t\t\t<div class=\"elementor-form-fields-wrapper elementor-labels-above\">\n\t\t\t\t\t\t\t\t<div class=\"elementor-field-type-select elementor-field-group elementor-column elementor-field-group-anrede elementor-col-50 elementor-field-required\">\n\t\t\t\t\t\t\t<div class=\"elementor-field elementor-select-wrapper remove-before \">\n\t\t\t<div class=\"select-caret-down-wrapper\">\n\t\t\t\t<i aria-hidden=\"true\" class=\"eicon-caret-down\"><\/i>\t\t\t<\/div>\n\t\t\t<select name=\"form_fields[anrede]\" id=\"form-field-anrede\" class=\"elementor-field-textual elementor-size-sm\" required=\"required\">\n\t\t\t\t\t\t\t\t\t<option value=\"Frau\">Frau<\/option>\n\t\t\t\t\t\t\t\t\t<option value=\"Herr\">Herr<\/option>\n\t\t\t\t\t\t\t\t\t<option value=\"\"><\/option>\n\t\t\t\t\t\t\t<\/select>\n\t\t<\/div>\n\t\t\t\t\t\t<\/div>\n\t\t\t\t\t\t\t\t<div class=\"elementor-field-type-select elementor-field-group elementor-column elementor-field-group-field_45cc584 elementor-col-50 elementor-field-required\">\n\t\t\t\t\t\t\t<div class=\"elementor-field elementor-select-wrapper remove-before \">\n\t\t\t<div class=\"select-caret-down-wrapper\">\n\t\t\t\t<i aria-hidden=\"true\" class=\"eicon-caret-down\"><\/i>\t\t\t<\/div>\n\t\t\t<select name=\"form_fields[field_45cc584]\" id=\"form-field-field_45cc584\" class=\"elementor-field-textual elementor-size-sm\" required=\"required\">\n\t\t\t\t\t\t\t\t\t<option value=\"Ich bin Sch\u00fcler\/in\">Ich bin Sch\u00fcler\/in<\/option>\n\t\t\t\t\t\t\t\t\t<option value=\"Klassensprecher\/in\">Klassensprecher\/in<\/option>\n\t\t\t\t\t\t\t\t\t<option value=\"Orgateam-Mitglied\">Orgateam-Mitglied<\/option>\n\t\t\t\t\t\t\t\t\t<option value=\"Elternteil\">Elternteil<\/option>\n\t\t\t\t\t\t\t\t\t<option value=\"Sekret\u00e4r\/in\">Sekret\u00e4r\/in<\/option>\n\t\t\t\t\t\t\t\t\t<option value=\"Lehrer\/in\">Lehrer\/in<\/option>\n\t\t\t\t\t\t\t\t\t<option value=\"Sonstiges\">Sonstiges<\/option>\n\t\t\t\t\t\t\t<\/select>\n\t\t<\/div>\n\t\t\t\t\t\t<\/div>\n\t\t\t\t\t\t\t\t<div class=\"elementor-field-type-text elementor-field-group elementor-column elementor-field-group-vorname elementor-col-50 elementor-field-required\">\n\t\t\t\t\t\t\t\t\t\t\t\t\t<input size=\"1\" type=\"text\" name=\"form_fields[vorname]\" id=\"form-field-vorname\" class=\"elementor-field elementor-size-sm  elementor-field-textual\" placeholder=\"Vorname\" required=\"required\">\n\t\t\t\t\t\t\t\t\t\t\t<\/div>\n\t\t\t\t\t\t\t\t<div class=\"elementor-field-type-text elementor-field-group elementor-column elementor-field-group-name elementor-col-50 elementor-field-required\">\n\t\t\t\t\t\t\t\t\t\t\t\t\t<input size=\"1\" type=\"text\" name=\"form_fields[name]\" id=\"form-field-name\" class=\"elementor-field elementor-size-sm  elementor-field-textual\" placeholder=\"Name\" required=\"required\">\n\t\t\t\t\t\t\t\t\t\t\t<\/div>\n\t\t\t\t\t\t\t\t<div class=\"elementor-field-type-tel elementor-field-group elementor-column elementor-field-group-telefon elementor-col-50 elementor-field-required\">\n\t\t\t\t\t\t\t<input size=\"1\" type=\"tel\" name=\"form_fields[telefon]\" id=\"form-field-telefon\" class=\"elementor-field elementor-size-sm  elementor-field-textual\" placeholder=\"Telefon\" required=\"required\" pattern=\"[0-9()#&amp;+*-=.]+\" title=\"Nur Nummern oder Telefon-Zeichen (#, -, *, etc) werden akzeptiert.\">\n\n\t\t\t\t\t\t<\/div>\n\t\t\t\t\t\t\t\t<div class=\"elementor-field-type-email elementor-field-group elementor-column elementor-field-group-email elementor-col-50 elementor-field-required\">\n\t\t\t\t\t\t\t\t\t\t\t\t\t<input size=\"1\" type=\"email\" name=\"form_fields[email]\" id=\"form-field-email\" class=\"elementor-field elementor-size-sm  elementor-field-textual\" placeholder=\"E-Mail\" required=\"required\">\n\t\t\t\t\t\t\t\t\t\t\t<\/div>\n\t\t\t\t\t\t\t\t<div class=\"elementor-field-type-text elementor-field-group elementor-column elementor-field-group-field_10 elementor-col-100\">\n\t\t\t\t\t\t\t\t\t\t\t\t\t<input size=\"1\" type=\"text\" name=\"form_fields[field_10]\" id=\"form-field-field_10\" class=\"elementor-field elementor-size-sm  elementor-field-textual\" placeholder=\"Schulname\">\n\t\t\t\t\t\t\t\t\t\t\t<\/div>\n\t\t\t\t\t\t\t\t<div class=\"elementor-field-type-select elementor-field-group elementor-column elementor-field-group-field_09ff6f8 elementor-col-100 elementor-field-required\">\n\t\t\t\t\t\t\t\t\t\t\t\t<label for=\"form-field-field_09ff6f8\" class=\"elementor-field-label\">\n\t\t\t\t\t\t\t\tWann braucht ihr die Textilien\t\t\t\t\t\t\t<\/label>\n\t\t\t\t\t\t\t\t<div class=\"elementor-field elementor-select-wrapper remove-before \">\n\t\t\t<div class=\"select-caret-down-wrapper\">\n\t\t\t\t<i aria-hidden=\"true\" class=\"eicon-caret-down\"><\/i>\t\t\t<\/div>\n\t\t\t<select name=\"form_fields[field_09ff6f8]\" id=\"form-field-field_09ff6f8\" class=\"elementor-field-textual elementor-size-sm\" required=\"required\">\n\t\t\t\t\t\t\t\t\t<option value=\"sp\u00e4ter\">sp\u00e4ter<\/option>\n\t\t\t\t\t\t\t\t\t<option value=\"schnellstm\u00f6glich\">schnellstm\u00f6glich<\/option>\n\t\t\t\t\t\t\t\t\t<option value=\"6-12 Monate\">6-12 Monate<\/option>\n\t\t\t\t\t\t\t\t\t<option value=\"3-5 Monate\">3-5 Monate<\/option>\n\t\t\t\t\t\t\t\t\t<option value=\"1-2 Monate\">1-2 Monate<\/option>\n\t\t\t\t\t\t\t<\/select>\n\t\t<\/div>\n\t\t\t\t\t\t<\/div>\n\t\t\t\t\t\t\t\t<div class=\"elementor-field-type-number elementor-field-group elementor-column elementor-field-group-field_1 elementor-col-50 elementor-field-required\">\n\t\t\t\t\t\t\t\t\t\t\t\t<label for=\"form-field-field_1\" class=\"elementor-field-label\">\n\t\t\t\t\t\t\t\tAnzahl Sch\u00fcler\t\t\t\t\t\t\t<\/label>\n\t\t\t\t\t\t\t\t\t<input type=\"number\" name=\"form_fields[field_1]\" id=\"form-field-field_1\" class=\"elementor-field elementor-size-sm  elementor-field-textual\" placeholder=\"Anzahl Sch\u00fcler\" required=\"required\" min=\"\" max=\"\" >\n\t\t\t\t\t\t<\/div>\n\t\t\t\t\t\t\t\t<div class=\"elementor-field-type-select elementor-field-group elementor-column elementor-field-group-field_7 elementor-col-50 elementor-field-required\">\n\t\t\t\t\t\t\t\t\t\t\t\t<label for=\"form-field-field_7\" class=\"elementor-field-label\">\n\t\t\t\t\t\t\t\tEinzelnamen\t\t\t\t\t\t\t<\/label>\n\t\t\t\t\t\t\t\t<div class=\"elementor-field elementor-select-wrapper remove-before \">\n\t\t\t<div class=\"select-caret-down-wrapper\">\n\t\t\t\t<i aria-hidden=\"true\" class=\"eicon-caret-down\"><\/i>\t\t\t<\/div>\n\t\t\t<select name=\"form_fields[field_7]\" id=\"form-field-field_7\" class=\"elementor-field-textual elementor-size-sm\" required=\"required\">\n\t\t\t\t\t\t\t\t\t<option value=\"Einzelnamen gew\u00fcnscht\">Einzelnamen gew\u00fcnscht<\/option>\n\t\t\t\t\t\t\t\t\t<option value=\"keine Einzelnamen gew\u00fcnscht\">keine Einzelnamen gew\u00fcnscht<\/option>\n\t\t\t\t\t\t\t<\/select>\n\t\t<\/div>\n\t\t\t\t\t\t<\/div>\n\t\t\t\t\t\t\t\t<div class=\"elementor-field-type-select elementor-field-group elementor-column elementor-field-group-field_8 elementor-col-25 elementor-field-required\">\n\t\t\t\t\t\t\t\t\t\t\t\t<label for=\"form-field-field_8\" class=\"elementor-field-label\">\n\t\t\t\t\t\t\t\tPosition des Motives\t\t\t\t\t\t\t<\/label>\n\t\t\t\t\t\t\t\t<div class=\"elementor-field elementor-select-wrapper remove-before \">\n\t\t\t<div class=\"select-caret-down-wrapper\">\n\t\t\t\t<i aria-hidden=\"true\" class=\"eicon-caret-down\"><\/i>\t\t\t<\/div>\n\t\t\t<select name=\"form_fields[field_8]\" id=\"form-field-field_8\" class=\"elementor-field-textual elementor-size-sm\" required=\"required\">\n\t\t\t\t\t\t\t\t\t<option value=\"Brust links\">Brust links<\/option>\n\t\t\t\t\t\t\t\t\t<option value=\"Brust rechts\">Brust rechts<\/option>\n\t\t\t\t\t\t\t\t\t<option value=\"\u00c4rmel links\">\u00c4rmel links<\/option>\n\t\t\t\t\t\t\t\t\t<option value=\"\u00c4rmel rechts\">\u00c4rmel rechts<\/option>\n\t\t\t\t\t\t\t\t\t<option value=\"Andere Position\">Andere Position<\/option>\n\t\t\t\t\t\t\t\t\t<option value=\"Motiv vorne\">Motiv vorne<\/option>\n\t\t\t\t\t\t\t<\/select>\n\t\t<\/div>\n\t\t\t\t\t\t<\/div>\n\t\t\t\t\t\t\t\t<div class=\"elementor-field-type-select elementor-field-group elementor-column elementor-field-group-field_07759f2 elementor-col-25 elementor-field-required\">\n\t\t\t\t\t\t\t\t\t\t\t\t<label for=\"form-field-field_07759f2\" class=\"elementor-field-label\">\n\t\t\t\t\t\t\t\tMotivgr\u00f6\u00dfe\t\t\t\t\t\t\t<\/label>\n\t\t\t\t\t\t\t\t<div class=\"elementor-field elementor-select-wrapper remove-before \">\n\t\t\t<div class=\"select-caret-down-wrapper\">\n\t\t\t\t<i aria-hidden=\"true\" class=\"eicon-caret-down\"><\/i>\t\t\t<\/div>\n\t\t\t<select name=\"form_fields[field_07759f2]\" id=\"form-field-field_07759f2\" class=\"elementor-field-textual elementor-size-sm\" required=\"required\">\n\t\t\t\t\t\t\t\t\t<option value=\"klein ca. 10 x 10 cm\">klein ca. 10 x 10 cm<\/option>\n\t\t\t\t\t\t\t\t\t<option value=\"schmal ca. 30 x 10 cm\">schmal ca. 30 x 10 cm<\/option>\n\t\t\t\t\t\t\t\t\t<option value=\"mittel ca. 17 x 17 cm\">mittel ca. 17 x 17 cm<\/option>\n\t\t\t\t\t\t\t\t\t<option value=\"gro\u00df ca. 25 x 25 cm\">gro\u00df ca. 25 x 25 cm<\/option>\n\t\t\t\t\t\t\t\t\t<option value=\"sehr gro\u00df ca. 25 x 40 cm\">sehr gro\u00df ca. 25 x 40 cm<\/option>\n\t\t\t\t\t\t\t<\/select>\n\t\t<\/div>\n\t\t\t\t\t\t<\/div>\n\t\t\t\t\t\t\t\t<div class=\"elementor-field-type-select elementor-field-group elementor-column elementor-field-group-field_7faf6f6 elementor-col-25 elementor-field-required\">\n\t\t\t\t\t\t\t\t\t\t\t\t<label for=\"form-field-field_7faf6f6\" class=\"elementor-field-label\">\n\t\t\t\t\t\t\t\tNamensliste\t\t\t\t\t\t\t<\/label>\n\t\t\t\t\t\t\t\t<div class=\"elementor-field elementor-select-wrapper remove-before \">\n\t\t\t<div class=\"select-caret-down-wrapper\">\n\t\t\t\t<i aria-hidden=\"true\" class=\"eicon-caret-down\"><\/i>\t\t\t<\/div>\n\t\t\t<select name=\"form_fields[field_7faf6f6]\" id=\"form-field-field_7faf6f6\" class=\"elementor-field-textual elementor-size-sm\" required=\"required\">\n\t\t\t\t\t\t\t\t\t<option value=\"keine Namensliste gew\u00fcnscht\">keine Namensliste gew\u00fcnscht<\/option>\n\t\t\t\t\t\t\t\t\t<option value=\"Namensliste gew\u00fcnscht\">Namensliste gew\u00fcnscht<\/option>\n\t\t\t\t\t\t\t<\/select>\n\t\t<\/div>\n\t\t\t\t\t\t<\/div>\n\t\t\t\t\t\t\t\t<div class=\"elementor-field-type-select elementor-field-group elementor-column elementor-field-group-field_6 elementor-col-25\">\n\t\t\t\t\t\t\t\t\t\t\t\t<label for=\"form-field-field_6\" class=\"elementor-field-label\">\n\t\t\t\t\t\t\t\tMotivgr\u00f6\u00dfe\t\t\t\t\t\t\t<\/label>\n\t\t\t\t\t\t\t\t<div class=\"elementor-field elementor-select-wrapper remove-before \">\n\t\t\t<div class=\"select-caret-down-wrapper\">\n\t\t\t\t<i aria-hidden=\"true\" class=\"eicon-caret-down\"><\/i>\t\t\t<\/div>\n\t\t\t<select name=\"form_fields[field_6]\" id=\"form-field-field_6\" class=\"elementor-field-textual elementor-size-sm\">\n\t\t\t\t\t\t\t\t\t<option value=\"klein ca. 10 x 10 cm\">klein ca. 10 x 10 cm<\/option>\n\t\t\t\t\t\t\t\t\t<option value=\"schmal ca. 30 x 10 cm\">schmal ca. 30 x 10 cm<\/option>\n\t\t\t\t\t\t\t\t\t<option value=\"mittel ca. 17 x 17 cm\">mittel ca. 17 x 17 cm<\/option>\n\t\t\t\t\t\t\t\t\t<option value=\"gro\u00df ca. 25 x 25 cm\">gro\u00df ca. 25 x 25 cm<\/option>\n\t\t\t\t\t\t\t\t\t<option value=\"sehr gro\u00df ca. 25 x 40 cm\">sehr gro\u00df ca. 25 x 40 cm<\/option>\n\t\t\t\t\t\t\t<\/select>\n\t\t<\/div>\n\t\t\t\t\t\t<\/div>\n\t\t\t\t\t\t\t\t<div class=\"elementor-field-type-text elementor-field-group elementor-column elementor-field-group-field_3293d5c elementor-col-50\">\n\t\t\t\t\t\t\t\t\t\t\t\t\t<input size=\"1\" type=\"text\" name=\"form_fields[field_3293d5c]\" id=\"form-field-field_3293d5c\" class=\"elementor-field elementor-size-sm  elementor-field-textual\" placeholder=\"LOMESTAR Motiv-Nr.\">\n\t\t\t\t\t\t\t\t\t\t\t<\/div>\n\t\t\t\t\t\t\t\t<div class=\"elementor-field-type-upload elementor-field-group elementor-column elementor-field-group-field_5 elementor-col-100\">\n\t\t\t\t\t\t\t\t\t\t\t\t<label for=\"form-field-field_5\" class=\"elementor-field-label\">\n\t\t\t\t\t\t\t\tEigenes Motiv hier hochladen (Mehrfachauswahl ist auch m\u00f6glich):\t\t\t\t\t\t\t<\/label>\n\t\t\t\t\t\t\t\t<input type=\"file\" name=\"form_fields[field_5][]\" id=\"form-field-field_5\" class=\"elementor-field elementor-size-sm  elementor-upload-field\" multiple=\"multiple\">\n\n\t\t\t\t\t\t<\/div>\n\t\t\t\t\t\t\t\t<div class=\"elementor-field-type-upload elementor-field-group elementor-column elementor-field-group-field_7dc5faa elementor-col-50\">\n\t\t\t\t\t\t\t<input type=\"file\" name=\"form_fields[field_7dc5faa][]\" id=\"form-field-field_7dc5faa\" class=\"elementor-field elementor-size-sm  elementor-upload-field\" multiple=\"multiple\">\n\n\t\t\t\t\t\t<\/div>\n\t\t\t\t\t\t\t\t<div class=\"elementor-field-type-text elementor-field-group elementor-column elementor-field-group-field_4 elementor-col-100 elementor-field-required\">\n\t\t\t\t\t\t\t\t\t\t\t\t\t<input size=\"1\" type=\"text\" name=\"form_fields[field_4]\" id=\"form-field-field_4\" class=\"elementor-field elementor-size-sm  elementor-field-textual\" placeholder=\"Textilien: Shirts, Hoodies, Sweatshirts, ...\" required=\"required\">\n\t\t\t\t\t\t\t\t\t\t\t<\/div>\n\t\t\t\t\t\t\t\t<div class=\"elementor-field-type-text elementor-field-group elementor-column elementor-field-group-field_9 elementor-col-100 elementor-field-required\">\n\t\t\t\t\t\t\t\t\t\t\t\t\t<input size=\"1\" type=\"text\" name=\"form_fields[field_9]\" id=\"form-field-field_9\" class=\"elementor-field elementor-size-sm  elementor-field-textual\" placeholder=\"Textilfarben: Black, Navy, Grey, Burgundy, ...\" required=\"required\">\n\t\t\t\t\t\t\t\t\t\t\t<\/div>\n\t\t\t\t\t\t\t\t<div class=\"elementor-field-type-textarea elementor-field-group elementor-column elementor-field-group-field_11 elementor-col-100\">\n\t\t\t\t\t<textarea class=\"elementor-field-textual elementor-field  elementor-size-sm\" name=\"form_fields[field_11]\" id=\"form-field-field_11\" rows=\"5\" placeholder=\"Weitere W\u00fcnsche, Erkl\u00e4rungen, Hinweise, ...\"><\/textarea>\t\t\t\t<\/div>\n\t\t\t\t\t\t\t\t<div class=\"elementor-field-type-acceptance elementor-field-group elementor-column elementor-field-group-datenschutz elementor-col-100 elementor-field-required\">\n\t\t\t\t\t\t\t<div class=\"elementor-field-subgroup\">\n\t\t\t<span class=\"elementor-field-option\">\n\t\t\t\t<input type=\"checkbox\" name=\"form_fields[datenschutz]\" id=\"form-field-datenschutz\" class=\"elementor-field elementor-size-sm  elementor-acceptance-field\" required=\"required\">\n\t\t\t\t<label for=\"form-field-datenschutz\">Ich habe die <a href=\"\/datenschutz\" title=\"Datenschutzerkl\u00e4rung\">Datenschutzerkl\u00e4rung<\/a> zur Kenntnis genommen. Ich stimme einer elektronischen Speicherung und Verarbeitung meiner eingegebenen Daten zur Beantwortung meiner Anfrage zu. <br>Hinweis: Die Einwilligung kann jederzeit f\u00fcr die Zukunft per E-Mail an <a href=\"mailto:info@lomestar.de\" title=\"info@lomestar.de\">info@lomestar.de<\/a> widerrufen werden.<\/label>\t\t\t<\/span>\n\t\t<\/div>\n\t\t\t\t\t\t<\/div>\n\t\t\t\t\t\t\t\t<div class=\"elementor-field-type-acceptance elementor-field-group elementor-column elementor-field-group-marketing elementor-col-100\">\n\t\t\t\t\t\t\t<div class=\"elementor-field-subgroup\">\n\t\t\t<span class=\"elementor-field-option\">\n\t\t\t\t<input type=\"checkbox\" name=\"form_fields[marketing]\" id=\"form-field-marketing\" class=\"elementor-field elementor-size-sm  elementor-acceptance-field\">\n\t\t\t\t<label for=\"form-field-marketing\">Ja, ich bin damit einverstanden, dass LOMESTAR mir regelm\u00e4\u00dfig Informationen per E-Mail \u00fcber Aktionen oder Gewinnspiele zuschickt. Hinweis: Die Einwilligung kann jederzeit f\u00fcr die Zukunft per E-Mail an <a href=\"mailto:info@lomestar.de\" title=\"info@lomestar.de\">info@lomestar.de<\/a> widerrufen werden. Weitere Informationen in unserer <a href=\"\/datenschutz\" title=\"Datenschutzerkl\u00e4rung\">Datenschutzerkl\u00e4rung<\/a>.<\/label>\t\t\t<\/span>\n\t\t<\/div>\n\t\t\t\t\t\t<\/div>\n\t\t\t\t\t\t\t\t<div class=\"elementor-field-group elementor-column elementor-field-type-submit elementor-col-100 e-form__buttons\">\n\t\t\t\t\t<button class=\"elementor-button elementor-size-sm\" type=\"submit\">\n\t\t\t\t\t\t<span class=\"elementor-button-content-wrapper\">\n\t\t\t\t\t\t\t\t\t\t\t\t\t\t\t\t\t\t\t\t\t\t<span class=\"elementor-button-text\">Angebot anfordern<\/span>\n\t\t\t\t\t\t\t\t\t\t\t\t\t<\/span>\n\t\t\t\t\t<\/button>\n\t\t\t\t<\/div>\n\t\t\t<\/div>\n\t\t<\/form>\n\t\t\t\t\t\t<\/div>\n\t\t\t\t<\/div>\n\t\t\t\t<div class=\"elementor-element elementor-element-9315fc6 elementor-widget elementor-widget-spacer\" data-id=\"9315fc6\" data-element_type=\"widget\" data-e-type=\"widget\" data-widget_type=\"spacer.default\">\n\t\t\t\t<div class=\"elementor-widget-container\">\n\t\t\t\t\t\t\t<div class=\"elementor-spacer\">\n\t\t\t<div class=\"elementor-spacer-inner\"><\/div>\n\t\t<\/div>\n\t\t\t\t\t\t<\/div>\n\t\t\t\t<\/div>\n\t\t\t\t\t<\/div>\n\t\t<\/div>\n\t\t\t\t\t<\/div>\n\t\t<\/section>\n\t\t\t\t<\/div>\n\t\t","protected":false},"excerpt":{"rendered":"<p>Angebot anfordern Ihr w\u00fcnscht ein kostenfreies und unverbindliches Angebot f\u00fcr eure Abi-Shirts? Einfach die folgenden Felder ausf\u00fcllen. Wir senden euch in K\u00fcrze ein individuelles Angebot, damit ihr wisst, was eure W\u00fcnsche kosten.<\/p>\n","protected":false},"author":3,"featured_media":0,"parent":0,"menu_order":0,"comment_status":"closed","ping_status":"closed","template":"","meta":{"site-sidebar-layout":"no-sidebar","site-content-layout":"page-builder","ast-site-content-layout":"default","site-content-style":"default","site-sidebar-style":"default","ast-global-header-display":"","ast-banner-title-visibility":"","ast-main-header-display":"","ast-hfb-above-header-display":"","ast-hfb-below-header-display":"","ast-hfb-mobile-header-display":"","site-post-title":"disabled","ast-breadcrumbs-content":"","ast-featured-img":"disabled","footer-sml-layout":"","ast-disable-related-posts":"","theme-transparent-header-meta":"default","adv-header-id-meta":"","stick-header-meta":"default","header-above-stick-meta":"","header-main-stick-meta":"","header-below-stick-meta":"","astra-migrate-meta-layouts":"default","ast-page-background-enabled":"default","ast-page-background-meta":{"desktop":{"background-color":"","background-image":"","background-repeat":"repeat","background-position":"center center","background-size":"auto","background-attachment":"scroll","background-type":"","background-media":"","overlay-type":"","overlay-color":"","overlay-opacity":"","overlay-gradient":""},"tablet":{"background-color":"","background-image":"","background-repeat":"repeat","background-position":"center center","background-size":"auto","background-attachment":"scroll","background-type":"","background-media":"","overlay-type":"","overlay-color":"","overlay-opacity":"","overlay-gradient":""},"mobile":{"background-color":"","background-image":"","background-repeat":"repeat","background-position":"center center","background-size":"auto","background-attachment":"scroll","background-type":"","background-media":"","overlay-type":"","overlay-color":"","overlay-opacity":"","overlay-gradient":""}},"ast-content-background-meta":{"desktop":{"background-color":"var(--ast-global-color-5)","background-image":"","background-repeat":"repeat","background-position":"center center","background-size":"auto","background-attachment":"scroll","background-type":"","background-media":"","overlay-type":"","overlay-color":"","overlay-opacity":"","overlay-gradient":""},"tablet":{"background-color":"var(--ast-global-color-5)","background-image":"","background-repeat":"repeat","background-position":"center center","background-size":"auto","background-attachment":"scroll","background-type":"","background-media":"","overlay-type":"","overlay-color":"","overlay-opacity":"","overlay-gradient":""},"mobile":{"background-color":"var(--ast-global-color-5)","background-image":"","background-repeat":"repeat","background-position":"center center","background-size":"auto","background-attachment":"scroll","background-type":"","background-media":"","overlay-type":"","overlay-color":"","overlay-opacity":"","overlay-gradient":""}},"footnotes":""},"folder":[],"class_list":["post-3306","page","type-page","status-publish","hentry"],"_links":{"self":[{"href":"https:\/\/lomestar.de\/abi-shirts\/wp-json\/wp\/v2\/pages\/3306","targetHints":{"allow":["GET"]}}],"collection":[{"href":"https:\/\/lomestar.de\/abi-shirts\/wp-json\/wp\/v2\/pages"}],"about":[{"href":"https:\/\/lomestar.de\/abi-shirts\/wp-json\/wp\/v2\/types\/page"}],"author":[{"embeddable":true,"href":"https:\/\/lomestar.de\/abi-shirts\/wp-json\/wp\/v2\/users\/3"}],"replies":[{"embeddable":true,"href":"https:\/\/lomestar.de\/abi-shirts\/wp-json\/wp\/v2\/comments?post=3306"}],"version-history":[{"count":0,"href":"https:\/\/lomestar.de\/abi-shirts\/wp-json\/wp\/v2\/pages\/3306\/revisions"}],"wp:attachment":[{"href":"https:\/\/lomestar.de\/abi-shirts\/wp-json\/wp\/v2\/media?parent=3306"}],"wp:term":[{"taxonomy":"folder","embeddable":true,"href":"https:\/\/lomestar.de\/abi-shirts\/wp-json\/wp\/v2\/folder?post=3306"}],"curies":[{"name":"wp","href":"https:\/\/api.w.org\/{rel}","templated":true}]}}