{"id":3227,"date":"2020-02-05T10:24:01","date_gmt":"2020-02-05T09:24:01","guid":{"rendered":"https:\/\/app-web-ls-wp.azurewebsites.net\/abi-shirts\/?page_id=3227"},"modified":"2025-07-31T14:27:27","modified_gmt":"2025-07-31T13:27:27","slug":"anprobetextilien","status":"publish","type":"page","link":"https:\/\/lomestar.de\/abi-shirts\/anprobetextilien\/","title":{"rendered":"Anprobetextilien"},"content":{"rendered":"\t\t<div data-elementor-type=\"wp-page\" data-elementor-id=\"3227\" class=\"elementor elementor-3227\" data-elementor-post-type=\"page\">\n\t\t\t\t\t\t<section class=\"elementor-section elementor-top-section elementor-element elementor-element-1df3ede elementor-section-boxed elementor-section-height-default elementor-section-height-default\" data-id=\"1df3ede\" data-element_type=\"section\" data-e-type=\"section\">\n\t\t\t\t\t\t<div class=\"elementor-container elementor-column-gap-default\">\n\t\t\t\t\t<div class=\"elementor-column elementor-col-100 elementor-top-column elementor-element elementor-element-57027b2\" data-id=\"57027b2\" data-element_type=\"column\" data-e-type=\"column\">\n\t\t\t<div class=\"elementor-widget-wrap elementor-element-populated\">\n\t\t\t\t\t\t<div class=\"elementor-element elementor-element-70b7649 elementor-hidden-phone elementor-widget elementor-widget-heading\" data-id=\"70b7649\" data-element_type=\"widget\" data-e-type=\"widget\" data-widget_type=\"heading.default\">\n\t\t\t\t<div class=\"elementor-widget-container\">\n\t\t\t\t\t<h2 class=\"elementor-heading-title elementor-size-default\"><h2 data-elementor-setting-key=\"title\" data-pen-placeholder=\"Eingabe hier...\" style=\"font-style: normal\"><section data-id=\"5251d62\" style=\"font-size: 16px;font-weight: 400\"><div style=\"font-size: 16px\"><div style=\"font-size: 16px;width: 880px\"><div data-id=\"a0423ed\" style=\"font-size: 16px;width: 880px\"><div style=\"font-size: 16px;width: 880px\"><div style=\"font-size: 16px;width: 860px\"><div data-id=\"b5c9a76\" style=\"font-size: 16px;width: 860px\"><div style=\"font-size: 16px\"><h2 data-elementor-setting-key=\"title\" data-pen-placeholder=\"Eingabe hier...\" style=\"font-style: normal\">14 Tage anschauen, anfassen, anprobieren!<\/h2><\/div><\/div><\/div><\/div><\/div><\/div><\/div><\/section><\/h2><\/h2>\t\t\t\t<\/div>\n\t\t\t\t<\/div>\n\t\t\t\t<div class=\"elementor-element elementor-element-825a534 elementor-hidden-desktop elementor-hidden-tablet elementor-widget elementor-widget-heading\" data-id=\"825a534\" data-element_type=\"widget\" data-e-type=\"widget\" data-widget_type=\"heading.default\">\n\t\t\t\t<div class=\"elementor-widget-container\">\n\t\t\t\t\t<h2 class=\"elementor-heading-title elementor-size-default\"><h2 data-elementor-setting-key=\"title\" data-pen-placeholder=\"Eingabe hier...\" style=\"font-style: normal\"><section data-id=\"5251d62\" style=\"font-size: 16px;font-weight: 400\"><div style=\"font-size: 16px\"><div style=\"font-size: 16px;width: 880px\"><div data-id=\"a0423ed\" style=\"font-size: 16px;width: 880px\"><div style=\"font-size: 16px;width: 880px\"><div style=\"font-size: 16px;width: 860px\"><div data-id=\"b5c9a76\" style=\"font-size: 16px;width: 860px\"><div style=\"font-size: 16px\"><h2 data-elementor-setting-key=\"title\" data-pen-placeholder=\"Eingabe hier...\" style=\"font-style: normal\">14 Tage anschauen, anfassen,<\/h2><br><h2 data-elementor-setting-key=\"title\" data-pen-placeholder=\"Eingabe hier...\" style=\"font-style: normal\">anprobieren!<\/h2><\/div><\/div><\/div><\/div><\/div><\/div><\/div><\/section><\/h2><\/h2>\t\t\t\t<\/div>\n\t\t\t\t<\/div>\n\t\t\t\t<section class=\"elementor-section elementor-inner-section elementor-element elementor-element-f2386b1 elementor-section-boxed elementor-section-height-default elementor-section-height-default\" data-id=\"f2386b1\" data-element_type=\"section\" data-e-type=\"section\">\n\t\t\t\t\t\t<div class=\"elementor-container elementor-column-gap-default\">\n\t\t\t\t\t<div class=\"elementor-column elementor-col-50 elementor-inner-column elementor-element elementor-element-ec3c97a\" data-id=\"ec3c97a\" data-element_type=\"column\" data-e-type=\"column\">\n\t\t\t<div class=\"elementor-widget-wrap elementor-element-populated\">\n\t\t\t\t\t\t<div class=\"elementor-element elementor-element-35025ca elementor-widget elementor-widget-text-editor\" data-id=\"35025ca\" data-element_type=\"widget\" data-e-type=\"widget\" data-widget_type=\"text-editor.default\">\n\t\t\t\t<div class=\"elementor-widget-container\">\n\t\t\t\t\t\t\t\t\t<p style=\"font-size: 16px; font-style: normal; font-weight: 400;\">Einfach die passenden Gr\u00f6\u00dfen ermitteln und Schnitt, Qualit\u00e4t und Farben pr\u00fcfen. Wir versenden die gew\u00fcnschten Anprobetextilien kostenfrei und unverbindlich. So passen die gew\u00fcnschten Textilien am Ende auch auf jeden Fall.<\/p><p style=\"font-size: 16px; font-style: normal; font-weight: 400;\">Nach 14 Tagen sollten die Anprobetextilien an uns zur\u00fcckgesandt werden. Die Kosten f\u00fcr den R\u00fcckversand \u00fcbernehmen wir. Bitte klebt dazu anschlie\u00dfend einfach den Retoure-Sticker auf das verschlossene Paket und sendet es an uns zur\u00fcck.<\/p><p style=\"font-size: 16px; font-style: normal; font-weight: 400;\">Am besten ruft du uns einfach unter <strong>0<\/strong><span style=\"font-size: 16px; font-weight: bold;\">6056\/9177814<\/span>\u00a0an und wir erstellen gemeinsam ein kostenfreies und unverbindliches Angebot. So wisst ihr gleich, ob die gew\u00fcnschten\u00a0<span style=\"font-size: 16px; font-weight: bold;\"><a href=\"https:\/\/lomestar.de\/textildruck\/textilien\/\" target=\"_blank\" rel=\"noopener\">Textilien<\/a><\/span><span style=\"font-size: 16px; font-weight: bold;\">\u00a0<\/span>euren Preisvorstellungen entsprechen und k\u00f6nnt euch gegebenenfalls noch umentscheiden. Sobald ihr euch entschieden habt, senden wir die Muster zum Anprobieren zu.<\/p>\t\t\t\t\t\t\t\t<\/div>\n\t\t\t\t<\/div>\n\t\t\t\t<div class=\"elementor-element elementor-element-72f1271 elementor-widget elementor-widget-heading\" data-id=\"72f1271\" data-element_type=\"widget\" data-e-type=\"widget\" data-widget_type=\"heading.default\">\n\t\t\t\t<div class=\"elementor-widget-container\">\n\t\t\t\t\t<h3 class=\"elementor-heading-title elementor-size-default\">... oder ihr nutzt einfach unsere Ma\u00dftabellen<\/h3>\t\t\t\t<\/div>\n\t\t\t\t<\/div>\n\t\t\t\t<div class=\"elementor-element elementor-element-c1781ee elementor-widget elementor-widget-text-editor\" data-id=\"c1781ee\" data-element_type=\"widget\" data-e-type=\"widget\" data-widget_type=\"text-editor.default\">\n\t\t\t\t<div class=\"elementor-widget-container\">\n\t\t\t\t\t\t\t\t\t<p><span style=\"font-size: 16px;font-style: normal;font-weight: 400\">Diese findet ihr in der Bildergalerie des jeweiligen Textils!<\/span><\/p>\t\t\t\t\t\t\t\t<\/div>\n\t\t\t\t<\/div>\n\t\t\t\t\t<\/div>\n\t\t<\/div>\n\t\t\t\t<div class=\"elementor-column elementor-col-50 elementor-inner-column elementor-element elementor-element-5043589 elementor-hidden-phone\" data-id=\"5043589\" data-element_type=\"column\" data-e-type=\"column\">\n\t\t\t<div class=\"elementor-widget-wrap elementor-element-populated\">\n\t\t\t\t\t\t<div class=\"elementor-element elementor-element-085d376 elementor-absolute elementor-widget elementor-widget-image\" data-id=\"085d376\" data-element_type=\"widget\" data-e-type=\"widget\" data-settings=\"{&quot;_position&quot;:&quot;absolute&quot;}\" data-widget_type=\"image.default\">\n\t\t\t\t<div class=\"elementor-widget-container\">\n\t\t\t\t\t\t\t\t\t\t\t\t\t\t\t<img fetchpriority=\"high\" decoding=\"async\" width=\"214\" height=\"300\" src=\"https:\/\/lomestar.de\/abi-shirts\/wp-content\/uploads\/sites\/3\/2020\/02\/shirt-1-214x300.png\" class=\"attachment-medium size-medium wp-image-3229\" alt=\"Schwarzes T-Shirt\" srcset=\"https:\/\/lomestar.de\/abi-shirts\/wp-content\/uploads\/sites\/3\/2020\/02\/shirt-1-214x300.png 214w, https:\/\/lomestar.de\/abi-shirts\/wp-content\/uploads\/sites\/3\/2020\/02\/shirt-1.png 300w\" sizes=\"(max-width: 214px) 100vw, 214px\" \/>\t\t\t\t\t\t\t\t\t\t\t\t\t\t\t<\/div>\n\t\t\t\t<\/div>\n\t\t\t\t\t<\/div>\n\t\t<\/div>\n\t\t\t\t\t<\/div>\n\t\t<\/section>\n\t\t\t\t<div class=\"elementor-element elementor-element-8acd8db elementor-widget elementor-widget-image\" data-id=\"8acd8db\" data-element_type=\"widget\" data-e-type=\"widget\" data-widget_type=\"image.default\">\n\t\t\t\t<div class=\"elementor-widget-container\">\n\t\t\t\t\t\t\t\t\t\t\t\t\t\t\t<img decoding=\"async\" width=\"1024\" height=\"512\" src=\"https:\/\/lomestar.de\/abi-shirts\/wp-content\/uploads\/sites\/3\/2020\/04\/Anprobemuster-Abi-1-1024x512.jpg\" class=\"attachment-large size-large wp-image-3462\" alt=\"Sch\u00fclerinnen sitzend am Boden\" srcset=\"https:\/\/lomestar.de\/abi-shirts\/wp-content\/uploads\/sites\/3\/2020\/04\/Anprobemuster-Abi-1-1024x512.jpg 1024w, https:\/\/lomestar.de\/abi-shirts\/wp-content\/uploads\/sites\/3\/2020\/04\/Anprobemuster-Abi-1-300x150.jpg 300w, https:\/\/lomestar.de\/abi-shirts\/wp-content\/uploads\/sites\/3\/2020\/04\/Anprobemuster-Abi-1-768x384.jpg 768w, https:\/\/lomestar.de\/abi-shirts\/wp-content\/uploads\/sites\/3\/2020\/04\/Anprobemuster-Abi-1-1536x768.jpg 1536w, https:\/\/lomestar.de\/abi-shirts\/wp-content\/uploads\/sites\/3\/2020\/04\/Anprobemuster-Abi-1-600x300.jpg 600w, https:\/\/lomestar.de\/abi-shirts\/wp-content\/uploads\/sites\/3\/2020\/04\/Anprobemuster-Abi-1.jpg 1755w\" sizes=\"(max-width: 1024px) 100vw, 1024px\" \/>\t\t\t\t\t\t\t\t\t\t\t\t\t\t\t<\/div>\n\t\t\t\t<\/div>\n\t\t\t\t\t<\/div>\n\t\t<\/div>\n\t\t\t\t\t<\/div>\n\t\t<\/section>\n\t\t\t\t<\/div>\n\t\t","protected":false},"excerpt":{"rendered":"<p>14 Tage anschauen, anfassen, anprobieren! 14 Tage anschauen, anfassen, anprobieren! Einfach die passenden Gr\u00f6\u00dfen ermitteln und Schnitt, Qualit\u00e4t und Farben pr\u00fcfen. Wir versenden die gew\u00fcnschten Anprobetextilien kostenfrei und unverbindlich. So passen die gew\u00fcnschten Textilien am Ende auch auf jeden Fall. Nach 14 Tagen sollten die Anprobetextilien an uns zur\u00fcckgesandt werden. Die Kosten f\u00fcr den R\u00fcckversand [&hellip;]<\/p>\n","protected":false},"author":3,"featured_media":0,"parent":0,"menu_order":0,"comment_status":"closed","ping_status":"closed","template":"","meta":{"site-sidebar-layout":"no-sidebar","site-content-layout":"page-builder","ast-site-content-layout":"default","site-content-style":"default","site-sidebar-style":"default","ast-global-header-display":"","ast-banner-title-visibility":"","ast-main-header-display":"","ast-hfb-above-header-display":"","ast-hfb-below-header-display":"","ast-hfb-mobile-header-display":"","site-post-title":"disabled","ast-breadcrumbs-content":"","ast-featured-img":"disabled","footer-sml-layout":"","ast-disable-related-posts":"","theme-transparent-header-meta":"default","adv-header-id-meta":"","stick-header-meta":"default","header-above-stick-meta":"","header-main-stick-meta":"","header-below-stick-meta":"","astra-migrate-meta-layouts":"default","ast-page-background-enabled":"default","ast-page-background-meta":{"desktop":{"background-color":"","background-image":"","background-repeat":"repeat","background-position":"center center","background-size":"auto","background-attachment":"scroll","background-type":"","background-media":"","overlay-type":"","overlay-color":"","overlay-opacity":"","overlay-gradient":""},"tablet":{"background-color":"","background-image":"","background-repeat":"repeat","background-position":"center center","background-size":"auto","background-attachment":"scroll","background-type":"","background-media":"","overlay-type":"","overlay-color":"","overlay-opacity":"","overlay-gradient":""},"mobile":{"background-color":"","background-image":"","background-repeat":"repeat","background-position":"center center","background-size":"auto","background-attachment":"scroll","background-type":"","background-media":"","overlay-type":"","overlay-color":"","overlay-opacity":"","overlay-gradient":""}},"ast-content-background-meta":{"desktop":{"background-color":"var(--ast-global-color-5)","background-image":"","background-repeat":"repeat","background-position":"center center","background-size":"auto","background-attachment":"scroll","background-type":"","background-media":"","overlay-type":"","overlay-color":"","overlay-opacity":"","overlay-gradient":""},"tablet":{"background-color":"var(--ast-global-color-5)","background-image":"","background-repeat":"repeat","background-position":"center center","background-size":"auto","background-attachment":"scroll","background-type":"","background-media":"","overlay-type":"","overlay-color":"","overlay-opacity":"","overlay-gradient":""},"mobile":{"background-color":"var(--ast-global-color-5)","background-image":"","background-repeat":"repeat","background-position":"center center","background-size":"auto","background-attachment":"scroll","background-type":"","background-media":"","overlay-type":"","overlay-color":"","overlay-opacity":"","overlay-gradient":""}},"footnotes":""},"folder":[],"class_list":["post-3227","page","type-page","status-publish","hentry"],"_links":{"self":[{"href":"https:\/\/lomestar.de\/abi-shirts\/wp-json\/wp\/v2\/pages\/3227","targetHints":{"allow":["GET"]}}],"collection":[{"href":"https:\/\/lomestar.de\/abi-shirts\/wp-json\/wp\/v2\/pages"}],"about":[{"href":"https:\/\/lomestar.de\/abi-shirts\/wp-json\/wp\/v2\/types\/page"}],"author":[{"embeddable":true,"href":"https:\/\/lomestar.de\/abi-shirts\/wp-json\/wp\/v2\/users\/3"}],"replies":[{"embeddable":true,"href":"https:\/\/lomestar.de\/abi-shirts\/wp-json\/wp\/v2\/comments?post=3227"}],"version-history":[{"count":0,"href":"https:\/\/lomestar.de\/abi-shirts\/wp-json\/wp\/v2\/pages\/3227\/revisions"}],"wp:attachment":[{"href":"https:\/\/lomestar.de\/abi-shirts\/wp-json\/wp\/v2\/media?parent=3227"}],"wp:term":[{"taxonomy":"folder","embeddable":true,"href":"https:\/\/lomestar.de\/abi-shirts\/wp-json\/wp\/v2\/folder?post=3227"}],"curies":[{"name":"wp","href":"https:\/\/api.w.org\/{rel}","templated":true}]}}