{"id":3217,"date":"2020-02-05T10:14:46","date_gmt":"2020-02-05T09:14:46","guid":{"rendered":"https:\/\/app-web-ls-wp.azurewebsites.net\/abi-shirts\/?page_id=3217"},"modified":"2020-06-25T14:03:11","modified_gmt":"2020-06-25T13:03:11","slug":"darum-lomestar","status":"publish","type":"page","link":"https:\/\/lomestar.de\/abi-shirts\/darum-lomestar\/","title":{"rendered":"Darum LOMESTAR"},"content":{"rendered":"\t\t<div data-elementor-type=\"wp-page\" data-elementor-id=\"3217\" class=\"elementor elementor-3217\" data-elementor-post-type=\"page\">\n\t\t\t\t\t\t<section class=\"elementor-section elementor-top-section elementor-element elementor-element-6c57bfbd elementor-section-boxed elementor-section-height-default elementor-section-height-default\" data-id=\"6c57bfbd\" data-element_type=\"section\" data-e-type=\"section\">\n\t\t\t\t\t\t<div class=\"elementor-container elementor-column-gap-default\">\n\t\t\t\t\t<div class=\"elementor-column elementor-col-100 elementor-top-column elementor-element elementor-element-783154c3\" data-id=\"783154c3\" data-element_type=\"column\" data-e-type=\"column\">\n\t\t\t<div class=\"elementor-widget-wrap elementor-element-populated\">\n\t\t\t\t\t\t<div class=\"elementor-element elementor-element-5b5c51b7 elementor-widget elementor-widget-heading\" data-id=\"5b5c51b7\" data-element_type=\"widget\" data-e-type=\"widget\" data-widget_type=\"heading.default\">\n\t\t\t\t<div class=\"elementor-widget-container\">\n\t\t\t\t\t<h2 class=\"elementor-heading-title elementor-size-default\">Darum vertraue ich LOMESTAR bei der Umsetzung meiner Abi-Shirts<\/h2>\t\t\t\t<\/div>\n\t\t\t\t<\/div>\n\t\t\t\t<section class=\"elementor-section elementor-inner-section elementor-element elementor-element-180f7348 elementor-section-boxed elementor-section-height-default elementor-section-height-default\" data-id=\"180f7348\" data-element_type=\"section\" data-e-type=\"section\">\n\t\t\t\t\t\t<div class=\"elementor-container elementor-column-gap-default\">\n\t\t\t\t\t<div class=\"elementor-column elementor-col-50 elementor-inner-column elementor-element elementor-element-6b918ee1 elementor-hidden-phone\" data-id=\"6b918ee1\" data-element_type=\"column\" data-e-type=\"column\">\n\t\t\t<div class=\"elementor-widget-wrap elementor-element-populated\">\n\t\t\t\t\t\t<div class=\"elementor-element elementor-element-1f8c624c elementor-widget elementor-widget-heading\" data-id=\"1f8c624c\" data-element_type=\"widget\" data-e-type=\"widget\" data-widget_type=\"heading.default\">\n\t\t\t\t<div class=\"elementor-widget-container\">\n\t\t\t\t\t<h2 class=\"elementor-heading-title elementor-size-default\">D<br>A<br>R<br>U<br>M<\/h2>\t\t\t\t<\/div>\n\t\t\t\t<\/div>\n\t\t\t\t<div class=\"elementor-element elementor-element-33585ed1 elementor-widget elementor-widget-spacer\" data-id=\"33585ed1\" data-element_type=\"widget\" data-e-type=\"widget\" data-widget_type=\"spacer.default\">\n\t\t\t\t<div class=\"elementor-widget-container\">\n\t\t\t\t\t\t\t<div class=\"elementor-spacer\">\n\t\t\t<div class=\"elementor-spacer-inner\"><\/div>\n\t\t<\/div>\n\t\t\t\t\t\t<\/div>\n\t\t\t\t<\/div>\n\t\t\t\t\t<\/div>\n\t\t<\/div>\n\t\t\t\t<div class=\"elementor-column elementor-col-50 elementor-inner-column elementor-element elementor-element-4c878ff2\" data-id=\"4c878ff2\" data-element_type=\"column\" data-e-type=\"column\">\n\t\t\t<div class=\"elementor-widget-wrap elementor-element-populated\">\n\t\t\t\t\t\t<div class=\"elementor-element elementor-element-6f4ca79f elementor-hidden-phone elementor-widget elementor-widget-text-editor\" data-id=\"6f4ca79f\" data-element_type=\"widget\" data-e-type=\"widget\" data-widget_type=\"text-editor.default\">\n\t\t\t\t<div class=\"elementor-widget-container\">\n\t\t\t\t\t\t\t\t\t<div><p>Hochwertige<b> D<\/b>rucktechnik<\/p><p><b>A<\/b>u\u00dfergew\u00f6hnlich hohe Kundenzufriedenheit<\/p><p>Kurze <b>R<\/b>eaktionszeiten, Erreichbarkeit und Termintreue<\/p><p><b>U<\/b>nverkennbare Qualit\u00e4t und Flexibilit\u00e4t<\/p><p>Freundliche <b>M<\/b>itarbeiter\u00a0<\/p><\/div>\t\t\t\t\t\t\t\t<\/div>\n\t\t\t\t<\/div>\n\t\t\t\t<div class=\"elementor-element elementor-element-18034a47 elementor-widget elementor-widget-text-editor\" data-id=\"18034a47\" data-element_type=\"widget\" data-e-type=\"widget\" data-widget_type=\"text-editor.default\">\n\t\t\t\t<div class=\"elementor-widget-container\">\n\t\t\t\t\t\t\t\t\t<div><p>Gerne begleiten wir euch erfolgreich bei der Umsetzung eures individuellen Abschluss-Shirts<b>\u00a0<\/b>und nehmen uns die Zeit, euch ausf\u00fchrlich zu beraten und w\u00e4hrend des gesamten Bestellablaufs zu begleiten.<\/p><p>Gerne erstellen wir euch schnell, einfach und unkompliziert eine erste unverbindliche Preis\u00fcbersicht zu eurem Wunschtextil.<\/p><p>Ihr habt bereits ein Motiv, m\u00f6chtet dieses jedoch \u00fcberarbeiten oder modernisieren? Auch dann seid ihr bei uns genau richtig. Unser Layoutteam wird euch bei der Erstellung des perfekten Designs individuell unterst\u00fctzen. Nutzt dazu einfach unseren <a href=\"https:\/\/lomestar.de\/abi-shirts\/eigenes-motiv\"><strong>kostenfreien Layoutservice<\/strong><\/a>.<\/p><\/div>\t\t\t\t\t\t\t\t<\/div>\n\t\t\t\t<\/div>\n\t\t\t\t<div class=\"elementor-element elementor-element-36d4dff0 elementor-widget elementor-widget-heading\" data-id=\"36d4dff0\" data-element_type=\"widget\" data-e-type=\"widget\" data-widget_type=\"heading.default\">\n\t\t\t\t<div class=\"elementor-widget-container\">\n\t\t\t\t\t<h3 class=\"elementor-heading-title elementor-size-default\">Kundenservice wird bei uns gro\u00df geschrieben.\n<\/h3>\t\t\t\t<\/div>\n\t\t\t\t<\/div>\n\t\t\t\t<div class=\"elementor-element elementor-element-5de347c4 elementor-widget elementor-widget-text-editor\" data-id=\"5de347c4\" data-element_type=\"widget\" data-e-type=\"widget\" data-widget_type=\"text-editor.default\">\n\t\t\t\t<div class=\"elementor-widget-container\">\n\t\t\t\t\t\t\t\t\t<div><p>Die Zufriedenheit unserer Kunden hat bei uns h\u00f6chste Priorit\u00e4t, was unser st\u00e4ndiger Kundenzuwachs beweist. Und trotzdem arbeiten wir immer daran, unsere Leistungen zur einfachen Organisation eurer Abschluss-Shirts zu verbessern. \u00dcberzeugt euch selbst!<\/p><p>Wir freuen uns auf euch.<\/p><p>Euer Team LOMESTAR<\/p><\/div>\t\t\t\t\t\t\t\t<\/div>\n\t\t\t\t<\/div>\n\t\t\t\t<div class=\"elementor-element elementor-element-f05b9da elementor-widget elementor-widget-image\" data-id=\"f05b9da\" data-element_type=\"widget\" data-e-type=\"widget\" data-widget_type=\"image.default\">\n\t\t\t\t<div class=\"elementor-widget-container\">\n\t\t\t\t\t\t\t\t\t\t\t\t\t\t\t<img fetchpriority=\"high\" decoding=\"async\" width=\"379\" height=\"403\" src=\"https:\/\/lomestar.de\/abi-shirts\/wp-content\/uploads\/sites\/3\/2020\/02\/DSC05289_bearb_1-e1588858746430.jpg\" class=\"attachment-medium_large size-medium_large wp-image-3219\" alt=\"Mehrere Sch\u00fcler sitzend auf einer Treppe\" srcset=\"https:\/\/lomestar.de\/abi-shirts\/wp-content\/uploads\/sites\/3\/2020\/02\/DSC05289_bearb_1-e1588858746430.jpg 379w, https:\/\/lomestar.de\/abi-shirts\/wp-content\/uploads\/sites\/3\/2020\/02\/DSC05289_bearb_1-e1588858746430-282x300.jpg 282w\" sizes=\"(max-width: 379px) 100vw, 379px\" \/>\t\t\t\t\t\t\t\t\t\t\t\t\t\t\t<\/div>\n\t\t\t\t<\/div>\n\t\t\t\t<div class=\"elementor-element elementor-element-907a0a8 elementor-hidden-phone elementor-widget elementor-widget-text-editor\" data-id=\"907a0a8\" data-element_type=\"widget\" data-e-type=\"widget\" data-widget_type=\"text-editor.default\">\n\t\t\t\t<div class=\"elementor-widget-container\">\n\t\t\t\t\t\t\t\t\t<p>Wir bieten au\u00dferdem attraktive Konditionen f\u00fcr andere Auftr\u00e4ge eurer Schule wie zum Beispiel <strong>Schulkleidung,\u00a0Abschluss-, Kurs- oder Fahrten-Shirts.<\/strong><\/p>\t\t\t\t\t\t\t\t<\/div>\n\t\t\t\t<\/div>\n\t\t\t\t<div class=\"elementor-element elementor-element-de2ebdc elementor-hidden-desktop elementor-hidden-tablet elementor-widget elementor-widget-text-editor\" data-id=\"de2ebdc\" data-element_type=\"widget\" data-e-type=\"widget\" data-widget_type=\"text-editor.default\">\n\t\t\t\t<div class=\"elementor-widget-container\">\n\t\t\t\t\t\t\t\t\t<p>Wir bieten au\u00dferdem attraktive Konditionen f\u00fcr andere Auftr\u00e4ge eurer Schule wie zum Beispiel <strong>Schulkleidung,\u00a0Abschluss-, Kurs- oder Fahrten-Shirts.<\/strong><\/p>\t\t\t\t\t\t\t\t<\/div>\n\t\t\t\t<\/div>\n\t\t\t\t\t<\/div>\n\t\t<\/div>\n\t\t\t\t\t<\/div>\n\t\t<\/section>\n\t\t\t\t\t<\/div>\n\t\t<\/div>\n\t\t\t\t\t<\/div>\n\t\t<\/section>\n\t\t\t\t<\/div>\n\t\t","protected":false},"excerpt":{"rendered":"<p>Darum vertraue ich LOMESTAR bei der Umsetzung meiner Abi-Shirts DARUM Hochwertige Drucktechnik Au\u00dfergew\u00f6hnlich hohe Kundenzufriedenheit Kurze Reaktionszeiten, Erreichbarkeit und Termintreue Unverkennbare Qualit\u00e4t und Flexibilit\u00e4t Freundliche Mitarbeiter\u00a0 Gerne begleiten wir euch erfolgreich bei der Umsetzung eures individuellen Abschluss-Shirts\u00a0und nehmen uns die Zeit, euch ausf\u00fchrlich zu beraten und w\u00e4hrend des gesamten Bestellablaufs zu begleiten. Gerne erstellen wir [&hellip;]<\/p>\n","protected":false},"author":3,"featured_media":0,"parent":0,"menu_order":0,"comment_status":"closed","ping_status":"closed","template":"","meta":{"site-sidebar-layout":"no-sidebar","site-content-layout":"page-builder","ast-site-content-layout":"default","site-content-style":"default","site-sidebar-style":"default","ast-global-header-display":"","ast-banner-title-visibility":"","ast-main-header-display":"","ast-hfb-above-header-display":"","ast-hfb-below-header-display":"","ast-hfb-mobile-header-display":"","site-post-title":"disabled","ast-breadcrumbs-content":"","ast-featured-img":"disabled","footer-sml-layout":"","ast-disable-related-posts":"","theme-transparent-header-meta":"default","adv-header-id-meta":"","stick-header-meta":"default","header-above-stick-meta":"","header-main-stick-meta":"","header-below-stick-meta":"","astra-migrate-meta-layouts":"default","ast-page-background-enabled":"default","ast-page-background-meta":{"desktop":{"background-color":"","background-image":"","background-repeat":"repeat","background-position":"center center","background-size":"auto","background-attachment":"scroll","background-type":"","background-media":"","overlay-type":"","overlay-color":"","overlay-opacity":"","overlay-gradient":""},"tablet":{"background-color":"","background-image":"","background-repeat":"repeat","background-position":"center center","background-size":"auto","background-attachment":"scroll","background-type":"","background-media":"","overlay-type":"","overlay-color":"","overlay-opacity":"","overlay-gradient":""},"mobile":{"background-color":"","background-image":"","background-repeat":"repeat","background-position":"center center","background-size":"auto","background-attachment":"scroll","background-type":"","background-media":"","overlay-type":"","overlay-color":"","overlay-opacity":"","overlay-gradient":""}},"ast-content-background-meta":{"desktop":{"background-color":"var(--ast-global-color-5)","background-image":"","background-repeat":"repeat","background-position":"center center","background-size":"auto","background-attachment":"scroll","background-type":"","background-media":"","overlay-type":"","overlay-color":"","overlay-opacity":"","overlay-gradient":""},"tablet":{"background-color":"var(--ast-global-color-5)","background-image":"","background-repeat":"repeat","background-position":"center center","background-size":"auto","background-attachment":"scroll","background-type":"","background-media":"","overlay-type":"","overlay-color":"","overlay-opacity":"","overlay-gradient":""},"mobile":{"background-color":"var(--ast-global-color-5)","background-image":"","background-repeat":"repeat","background-position":"center center","background-size":"auto","background-attachment":"scroll","background-type":"","background-media":"","overlay-type":"","overlay-color":"","overlay-opacity":"","overlay-gradient":""}},"footnotes":""},"folder":[],"class_list":["post-3217","page","type-page","status-publish","hentry"],"_links":{"self":[{"href":"https:\/\/lomestar.de\/abi-shirts\/wp-json\/wp\/v2\/pages\/3217","targetHints":{"allow":["GET"]}}],"collection":[{"href":"https:\/\/lomestar.de\/abi-shirts\/wp-json\/wp\/v2\/pages"}],"about":[{"href":"https:\/\/lomestar.de\/abi-shirts\/wp-json\/wp\/v2\/types\/page"}],"author":[{"embeddable":true,"href":"https:\/\/lomestar.de\/abi-shirts\/wp-json\/wp\/v2\/users\/3"}],"replies":[{"embeddable":true,"href":"https:\/\/lomestar.de\/abi-shirts\/wp-json\/wp\/v2\/comments?post=3217"}],"version-history":[{"count":0,"href":"https:\/\/lomestar.de\/abi-shirts\/wp-json\/wp\/v2\/pages\/3217\/revisions"}],"wp:attachment":[{"href":"https:\/\/lomestar.de\/abi-shirts\/wp-json\/wp\/v2\/media?parent=3217"}],"wp:term":[{"taxonomy":"folder","embeddable":true,"href":"https:\/\/lomestar.de\/abi-shirts\/wp-json\/wp\/v2\/folder?post=3217"}],"curies":[{"name":"wp","href":"https:\/\/api.w.org\/{rel}","templated":true}]}}