{"id":3202,"date":"2020-02-05T10:04:45","date_gmt":"2020-02-05T09:04:45","guid":{"rendered":"https:\/\/app-web-ls-wp.azurewebsites.net\/abi-shirts\/?page_id=3202"},"modified":"2025-07-31T14:25:00","modified_gmt":"2025-07-31T13:25:00","slug":"einzelnamen","status":"publish","type":"page","link":"https:\/\/lomestar.de\/abi-shirts\/einzelnamen\/","title":{"rendered":"Einzelnamen und Nummern"},"content":{"rendered":"\t\t<div data-elementor-type=\"wp-page\" data-elementor-id=\"3202\" class=\"elementor elementor-3202\" data-elementor-post-type=\"page\">\n\t\t\t\t\t\t<section class=\"elementor-section elementor-top-section elementor-element elementor-element-edc9ca9 elementor-section-boxed elementor-section-height-default elementor-section-height-default\" data-id=\"edc9ca9\" data-element_type=\"section\" data-e-type=\"section\">\n\t\t\t\t\t\t<div class=\"elementor-container elementor-column-gap-default\">\n\t\t\t\t\t<div class=\"elementor-column elementor-col-100 elementor-top-column elementor-element elementor-element-010f25a\" data-id=\"010f25a\" data-element_type=\"column\" data-e-type=\"column\">\n\t\t\t<div class=\"elementor-widget-wrap elementor-element-populated\">\n\t\t\t\t\t\t<div class=\"elementor-element elementor-element-679c4ca elementor-widget elementor-widget-heading\" data-id=\"679c4ca\" data-element_type=\"widget\" data-e-type=\"widget\" data-widget_type=\"heading.default\">\n\t\t\t\t<div class=\"elementor-widget-container\">\n\t\t\t\t\t<h2 class=\"elementor-heading-title elementor-size-default\">Druck von Einzelnamen und Nummern<\/h2>\t\t\t\t<\/div>\n\t\t\t\t<\/div>\n\t\t\t\t<section class=\"elementor-section elementor-inner-section elementor-element elementor-element-36cbe5b elementor-section-boxed elementor-section-height-default elementor-section-height-default\" data-id=\"36cbe5b\" data-element_type=\"section\" data-e-type=\"section\">\n\t\t\t\t\t\t<div class=\"elementor-container elementor-column-gap-default\">\n\t\t\t\t\t<div class=\"elementor-column elementor-col-50 elementor-inner-column elementor-element elementor-element-527bb6c\" data-id=\"527bb6c\" data-element_type=\"column\" data-e-type=\"column\">\n\t\t\t<div class=\"elementor-widget-wrap elementor-element-populated\">\n\t\t\t\t\t\t<div class=\"elementor-element elementor-element-23c67ff elementor-widget elementor-widget-text-editor\" data-id=\"23c67ff\" data-element_type=\"widget\" data-e-type=\"widget\" data-widget_type=\"text-editor.default\">\n\t\t\t\t<div class=\"elementor-widget-container\">\n\t\t\t\t\t\t\t\t\t<p>Wir drucken nicht nur individuelle Gruppenmotive, sondern versehen die <strong><a href=\"https:\/\/lomestar.de\/textildruck\/textilien\/\" target=\"_blank\" rel=\"noopener\">Textilien<\/a><\/strong> gerne auch (zus\u00e4tzlich) mit einem individuellen Einzelnamen oder einer Zahl &#8211; so wird jedes Textil zu einem echten Unikat!\u00a0<\/p><p>Ob gro\u00df oder klein, egal welche Position, der Kunde entscheidet! Einfach die gew\u00fcnschte Gr\u00f6\u00dfe, Farbe und Schriftart ausw\u00e4hlen.<\/p>\t\t\t\t\t\t\t\t<\/div>\n\t\t\t\t<\/div>\n\t\t\t\t\t<\/div>\n\t\t<\/div>\n\t\t\t\t<div class=\"elementor-column elementor-col-50 elementor-inner-column elementor-element elementor-element-01628ac\" data-id=\"01628ac\" data-element_type=\"column\" data-e-type=\"column\">\n\t\t\t<div class=\"elementor-widget-wrap elementor-element-populated\">\n\t\t\t\t\t\t<div class=\"elementor-element elementor-element-154fefd elementor-hidden-tablet elementor-hidden-phone elementor-widget elementor-widget-image\" data-id=\"154fefd\" data-element_type=\"widget\" data-e-type=\"widget\" data-widget_type=\"image.default\">\n\t\t\t\t<div class=\"elementor-widget-container\">\n\t\t\t\t\t\t\t\t\t\t\t\t\t\t\t<img fetchpriority=\"high\" decoding=\"async\" width=\"370\" height=\"220\" src=\"https:\/\/lomestar.de\/abi-shirts\/wp-content\/uploads\/sites\/3\/2020\/02\/Einzelnamen1.jpg\" class=\"attachment-medium_large size-medium_large wp-image-3204\" alt=\"Sch\u00fclerin mit Sportkleidung_LOMESTAR\" srcset=\"https:\/\/lomestar.de\/abi-shirts\/wp-content\/uploads\/sites\/3\/2020\/02\/Einzelnamen1.jpg 370w, https:\/\/lomestar.de\/abi-shirts\/wp-content\/uploads\/sites\/3\/2020\/02\/Einzelnamen1-300x178.jpg 300w\" sizes=\"(max-width: 370px) 100vw, 370px\" \/>\t\t\t\t\t\t\t\t\t\t\t\t\t\t\t<\/div>\n\t\t\t\t<\/div>\n\t\t\t\t\t<\/div>\n\t\t<\/div>\n\t\t\t\t\t<\/div>\n\t\t<\/section>\n\t\t\t\t<div class=\"elementor-element elementor-element-a8f00d0 elementor-hidden-desktop elementor-widget elementor-widget-image\" data-id=\"a8f00d0\" data-element_type=\"widget\" data-e-type=\"widget\" data-widget_type=\"image.default\">\n\t\t\t\t<div class=\"elementor-widget-container\">\n\t\t\t\t\t\t\t\t\t\t\t\t\t\t\t<img fetchpriority=\"high\" decoding=\"async\" width=\"370\" height=\"220\" src=\"https:\/\/lomestar.de\/abi-shirts\/wp-content\/uploads\/sites\/3\/2020\/02\/Einzelnamen1.jpg\" class=\"attachment-medium_large size-medium_large wp-image-3204\" alt=\"Sch\u00fclerin mit Sportkleidung_LOMESTAR\" srcset=\"https:\/\/lomestar.de\/abi-shirts\/wp-content\/uploads\/sites\/3\/2020\/02\/Einzelnamen1.jpg 370w, https:\/\/lomestar.de\/abi-shirts\/wp-content\/uploads\/sites\/3\/2020\/02\/Einzelnamen1-300x178.jpg 300w\" sizes=\"(max-width: 370px) 100vw, 370px\" \/>\t\t\t\t\t\t\t\t\t\t\t\t\t\t\t<\/div>\n\t\t\t\t<\/div>\n\t\t\t\t<div class=\"elementor-element elementor-element-7d59189 elementor-widget elementor-widget-heading\" data-id=\"7d59189\" data-element_type=\"widget\" data-e-type=\"widget\" data-widget_type=\"heading.default\">\n\t\t\t\t<div class=\"elementor-widget-container\">\n\t\t\t\t\t<h3 class=\"elementor-heading-title elementor-size-default\">Diese Informationen ben\u00f6tigen wir:<\/h3>\t\t\t\t<\/div>\n\t\t\t\t<\/div>\n\t\t\t\t<section class=\"elementor-section elementor-inner-section elementor-element elementor-element-c8f58a7 elementor-section-boxed elementor-section-height-default elementor-section-height-default\" data-id=\"c8f58a7\" data-element_type=\"section\" data-e-type=\"section\">\n\t\t\t\t\t\t<div class=\"elementor-container elementor-column-gap-default\">\n\t\t\t\t\t<div class=\"elementor-column elementor-col-50 elementor-inner-column elementor-element elementor-element-226a7f1\" data-id=\"226a7f1\" data-element_type=\"column\" data-e-type=\"column\">\n\t\t\t<div class=\"elementor-widget-wrap elementor-element-populated\">\n\t\t\t\t\t\t<div class=\"elementor-element elementor-element-becce2c elementor-widget elementor-widget-text-editor\" data-id=\"becce2c\" data-element_type=\"widget\" data-e-type=\"widget\" data-widget_type=\"text-editor.default\">\n\t\t\t\t<div class=\"elementor-widget-container\">\n\t\t\t\t\t\t\t\t\t<p style=\"font-size: 16px;font-style: normal;font-weight: 400\">Damit wir wissen, welche Einzelnamen oder Zahlen auf welches Textil gedruckt werden sollen, ben\u00f6tigen wir eine Liste mit den Einzelnamen sowie die dazugeh\u00f6rigen Gr\u00f6\u00dfen. Einfach per E-Mail senden und darauf achten, dass die Einzelnamen oder Zahlen\u00a0<span style=\"font-size: 16px;font-weight: bold\">nicht mehr als 12 Zeichen<\/span>\u00a0\u00fcberschreiten!<\/p>\t\t\t\t\t\t\t\t<\/div>\n\t\t\t\t<\/div>\n\t\t\t\t\t<\/div>\n\t\t<\/div>\n\t\t\t\t<div class=\"elementor-column elementor-col-50 elementor-inner-column elementor-element elementor-element-fe5d1a2\" data-id=\"fe5d1a2\" data-element_type=\"column\" data-e-type=\"column\">\n\t\t\t<div class=\"elementor-widget-wrap elementor-element-populated\">\n\t\t\t\t\t\t<div class=\"elementor-element elementor-element-a46b15c elementor-widget elementor-widget-text-editor\" data-id=\"a46b15c\" data-element_type=\"widget\" data-e-type=\"widget\" data-widget_type=\"text-editor.default\">\n\t\t\t\t<div class=\"elementor-widget-container\">\n\t\t\t\t\t\t\t\t\t<p><span style=\"font-size: 16px;font-style: normal;font-weight: 400\">Eine Vorlage stellen wir hier zur Verf\u00fcgung:<\/span><\/p>\t\t\t\t\t\t\t\t<\/div>\n\t\t\t\t<\/div>\n\t\t\t\t<div class=\"elementor-element elementor-element-0d5d944 elementor-view-framed elementor-shape-circle elementor-widget elementor-widget-icon\" data-id=\"0d5d944\" data-element_type=\"widget\" data-e-type=\"widget\" data-widget_type=\"icon.default\">\n\t\t\t\t<div class=\"elementor-widget-container\">\n\t\t\t\t\t\t\t<div class=\"elementor-icon-wrapper\">\n\t\t\t<a class=\"elementor-icon\" href=\"https:\/\/lomestar.de\/abi-shirts\/wp-content\/uploads\/sites\/3\/2020\/08\/Einzelnamen.xlsx\" target=\"_blank\">\n\t\t\t<i aria-hidden=\"true\" class=\"fas fa-file-download\"><\/i>\t\t\t<\/a>\n\t\t<\/div>\n\t\t\t\t\t\t<\/div>\n\t\t\t\t<\/div>\n\t\t\t\t\t<\/div>\n\t\t<\/div>\n\t\t\t\t\t<\/div>\n\t\t<\/section>\n\t\t\t\t<div class=\"elementor-element elementor-element-e63fff2 elementor-widget elementor-widget-heading\" data-id=\"e63fff2\" data-element_type=\"widget\" data-e-type=\"widget\" data-widget_type=\"heading.default\">\n\t\t\t\t<div class=\"elementor-widget-container\">\n\t\t\t\t\t<h3 class=\"elementor-heading-title elementor-size-default\">Preise f\u00fcr Einzelnamen<\/h3>\t\t\t\t<\/div>\n\t\t\t\t<\/div>\n\t\t\t\t<div class=\"elementor-element elementor-element-213c9f9 elementor-widget elementor-widget-image\" data-id=\"213c9f9\" data-element_type=\"widget\" data-e-type=\"widget\" data-widget_type=\"image.default\">\n\t\t\t\t<div class=\"elementor-widget-container\">\n\t\t\t\t\t\t\t\t\t\t\t\t\t\t\t<img decoding=\"async\" width=\"851\" height=\"141\" src=\"https:\/\/lomestar.de\/abi-shirts\/wp-content\/uploads\/sites\/3\/2020\/02\/preise.jpg\" class=\"attachment-large size-large wp-image-3207\" alt=\"Preise_LOMESTAR\" srcset=\"https:\/\/lomestar.de\/abi-shirts\/wp-content\/uploads\/sites\/3\/2020\/02\/preise.jpg 851w, https:\/\/lomestar.de\/abi-shirts\/wp-content\/uploads\/sites\/3\/2020\/02\/preise-300x50.jpg 300w, https:\/\/lomestar.de\/abi-shirts\/wp-content\/uploads\/sites\/3\/2020\/02\/preise-768x127.jpg 768w, https:\/\/lomestar.de\/abi-shirts\/wp-content\/uploads\/sites\/3\/2020\/02\/preise-600x99.jpg 600w\" sizes=\"(max-width: 851px) 100vw, 851px\" \/>\t\t\t\t\t\t\t\t\t\t\t\t\t\t\t<\/div>\n\t\t\t\t<\/div>\n\t\t\t\t<div class=\"elementor-element elementor-element-c50c960 elementor-widget elementor-widget-heading\" data-id=\"c50c960\" data-element_type=\"widget\" data-e-type=\"widget\" data-widget_type=\"heading.default\">\n\t\t\t\t<div class=\"elementor-widget-container\">\n\t\t\t\t\t<h3 class=\"elementor-heading-title elementor-size-default\">Gr\u00f6\u00dfe f\u00fcr Einzelnamen<\/h3>\t\t\t\t<\/div>\n\t\t\t\t<\/div>\n\t\t\t\t<div class=\"elementor-element elementor-element-04e6efc elementor-widget elementor-widget-text-editor\" data-id=\"04e6efc\" data-element_type=\"widget\" data-e-type=\"widget\" data-widget_type=\"text-editor.default\">\n\t\t\t\t<div class=\"elementor-widget-container\">\n\t\t\t\t\t\t\t\t\t<p><strong>KLEIN:<\/strong> ca. 10 x 2 cm<\/p><p><span style=\"font-size: 16px\"><strong>GRO\u00df:<\/strong> ca. 30 x 6 cm<\/span><\/p>\t\t\t\t\t\t\t\t<\/div>\n\t\t\t\t<\/div>\n\t\t\t\t<div class=\"elementor-element elementor-element-3549c9e elementor-widget elementor-widget-heading\" data-id=\"3549c9e\" data-element_type=\"widget\" data-e-type=\"widget\" data-widget_type=\"heading.default\">\n\t\t\t\t<div class=\"elementor-widget-container\">\n\t\t\t\t\t<h3 class=\"elementor-heading-title elementor-size-default\">Schriftarten f\u00fcr Einzelnamen<\/h3>\t\t\t\t<\/div>\n\t\t\t\t<\/div>\n\t\t\t\t<div class=\"elementor-element elementor-element-c4ab3fe elementor-widget elementor-widget-text-editor\" data-id=\"c4ab3fe\" data-element_type=\"widget\" data-e-type=\"widget\" data-widget_type=\"text-editor.default\">\n\t\t\t\t<div class=\"elementor-widget-container\">\n\t\t\t\t\t\t\t\t\t<p>Sucht euch passend zu der Wunschfarbe auch die Schriftart aus.<\/p>\t\t\t\t\t\t\t\t<\/div>\n\t\t\t\t<\/div>\n\t\t\t\t<div class=\"elementor-element elementor-element-c83f6c7 elementor-widget elementor-widget-image\" data-id=\"c83f6c7\" data-element_type=\"widget\" data-e-type=\"widget\" data-widget_type=\"image.default\">\n\t\t\t\t<div class=\"elementor-widget-container\">\n\t\t\t\t\t\t\t\t\t\t\t\t\t\t\t<img decoding=\"async\" width=\"755\" height=\"1024\" src=\"https:\/\/lomestar.de\/abi-shirts\/wp-content\/uploads\/sites\/3\/2020\/04\/Schriftarten-Einzelnamen-Abi-755x1024.jpg\" class=\"attachment-large size-large wp-image-3415\" alt=\"Schriftarten-Einzelnamen-Abi_LOMESTAR\" srcset=\"https:\/\/lomestar.de\/abi-shirts\/wp-content\/uploads\/sites\/3\/2020\/04\/Schriftarten-Einzelnamen-Abi-755x1024.jpg 755w, https:\/\/lomestar.de\/abi-shirts\/wp-content\/uploads\/sites\/3\/2020\/04\/Schriftarten-Einzelnamen-Abi-221x300.jpg 221w, https:\/\/lomestar.de\/abi-shirts\/wp-content\/uploads\/sites\/3\/2020\/04\/Schriftarten-Einzelnamen-Abi-768x1042.jpg 768w, https:\/\/lomestar.de\/abi-shirts\/wp-content\/uploads\/sites\/3\/2020\/04\/Schriftarten-Einzelnamen-Abi-1132x1536.jpg 1132w, https:\/\/lomestar.de\/abi-shirts\/wp-content\/uploads\/sites\/3\/2020\/04\/Schriftarten-Einzelnamen-Abi-1510x2048.jpg 1510w, https:\/\/lomestar.de\/abi-shirts\/wp-content\/uploads\/sites\/3\/2020\/04\/Schriftarten-Einzelnamen-Abi-600x814.jpg 600w, https:\/\/lomestar.de\/abi-shirts\/wp-content\/uploads\/sites\/3\/2020\/04\/Schriftarten-Einzelnamen-Abi.jpg 1772w\" sizes=\"(max-width: 755px) 100vw, 755px\" \/>\t\t\t\t\t\t\t\t\t\t\t\t\t\t\t<\/div>\n\t\t\t\t<\/div>\n\t\t\t\t<div class=\"elementor-element elementor-element-0ebd364 elementor-widget elementor-widget-heading\" data-id=\"0ebd364\" data-element_type=\"widget\" data-e-type=\"widget\" data-widget_type=\"heading.default\">\n\t\t\t\t<div class=\"elementor-widget-container\">\n\t\t\t\t\t<h3 class=\"elementor-heading-title elementor-size-default\">Farben f\u00fcr Einzelnamen<\/h3>\t\t\t\t<\/div>\n\t\t\t\t<\/div>\n\t\t\t\t<div class=\"elementor-element elementor-element-9accacf elementor-widget elementor-widget-image\" data-id=\"9accacf\" data-element_type=\"widget\" data-e-type=\"widget\" data-widget_type=\"image.default\">\n\t\t\t\t<div class=\"elementor-widget-container\">\n\t\t\t\t\t\t\t\t\t\t\t\t\t\t\t<img loading=\"lazy\" decoding=\"async\" width=\"1024\" height=\"708\" src=\"https:\/\/lomestar.de\/abi-shirts\/wp-content\/uploads\/sites\/3\/2020\/04\/Stickfarben_Zeichenfl\u00e4che-1-1-1024x708.jpg\" class=\"attachment-large size-large wp-image-3426\" alt=\"Druckfarben_LOMESTAR\" srcset=\"https:\/\/lomestar.de\/abi-shirts\/wp-content\/uploads\/sites\/3\/2020\/04\/Stickfarben_Zeichenfl\u00e4che-1-1-1024x708.jpg 1024w, https:\/\/lomestar.de\/abi-shirts\/wp-content\/uploads\/sites\/3\/2020\/04\/Stickfarben_Zeichenfl\u00e4che-1-1-300x207.jpg 300w, https:\/\/lomestar.de\/abi-shirts\/wp-content\/uploads\/sites\/3\/2020\/04\/Stickfarben_Zeichenfl\u00e4che-1-1-768x531.jpg 768w, https:\/\/lomestar.de\/abi-shirts\/wp-content\/uploads\/sites\/3\/2020\/04\/Stickfarben_Zeichenfl\u00e4che-1-1-1536x1062.jpg 1536w, https:\/\/lomestar.de\/abi-shirts\/wp-content\/uploads\/sites\/3\/2020\/04\/Stickfarben_Zeichenfl\u00e4che-1-1-2048x1415.jpg 2048w, https:\/\/lomestar.de\/abi-shirts\/wp-content\/uploads\/sites\/3\/2020\/04\/Stickfarben_Zeichenfl\u00e4che-1-1-600x415.jpg 600w\" sizes=\"(max-width: 1024px) 100vw, 1024px\" \/>\t\t\t\t\t\t\t\t\t\t\t\t\t\t\t<\/div>\n\t\t\t\t<\/div>\n\t\t\t\t<div class=\"elementor-element elementor-element-4afb1bb elementor-widget elementor-widget-heading\" data-id=\"4afb1bb\" data-element_type=\"widget\" data-e-type=\"widget\" data-widget_type=\"heading.default\">\n\t\t\t\t<div class=\"elementor-widget-container\">\n\t\t\t\t\t<h3 class=\"elementor-heading-title elementor-size-default\">Positionsbeispiele f\u00fcr Einzelnamen<\/h3>\t\t\t\t<\/div>\n\t\t\t\t<\/div>\n\t\t\t\t<div class=\"elementor-element elementor-element-3f92c5d elementor-widget elementor-widget-image\" data-id=\"3f92c5d\" data-element_type=\"widget\" data-e-type=\"widget\" data-widget_type=\"image.default\">\n\t\t\t\t<div class=\"elementor-widget-container\">\n\t\t\t\t\t\t\t\t\t\t\t\t\t\t\t<img loading=\"lazy\" decoding=\"async\" width=\"768\" height=\"909\" src=\"https:\/\/lomestar.de\/abi-shirts\/wp-content\/uploads\/sites\/3\/2020\/04\/Positionen-Einzelnamen-Abi-1-768x909.jpg\" class=\"attachment-medium_large size-medium_large wp-image-3418\" alt=\"Positionen-Einzelnamen-Abi_LOMESTAR\" srcset=\"https:\/\/lomestar.de\/abi-shirts\/wp-content\/uploads\/sites\/3\/2020\/04\/Positionen-Einzelnamen-Abi-1-768x909.jpg 768w, https:\/\/lomestar.de\/abi-shirts\/wp-content\/uploads\/sites\/3\/2020\/04\/Positionen-Einzelnamen-Abi-1-253x300.jpg 253w, https:\/\/lomestar.de\/abi-shirts\/wp-content\/uploads\/sites\/3\/2020\/04\/Positionen-Einzelnamen-Abi-1-865x1024.jpg 865w, https:\/\/lomestar.de\/abi-shirts\/wp-content\/uploads\/sites\/3\/2020\/04\/Positionen-Einzelnamen-Abi-1-1297x1536.jpg 1297w, https:\/\/lomestar.de\/abi-shirts\/wp-content\/uploads\/sites\/3\/2020\/04\/Positionen-Einzelnamen-Abi-1-600x710.jpg 600w, https:\/\/lomestar.de\/abi-shirts\/wp-content\/uploads\/sites\/3\/2020\/04\/Positionen-Einzelnamen-Abi-1.jpg 1713w\" sizes=\"(max-width: 768px) 100vw, 768px\" \/>\t\t\t\t\t\t\t\t\t\t\t\t\t\t\t<\/div>\n\t\t\t\t<\/div>\n\t\t\t\t\t<\/div>\n\t\t<\/div>\n\t\t\t\t\t<\/div>\n\t\t<\/section>\n\t\t\t\t<\/div>\n\t\t","protected":false},"excerpt":{"rendered":"<p>Druck von Einzelnamen und Nummern Wir drucken nicht nur individuelle Gruppenmotive, sondern versehen die Textilien gerne auch (zus\u00e4tzlich) mit einem individuellen Einzelnamen oder einer Zahl &#8211; so wird jedes Textil zu einem echten Unikat!\u00a0 Ob gro\u00df oder klein, egal welche Position, der Kunde entscheidet! Einfach die gew\u00fcnschte Gr\u00f6\u00dfe, Farbe und Schriftart ausw\u00e4hlen. Diese Informationen ben\u00f6tigen [&hellip;]<\/p>\n","protected":false},"author":3,"featured_media":0,"parent":0,"menu_order":0,"comment_status":"closed","ping_status":"closed","template":"","meta":{"site-sidebar-layout":"no-sidebar","site-content-layout":"page-builder","ast-site-content-layout":"default","site-content-style":"default","site-sidebar-style":"default","ast-global-header-display":"","ast-banner-title-visibility":"","ast-main-header-display":"","ast-hfb-above-header-display":"","ast-hfb-below-header-display":"","ast-hfb-mobile-header-display":"","site-post-title":"disabled","ast-breadcrumbs-content":"","ast-featured-img":"disabled","footer-sml-layout":"","ast-disable-related-posts":"","theme-transparent-header-meta":"default","adv-header-id-meta":"","stick-header-meta":"default","header-above-stick-meta":"","header-main-stick-meta":"","header-below-stick-meta":"","astra-migrate-meta-layouts":"default","ast-page-background-enabled":"default","ast-page-background-meta":{"desktop":{"background-color":"","background-image":"","background-repeat":"repeat","background-position":"center center","background-size":"auto","background-attachment":"scroll","background-type":"","background-media":"","overlay-type":"","overlay-color":"","overlay-opacity":"","overlay-gradient":""},"tablet":{"background-color":"","background-image":"","background-repeat":"repeat","background-position":"center center","background-size":"auto","background-attachment":"scroll","background-type":"","background-media":"","overlay-type":"","overlay-color":"","overlay-opacity":"","overlay-gradient":""},"mobile":{"background-color":"","background-image":"","background-repeat":"repeat","background-position":"center center","background-size":"auto","background-attachment":"scroll","background-type":"","background-media":"","overlay-type":"","overlay-color":"","overlay-opacity":"","overlay-gradient":""}},"ast-content-background-meta":{"desktop":{"background-color":"var(--ast-global-color-5)","background-image":"","background-repeat":"repeat","background-position":"center center","background-size":"auto","background-attachment":"scroll","background-type":"","background-media":"","overlay-type":"","overlay-color":"","overlay-opacity":"","overlay-gradient":""},"tablet":{"background-color":"var(--ast-global-color-5)","background-image":"","background-repeat":"repeat","background-position":"center center","background-size":"auto","background-attachment":"scroll","background-type":"","background-media":"","overlay-type":"","overlay-color":"","overlay-opacity":"","overlay-gradient":""},"mobile":{"background-color":"var(--ast-global-color-5)","background-image":"","background-repeat":"repeat","background-position":"center center","background-size":"auto","background-attachment":"scroll","background-type":"","background-media":"","overlay-type":"","overlay-color":"","overlay-opacity":"","overlay-gradient":""}},"footnotes":""},"folder":[],"class_list":["post-3202","page","type-page","status-publish","hentry"],"_links":{"self":[{"href":"https:\/\/lomestar.de\/abi-shirts\/wp-json\/wp\/v2\/pages\/3202","targetHints":{"allow":["GET"]}}],"collection":[{"href":"https:\/\/lomestar.de\/abi-shirts\/wp-json\/wp\/v2\/pages"}],"about":[{"href":"https:\/\/lomestar.de\/abi-shirts\/wp-json\/wp\/v2\/types\/page"}],"author":[{"embeddable":true,"href":"https:\/\/lomestar.de\/abi-shirts\/wp-json\/wp\/v2\/users\/3"}],"replies":[{"embeddable":true,"href":"https:\/\/lomestar.de\/abi-shirts\/wp-json\/wp\/v2\/comments?post=3202"}],"version-history":[{"count":0,"href":"https:\/\/lomestar.de\/abi-shirts\/wp-json\/wp\/v2\/pages\/3202\/revisions"}],"wp:attachment":[{"href":"https:\/\/lomestar.de\/abi-shirts\/wp-json\/wp\/v2\/media?parent=3202"}],"wp:term":[{"taxonomy":"folder","embeddable":true,"href":"https:\/\/lomestar.de\/abi-shirts\/wp-json\/wp\/v2\/folder?post=3202"}],"curies":[{"name":"wp","href":"https:\/\/api.w.org\/{rel}","templated":true}]}}