{"id":3193,"date":"2020-02-05T09:46:54","date_gmt":"2020-02-05T08:46:54","guid":{"rendered":"https:\/\/app-web-ls-wp.azurewebsites.net\/abi-shirts\/?page_id=3193"},"modified":"2025-07-31T14:25:15","modified_gmt":"2025-07-31T13:25:15","slug":"zahlung-und-lieferung","status":"publish","type":"page","link":"https:\/\/lomestar.de\/abi-shirts\/zahlung-und-lieferung\/","title":{"rendered":"Zahlung und Lieferung"},"content":{"rendered":"\t\t<div data-elementor-type=\"wp-page\" data-elementor-id=\"3193\" class=\"elementor elementor-3193\" data-elementor-post-type=\"page\">\n\t\t\t\t\t\t<section class=\"elementor-section elementor-top-section elementor-element elementor-element-1f8c723 elementor-section-boxed elementor-section-height-default elementor-section-height-default\" data-id=\"1f8c723\" data-element_type=\"section\" data-e-type=\"section\">\n\t\t\t\t\t\t<div class=\"elementor-container elementor-column-gap-default\">\n\t\t\t\t\t<div class=\"elementor-column elementor-col-100 elementor-top-column elementor-element elementor-element-142e354\" data-id=\"142e354\" data-element_type=\"column\" data-e-type=\"column\">\n\t\t\t<div class=\"elementor-widget-wrap elementor-element-populated\">\n\t\t\t\t\t\t<div class=\"elementor-element elementor-element-bfe55b6 elementor-widget elementor-widget-heading\" data-id=\"bfe55b6\" data-element_type=\"widget\" data-e-type=\"widget\" data-widget_type=\"heading.default\">\n\t\t\t\t<div class=\"elementor-widget-container\">\n\t\t\t\t\t<h2 class=\"elementor-heading-title elementor-size-default\">Abi-Shirts - P\u00fcnktlich und schnell<\/h2>\t\t\t\t<\/div>\n\t\t\t\t<\/div>\n\t\t\t\t<div class=\"elementor-element elementor-element-3171633 elementor-widget elementor-widget-text-editor\" data-id=\"3171633\" data-element_type=\"widget\" data-e-type=\"widget\" data-widget_type=\"text-editor.default\">\n\t\t\t\t<div class=\"elementor-widget-container\">\n\t\t\t\t\t\t\t\t\t<p>Wir liefern euch geniale <strong><a href=\"https:\/\/lomestar.de\/abi-shirts\/motive\">Abi-Motive<\/a><\/strong>, erstellen euch aber auch ein Motiv nach euren <a href=\"https:\/\/lomestar.de\/abi-shirts\/eigenes-motiv\"><strong>eigenen W\u00fcnschen<\/strong><\/a>.\u00a0<strong><br \/><\/strong>Dabei steht euch eine gro\u00dfe Auswahl an verschiedensten <a href=\"https:\/\/lomestar.de\/textildruck\/textilien\/\" target=\"_blank\" rel=\"noopener\"><strong>Textilien<\/strong><\/a> zur Auswahl.<\/p>\t\t\t\t\t\t\t\t<\/div>\n\t\t\t\t<\/div>\n\t\t\t\t\t<\/div>\n\t\t<\/div>\n\t\t\t\t\t<\/div>\n\t\t<\/section>\n\t\t\t\t<section class=\"elementor-section elementor-top-section elementor-element elementor-element-1f4d9ce elementor-section-boxed elementor-section-height-default elementor-section-height-default\" data-id=\"1f4d9ce\" data-element_type=\"section\" data-e-type=\"section\">\n\t\t\t\t\t\t<div class=\"elementor-container elementor-column-gap-default\">\n\t\t\t\t\t<div class=\"elementor-column elementor-col-100 elementor-top-column elementor-element elementor-element-9e6762f\" data-id=\"9e6762f\" data-element_type=\"column\" data-e-type=\"column\">\n\t\t\t<div class=\"elementor-widget-wrap elementor-element-populated\">\n\t\t\t\t\t\t<div class=\"elementor-element elementor-element-238dab9 elementor-widget elementor-widget-image\" data-id=\"238dab9\" data-element_type=\"widget\" data-e-type=\"widget\" data-widget_type=\"image.default\">\n\t\t\t\t<div class=\"elementor-widget-container\">\n\t\t\t\t\t\t\t\t\t\t\t\t\t\t\t<img fetchpriority=\"high\" decoding=\"async\" width=\"1024\" height=\"389\" src=\"https:\/\/lomestar.de\/abi-shirts\/wp-content\/uploads\/sites\/3\/2020\/04\/DSC05919_bearb_filter-e1586943257644-1024x389.jpg\" class=\"attachment-large size-large wp-image-3402\" alt=\"Jugendliche\" srcset=\"https:\/\/lomestar.de\/abi-shirts\/wp-content\/uploads\/sites\/3\/2020\/04\/DSC05919_bearb_filter-e1586943257644-1024x389.jpg 1024w, https:\/\/lomestar.de\/abi-shirts\/wp-content\/uploads\/sites\/3\/2020\/04\/DSC05919_bearb_filter-e1586943257644-300x114.jpg 300w, https:\/\/lomestar.de\/abi-shirts\/wp-content\/uploads\/sites\/3\/2020\/04\/DSC05919_bearb_filter-e1586943257644-768x292.jpg 768w, https:\/\/lomestar.de\/abi-shirts\/wp-content\/uploads\/sites\/3\/2020\/04\/DSC05919_bearb_filter-e1586943257644-1536x583.jpg 1536w, https:\/\/lomestar.de\/abi-shirts\/wp-content\/uploads\/sites\/3\/2020\/04\/DSC05919_bearb_filter-e1586943257644-600x228.jpg 600w, https:\/\/lomestar.de\/abi-shirts\/wp-content\/uploads\/sites\/3\/2020\/04\/DSC05919_bearb_filter-e1586943257644.jpg 1772w\" sizes=\"(max-width: 1024px) 100vw, 1024px\" \/>\t\t\t\t\t\t\t\t\t\t\t\t\t\t\t<\/div>\n\t\t\t\t<\/div>\n\t\t\t\t<div class=\"elementor-element elementor-element-c0b0a81 elementor-widget elementor-widget-spacer\" data-id=\"c0b0a81\" data-element_type=\"widget\" data-e-type=\"widget\" data-widget_type=\"spacer.default\">\n\t\t\t\t<div class=\"elementor-widget-container\">\n\t\t\t\t\t\t\t<div class=\"elementor-spacer\">\n\t\t\t<div class=\"elementor-spacer-inner\"><\/div>\n\t\t<\/div>\n\t\t\t\t\t\t<\/div>\n\t\t\t\t<\/div>\n\t\t\t\t\t<\/div>\n\t\t<\/div>\n\t\t\t\t\t<\/div>\n\t\t<\/section>\n\t\t\t\t<section class=\"elementor-section elementor-top-section elementor-element elementor-element-55d1c75 elementor-section-boxed elementor-section-height-default elementor-section-height-default\" data-id=\"55d1c75\" data-element_type=\"section\" data-e-type=\"section\">\n\t\t\t\t\t\t\t<div class=\"elementor-background-overlay\"><\/div>\n\t\t\t\t\t\t\t<div class=\"elementor-container elementor-column-gap-default\">\n\t\t\t\t\t<div class=\"elementor-column elementor-col-50 elementor-top-column elementor-element elementor-element-a1710ec\" data-id=\"a1710ec\" data-element_type=\"column\" data-e-type=\"column\">\n\t\t\t<div class=\"elementor-widget-wrap elementor-element-populated\">\n\t\t\t\t\t\t<div class=\"elementor-element elementor-element-b0640f7 elementor-widget elementor-widget-text-editor\" data-id=\"b0640f7\" data-element_type=\"widget\" data-e-type=\"widget\" data-widget_type=\"text-editor.default\">\n\t\t\t\t<div class=\"elementor-widget-container\">\n\t\t\t\t\t\t\t\t\t<h3 class=\"elementor-heading-title elementor-size-default elementor-inline-editing pen\" style=\"font-style: normal\" data-elementor-setting-key=\"title\" data-pen-placeholder=\"Eingabe hier...\">Zahlung<\/h3>\t\t\t\t\t\t\t\t<\/div>\n\t\t\t\t<\/div>\n\t\t\t\t<div class=\"elementor-element elementor-element-e4eaef1 elementor-widget elementor-widget-text-editor\" data-id=\"e4eaef1\" data-element_type=\"widget\" data-e-type=\"widget\" data-widget_type=\"text-editor.default\">\n\t\t\t\t<div class=\"elementor-widget-container\">\n\t\t\t\t\t\t\t\t\t<p><span style=\"font-size: 16px;font-style: normal;font-weight: 400\">Eure Bestellung bezahlt ihr per\u00a0<\/span><span style=\"font-size: 16px;font-style: normal;font-weight: bold\">Vorkasse<\/span><span style=\"font-size: 16px;font-style: normal;font-weight: 400\">.<\/span><\/p><p><span style=\"font-size: 16px;font-style: normal;font-weight: 400\">Unser Tipp: Je z\u00fcgiger ihr das Geld einsammelt und den Betrag \u00fcberweist, desto schneller k\u00f6nnen wir eure Shirts drucken.<\/span><span style=\"font-size: 16px;font-style: normal;font-weight: 400\"><br \/><\/span><\/p>\t\t\t\t\t\t\t\t<\/div>\n\t\t\t\t<\/div>\n\t\t\t\t\t<\/div>\n\t\t<\/div>\n\t\t\t\t<div class=\"elementor-column elementor-col-50 elementor-top-column elementor-element elementor-element-0482e7e\" data-id=\"0482e7e\" data-element_type=\"column\" data-e-type=\"column\">\n\t\t\t<div class=\"elementor-widget-wrap elementor-element-populated\">\n\t\t\t\t\t\t<div class=\"elementor-element elementor-element-21e17ae elementor-widget elementor-widget-text-editor\" data-id=\"21e17ae\" data-element_type=\"widget\" data-e-type=\"widget\" data-widget_type=\"text-editor.default\">\n\t\t\t\t<div class=\"elementor-widget-container\">\n\t\t\t\t\t\t\t\t\t<h3 class=\"elementor-heading-title elementor-size-default elementor-inline-editing pen\" style=\"font-style: normal\" data-elementor-setting-key=\"title\" data-pen-placeholder=\"Eingabe hier...\">Versandkosten<\/h3>\t\t\t\t\t\t\t\t<\/div>\n\t\t\t\t<\/div>\n\t\t\t\t<div class=\"elementor-element elementor-element-accd16d elementor-widget elementor-widget-text-editor\" data-id=\"accd16d\" data-element_type=\"widget\" data-e-type=\"widget\" data-widget_type=\"text-editor.default\">\n\t\t\t\t<div class=\"elementor-widget-container\">\n\t\t\t\t\t\t\t\t\t<p><span style=\"font-size: 16px;font-style: normal;font-weight: 400\">Wir berechnen generell eine <\/span><span style=\"font-size: 16px;font-style: normal;font-weight: bold\">Versandkosten<\/span><span style=\"font-size: 16px;font-style: normal;font-weight: bold\">pauschale von 9,50 \u20ac<\/span><span style=\"font-size: 16px;font-style: normal;font-weight: 400\">.\u00a0<\/span><span style=\"font-size: 16px;font-style: normal;font-weight: 400\">Ab einem Warenwert von\u00a0<\/span><span style=\"font-size: 16px;font-style: normal;font-weight: bold\">1000 \u20ac<\/span><span style=\"font-size: 16px;font-style: normal;font-weight: 400\"> bekommt ihr eure Textilien <\/span><span style=\"font-size: 16px;font-style: normal;font-weight: bold\">versandkostenfrei<\/span><span style=\"font-size: 16px;font-style: normal;font-weight: 400\"> zugestellt.<\/span><\/p>\t\t\t\t\t\t\t\t<\/div>\n\t\t\t\t<\/div>\n\t\t\t\t\t<\/div>\n\t\t<\/div>\n\t\t\t\t\t<\/div>\n\t\t<\/section>\n\t\t\t\t<section class=\"elementor-section elementor-top-section elementor-element elementor-element-84c8781 elementor-section-boxed elementor-section-height-default elementor-section-height-default\" data-id=\"84c8781\" data-element_type=\"section\" data-e-type=\"section\">\n\t\t\t\t\t\t<div class=\"elementor-container elementor-column-gap-default\">\n\t\t\t\t\t<div class=\"elementor-column elementor-col-50 elementor-top-column elementor-element elementor-element-3fe83e2\" data-id=\"3fe83e2\" data-element_type=\"column\" data-e-type=\"column\">\n\t\t\t<div class=\"elementor-widget-wrap elementor-element-populated\">\n\t\t\t\t\t\t<div class=\"elementor-element elementor-element-805bdcc elementor-widget elementor-widget-text-editor\" data-id=\"805bdcc\" data-element_type=\"widget\" data-e-type=\"widget\" data-widget_type=\"text-editor.default\">\n\t\t\t\t<div class=\"elementor-widget-container\">\n\t\t\t\t\t\t\t\t\t<h3 class=\"elementor-heading-title elementor-size-default elementor-inline-editing pen\" style=\"font-style: normal\" data-elementor-setting-key=\"title\" data-pen-placeholder=\"Eingabe hier...\">Lieferzeit<\/h3>\t\t\t\t\t\t\t\t<\/div>\n\t\t\t\t<\/div>\n\t\t\t\t<div class=\"elementor-element elementor-element-55c8e6e elementor-widget elementor-widget-text-editor\" data-id=\"55c8e6e\" data-element_type=\"widget\" data-e-type=\"widget\" data-widget_type=\"text-editor.default\">\n\t\t\t\t<div class=\"elementor-widget-container\">\n\t\t\t\t\t\t\t\t\t<p style=\"font-size: 16px;font-style: normal;font-weight: 400\">Die Lieferung der Textilien erfolgt f\u00fcr gew\u00f6hnlich innerhalb 20 Arbeitstagen nach erfolgter Best\u00e4tigung der Druckvorschau. Je nach Druckverfahren und Auftragslage kann die Lieferzeit variieren.\u00a0<\/p><p style=\"font-size: 16px;font-style: normal;font-weight: 400\"><span style=\"font-size: 16px\">Bitte nennt uns immer euren <span style=\"font-weight: bold\">Wunschtermin<\/span>, damit wir versuchen k\u00f6nnen, diesen f\u00fcr euch zu realisieren.<\/span><\/p>\t\t\t\t\t\t\t\t<\/div>\n\t\t\t\t<\/div>\n\t\t\t\t\t<\/div>\n\t\t<\/div>\n\t\t\t\t<div class=\"elementor-column elementor-col-50 elementor-top-column elementor-element elementor-element-d94762c\" data-id=\"d94762c\" data-element_type=\"column\" data-e-type=\"column\">\n\t\t\t<div class=\"elementor-widget-wrap elementor-element-populated\">\n\t\t\t\t\t\t<div class=\"elementor-element elementor-element-39600ac elementor-widget elementor-widget-text-editor\" data-id=\"39600ac\" data-element_type=\"widget\" data-e-type=\"widget\" data-widget_type=\"text-editor.default\">\n\t\t\t\t<div class=\"elementor-widget-container\">\n\t\t\t\t\t\t\t\t\t<h3 class=\"elementor-heading-title elementor-size-default elementor-inline-editing pen\" style=\"font-style: normal\" data-elementor-setting-key=\"title\" data-pen-placeholder=\"Eingabe hier...\">Expresslieferung<\/h3>\t\t\t\t\t\t\t\t<\/div>\n\t\t\t\t<\/div>\n\t\t\t\t<div class=\"elementor-element elementor-element-1b9c874 elementor-widget elementor-widget-text-editor\" data-id=\"1b9c874\" data-element_type=\"widget\" data-e-type=\"widget\" data-widget_type=\"text-editor.default\">\n\t\t\t\t<div class=\"elementor-widget-container\">\n\t\t\t\t\t\t\t\t\t<p><span style=\"font-size: 16px;font-style: normal;font-weight: 400\">Eine Expresslieferung ist gegen <\/span><span style=\"font-size: 16px;font-style: normal;font-weight: bold\">Aufpreis<\/span><span style=\"font-size: 16px;font-style: normal;font-weight: 400\">\u00a0m\u00f6glich. Ihr erhaltet eure Abschluss-Textilien innerhalb\u00a0<\/span><span style=\"font-size: 16px;font-style: normal;font-weight: bold\">k\u00fcrzester Zeit<\/span><span style=\"font-size: 16px;font-style: normal;font-weight: 400\">. Um die genauen Kosten zu bestimmen, sprecht uns einfach an!<\/span><\/p>\t\t\t\t\t\t\t\t<\/div>\n\t\t\t\t<\/div>\n\t\t\t\t\t<\/div>\n\t\t<\/div>\n\t\t\t\t\t<\/div>\n\t\t<\/section>\n\t\t\t\t<\/div>\n\t\t","protected":false},"excerpt":{"rendered":"<p>Abi-Shirts &#8211; P\u00fcnktlich und schnell Wir liefern euch geniale Abi-Motive, erstellen euch aber auch ein Motiv nach euren eigenen W\u00fcnschen.\u00a0Dabei steht euch eine gro\u00dfe Auswahl an verschiedensten Textilien zur Auswahl. Zahlung Eure Bestellung bezahlt ihr per\u00a0Vorkasse. Unser Tipp: Je z\u00fcgiger ihr das Geld einsammelt und den Betrag \u00fcberweist, desto schneller k\u00f6nnen wir eure Shirts drucken. [&hellip;]<\/p>\n","protected":false},"author":3,"featured_media":0,"parent":0,"menu_order":0,"comment_status":"closed","ping_status":"closed","template":"","meta":{"site-sidebar-layout":"no-sidebar","site-content-layout":"page-builder","ast-site-content-layout":"default","site-content-style":"default","site-sidebar-style":"default","ast-global-header-display":"","ast-banner-title-visibility":"","ast-main-header-display":"","ast-hfb-above-header-display":"","ast-hfb-below-header-display":"","ast-hfb-mobile-header-display":"","site-post-title":"disabled","ast-breadcrumbs-content":"","ast-featured-img":"disabled","footer-sml-layout":"","ast-disable-related-posts":"","theme-transparent-header-meta":"default","adv-header-id-meta":"","stick-header-meta":"default","header-above-stick-meta":"","header-main-stick-meta":"","header-below-stick-meta":"","astra-migrate-meta-layouts":"default","ast-page-background-enabled":"default","ast-page-background-meta":{"desktop":{"background-color":"","background-image":"","background-repeat":"repeat","background-position":"center center","background-size":"auto","background-attachment":"scroll","background-type":"","background-media":"","overlay-type":"","overlay-color":"","overlay-opacity":"","overlay-gradient":""},"tablet":{"background-color":"","background-image":"","background-repeat":"repeat","background-position":"center center","background-size":"auto","background-attachment":"scroll","background-type":"","background-media":"","overlay-type":"","overlay-color":"","overlay-opacity":"","overlay-gradient":""},"mobile":{"background-color":"","background-image":"","background-repeat":"repeat","background-position":"center center","background-size":"auto","background-attachment":"scroll","background-type":"","background-media":"","overlay-type":"","overlay-color":"","overlay-opacity":"","overlay-gradient":""}},"ast-content-background-meta":{"desktop":{"background-color":"var(--ast-global-color-5)","background-image":"","background-repeat":"repeat","background-position":"center center","background-size":"auto","background-attachment":"scroll","background-type":"","background-media":"","overlay-type":"","overlay-color":"","overlay-opacity":"","overlay-gradient":""},"tablet":{"background-color":"var(--ast-global-color-5)","background-image":"","background-repeat":"repeat","background-position":"center center","background-size":"auto","background-attachment":"scroll","background-type":"","background-media":"","overlay-type":"","overlay-color":"","overlay-opacity":"","overlay-gradient":""},"mobile":{"background-color":"var(--ast-global-color-5)","background-image":"","background-repeat":"repeat","background-position":"center center","background-size":"auto","background-attachment":"scroll","background-type":"","background-media":"","overlay-type":"","overlay-color":"","overlay-opacity":"","overlay-gradient":""}},"footnotes":""},"folder":[],"class_list":["post-3193","page","type-page","status-publish","hentry"],"_links":{"self":[{"href":"https:\/\/lomestar.de\/abi-shirts\/wp-json\/wp\/v2\/pages\/3193","targetHints":{"allow":["GET"]}}],"collection":[{"href":"https:\/\/lomestar.de\/abi-shirts\/wp-json\/wp\/v2\/pages"}],"about":[{"href":"https:\/\/lomestar.de\/abi-shirts\/wp-json\/wp\/v2\/types\/page"}],"author":[{"embeddable":true,"href":"https:\/\/lomestar.de\/abi-shirts\/wp-json\/wp\/v2\/users\/3"}],"replies":[{"embeddable":true,"href":"https:\/\/lomestar.de\/abi-shirts\/wp-json\/wp\/v2\/comments?post=3193"}],"version-history":[{"count":0,"href":"https:\/\/lomestar.de\/abi-shirts\/wp-json\/wp\/v2\/pages\/3193\/revisions"}],"wp:attachment":[{"href":"https:\/\/lomestar.de\/abi-shirts\/wp-json\/wp\/v2\/media?parent=3193"}],"wp:term":[{"taxonomy":"folder","embeddable":true,"href":"https:\/\/lomestar.de\/abi-shirts\/wp-json\/wp\/v2\/folder?post=3193"}],"curies":[{"name":"wp","href":"https:\/\/api.w.org\/{rel}","templated":true}]}}